{"id":26009,"date":"2021-07-23T02:16:13","date_gmt":"2021-07-22T23:16:13","guid":{"rendered":"https:\/\/hookahshop.lt\/?post_type=product&#038;p=26009"},"modified":"2026-04-15T23:29:02","modified_gmt":"2026-04-15T20:29:02","slug":"kolba-kaljanui-bigmaks-rainbow-2","status":"publish","type":"product","link":"https:\/\/hookahshop.lt\/lv\/produkt\/kolba-for-udenspipe-lielais-varaviksne-2\/","title":{"rendered":"Kolba \u016bdensp\u012bpei BIGMAKS Rainbow"},"content":{"rendered":"<h2>Kolba \u016bdensp\u012bpei BIGMAKS Rainbow<\/h2>\n<p>Kolba ir piram\u012bdas formas, kas ir viena no popul\u0101r\u0101kaj\u0101m. BIGMAKS Rainbow kolbai ir skaists varav\u012bksnes tonis, t\u0101 ir caursp\u012bd\u012bga kr\u0101sa un \u016bdens l\u012bmenis ir viegli paman\u0101ms.<\/p>\n<p><strong><span title=\"\">Specifik\u0101cijas:<\/span><\/strong><br \/>\nAugstums: ~ 258 mm<br \/>\nSvars: ~ 1790 g<br \/>\nKakla iek\u0161\u0113jais diametrs: apm\u0113ram 71 mm<br \/>\nKakla \u0101r\u0113jais diametrs: apm\u0113ram 47 mm<br \/>\nMateri\u0101ls: krist\u0101la stikls<\/p>\n<p>Vai jums ir k\u0101di jaut\u0101jumi? Sazinies ar mums\u00a0<a href=\"https:\/\/hookahshop.lt\/lv\/kontaktiem\/\">kontaktu lapa<\/a>\u00a0vai rakstiet mums pa e-pastu\u00a0<a href=\"https:\/\/facebook.com\/HookahShop.lt\/\" target=\"_blank\" rel=\"noopener noreferrer\">Facebook konts<\/a> un m\u0113s atbild\u0113sim uz j\u016bsu piepras\u012bjumu taj\u0101 pa\u0161\u0101 dien\u0101.<\/p>\n<p>&nbsp;<\/p>","protected":false},"excerpt":{"rendered":"<p>Kolba \u016bdensp\u012bpei BIGMAKS Rainbow Flask ir piram\u012bdas forma, kas ir viena no popul\u0101r\u0101kaj\u0101m. BIGMAKS Rainbow kolbai ir skaists varav\u012bksnes tonis, t\u0101 ir caursp\u012bd\u012bga kr\u0101sa un \u016bdens l\u012bmenis ir labi redzams. Specifik\u0101cijas: Augstums: ~ 258 mm Svars: ~ 1790 g Kakla iek\u0161\u0113jais diametrs: apm. 71 mm Kakla \u0101r\u0113jais diametrs: aptuveni 47 mm Materi\u0101ls: krist\u0101la stikls. Sazinieties ar mums, izmantojot m\u016bsu kontaktinform\u0101ciju [\u2026]<\/p>","protected":false},"featured_media":26010,"comment_status":"open","ping_status":"closed","template":"","meta":[],"_links":{"self":[{"href":"https:\/\/hookahshop.lt\/lv\/wp-json\/wp\/v2\/product\/26009"}],"collection":[{"href":"https:\/\/hookahshop.lt\/lv\/wp-json\/wp\/v2\/product"}],"about":[{"href":"https:\/\/hookahshop.lt\/lv\/wp-json\/wp\/v2\/types\/product"}],"replies":[{"embeddable":true,"href":"https:\/\/hookahshop.lt\/lv\/wp-json\/wp\/v2\/comments?post=26009"}],"version-history":[{"count":4,"href":"https:\/\/hookahshop.lt\/lv\/wp-json\/wp\/v2\/product\/26009\/revisions"}],"predecessor-version":[{"id":45068,"href":"https:\/\/hookahshop.lt\/lv\/wp-json\/wp\/v2\/product\/26009\/revisions\/45068"}],"wp:featuredmedia":[{"embeddable":true,"href":"https:\/\/hookahshop.lt\/lv\/wp-json\/wp\/v2\/media\/26010"}],"wp:attachment":[{"href":"https:\/\/hookahshop.lt\/lv\/wp-json\/wp\/v2\/media?parent=26009"}],"curies":[{"name":"wp","href":"https:\/\/api.w.org\/{rel}","templated":true}]}}