{"id":26058,"date":"2021-07-29T16:35:27","date_gmt":"2021-07-29T13:35:27","guid":{"rendered":"https:\/\/hookahshop.lt\/?post_type=product&#038;p=26058"},"modified":"2026-04-20T23:29:10","modified_gmt":"2026-04-20T20:29:10","slug":"krepsys-kaljanui-target-46cm","status":"publish","type":"product","link":"https:\/\/hookahshop.lt\/lv\/produkt\/grozs-for-udenspipe-merkis-46cm\/","title":{"rendered":"Soma ar \u0101\u0137i TARGET 46cm"},"content":{"rendered":"<h2>Soma ar \u0101\u0137i TARGET 46cm<\/h2>\n<p>T\u0101 ir daudzpus\u012bga, iztur\u012bga soma, kas saglab\u0101 savu formu, pateicoties iztur\u012bgajam materi\u0101lam, un taj\u0101 ir daudz vietas kolbai, k\u0101ti\u0146ai, iemutnei, pl\u0101ksnei, \u0161\u013c\u016btenei un \u016bdensp\u012bpes piederumiem.<br \/>\nPiem\u0113rots pa\u0146em\u0161anai vai maz\u0101m \u016bdensp\u012bp\u0113m.<\/p>\n<p>Specifik\u0101cijas:<\/p>\n<p>Augstums: ~46,5 cm.<br \/>\nDiametrs: 24 cm.<br \/>\nSvars: 900 g.<\/p>\n<p>Apr\u012bkojums:<br \/>\nSoma, pakl\u0101ji\u0146\u0161 un \u016bdensp\u012bpes tur\u0113t\u0101js (iederas somas iek\u0161pus\u0113).<\/p>\n<p>Vai jums ir k\u0101di jaut\u0101jumi? Sazinies ar mums\u00a0<a href=\"https:\/\/hookahshop.lt\/lv\/kontaktiem\/\">kontaktu lapa<\/a>\u00a0vai rakstiet mums pa e-pastu\u00a0<a href=\"https:\/\/facebook.com\/HookahShop.lt\/\" target=\"_blank\" rel=\"noopener noreferrer\">Facebook konts<\/a>\u00a0un m\u0113s atbild\u0113sim uz j\u016bsu piepras\u012bjumu taj\u0101 pa\u0161\u0101 dien\u0101.<\/p>","protected":false},"excerpt":{"rendered":"<p>\u016adensp\u012bpes soma TARGET 46cm \u0160\u012b ir daudzpus\u012bga, iztur\u012bga soma, kas saglab\u0101 savu formu, pateicoties iztur\u012bgam materi\u0101lam un kur\u0101 ir daudz vietas kolbai, k\u0101ti\u0146ai, iemutnei, pl\u0101ksnei, \u0161\u013c\u016btenei un \u016bdensp\u012bpes piederumiem. Piem\u0113rots pa\u0146em\u0161anai vai maz\u0101m \u016bdensp\u012bp\u0113m. Specifik\u0101cijas: Augstums: ~46,5 cm. Diametrs: 24 cm. Svars: 900 g. Pilns komplekts: Soma, pakl\u0101ji\u0146\u0161 un \u016bdensp\u012bpes tur\u0113t\u0101js (vietas somas iek\u0161pus\u0113). Vai jums ir k\u0101di jaut\u0101jumi? Sazinieties ar [\u2026]<\/p>","protected":false},"featured_media":26059,"comment_status":"open","ping_status":"closed","template":"","meta":[],"_links":{"self":[{"href":"https:\/\/hookahshop.lt\/lv\/wp-json\/wp\/v2\/product\/26058"}],"collection":[{"href":"https:\/\/hookahshop.lt\/lv\/wp-json\/wp\/v2\/product"}],"about":[{"href":"https:\/\/hookahshop.lt\/lv\/wp-json\/wp\/v2\/types\/product"}],"replies":[{"embeddable":true,"href":"https:\/\/hookahshop.lt\/lv\/wp-json\/wp\/v2\/comments?post=26058"}],"version-history":[{"count":3,"href":"https:\/\/hookahshop.lt\/lv\/wp-json\/wp\/v2\/product\/26058\/revisions"}],"predecessor-version":[{"id":29888,"href":"https:\/\/hookahshop.lt\/lv\/wp-json\/wp\/v2\/product\/26058\/revisions\/29888"}],"wp:featuredmedia":[{"embeddable":true,"href":"https:\/\/hookahshop.lt\/lv\/wp-json\/wp\/v2\/media\/26059"}],"wp:attachment":[{"href":"https:\/\/hookahshop.lt\/lv\/wp-json\/wp\/v2\/media?parent=26058"}],"curies":[{"name":"wp","href":"https:\/\/api.w.org\/{rel}","templated":true}]}}