{"id":26111,"date":"2021-08-02T17:38:18","date_gmt":"2021-08-02T14:38:18","guid":{"rendered":"https:\/\/hookahshop.lt\/?post_type=product&#038;p=26111"},"modified":"2026-04-16T23:29:30","modified_gmt":"2026-04-16T20:29:30","slug":"tarpine-kaljano-taurelei-hoob-black","status":"publish","type":"product","link":"https:\/\/hookahshop.lt\/lv\/produkt\/starpposma-udenspipes-kauss-hoob-melns\/","title":{"rendered":"Bl\u012bve \u016bdensp\u012bpes kr\u016bzei HOOB Black"},"content":{"rendered":"<h2>Bl\u012bve \u016bdensp\u012bpes kr\u016bzei HOOB Black<\/h2>\n<p>\u0160is stiprin\u0101jums pal\u012bdz stingri piestiprin\u0101t kr\u016bz\u012bti pie \u016bdensp\u012bpes.<\/p>\n<p>Kr\u0101sa melna<\/p>\n<p>Vai jums ir k\u0101di jaut\u0101jumi? Sazinies ar mums\u00a0<a href=\"https:\/\/hookahshop.lt\/lv\/kontaktiem\/\">kontaktu lapa<\/a>\u00a0vai rakstiet mums pa e-pastu\u00a0<a href=\"https:\/\/facebook.com\/HookahShop.lt\/\" target=\"_blank\" rel=\"noopener noreferrer\">Facebook konts<\/a>\u00a0un m\u0113s atbild\u0113sim uz j\u016bsu piepras\u012bjumu taj\u0101 pa\u0161\u0101 dien\u0101.<\/p>","protected":false},"excerpt":{"rendered":"<p>Bl\u012bve \u016bdensp\u012bpes kr\u016bzei HOOB Black \u0160is piederums pal\u012bdz cie\u0161i piestiprin\u0101t kr\u016bz\u012bti pie \u016bdensp\u012bpes. Kr\u0101sa: melna Vai jums ir k\u0101di jaut\u0101jumi? Sazinieties ar mums kontaktu lap\u0101 vai rakstiet mums uz m\u016bsu Facebook kontu un m\u0113s atbild\u0113sim uz j\u016bsu piepras\u012bjumu taj\u0101 pa\u0161\u0101 dien\u0101.<\/p>","protected":false},"featured_media":27545,"comment_status":"open","ping_status":"closed","template":"","meta":[],"_links":{"self":[{"href":"https:\/\/hookahshop.lt\/lv\/wp-json\/wp\/v2\/product\/26111"}],"collection":[{"href":"https:\/\/hookahshop.lt\/lv\/wp-json\/wp\/v2\/product"}],"about":[{"href":"https:\/\/hookahshop.lt\/lv\/wp-json\/wp\/v2\/types\/product"}],"replies":[{"embeddable":true,"href":"https:\/\/hookahshop.lt\/lv\/wp-json\/wp\/v2\/comments?post=26111"}],"version-history":[{"count":3,"href":"https:\/\/hookahshop.lt\/lv\/wp-json\/wp\/v2\/product\/26111\/revisions"}],"predecessor-version":[{"id":27543,"href":"https:\/\/hookahshop.lt\/lv\/wp-json\/wp\/v2\/product\/26111\/revisions\/27543"}],"wp:featuredmedia":[{"embeddable":true,"href":"https:\/\/hookahshop.lt\/lv\/wp-json\/wp\/v2\/media\/27545"}],"wp:attachment":[{"href":"https:\/\/hookahshop.lt\/lv\/wp-json\/wp\/v2\/media?parent=26111"}],"curies":[{"name":"wp","href":"https:\/\/api.w.org\/{rel}","templated":true}]}}