{"id":26116,"date":"2021-08-02T17:48:37","date_gmt":"2021-08-02T14:48:37","guid":{"rendered":"https:\/\/hookahshop.lt\/?post_type=product&#038;p=26116"},"modified":"2026-04-16T23:29:29","modified_gmt":"2026-04-16T20:29:29","slug":"tarpine-kaljano-kolbai-hoob-space-grey","status":"publish","type":"product","link":"https:\/\/hookahshop.lt\/lv\/produkt\/spacer-udenspipes-kolbas-hoob-space-grey\/","title":{"rendered":"Bl\u012bve \u016bdensp\u012bpes kolbai HOOB Space Grey"},"content":{"rendered":"<h2>Bl\u012bve \u016bdensp\u012bpes kolbai HOOB Space Grey<\/h2>\n<p>Augstas kvalit\u0101tes silikona bl\u012bve \u016bdensp\u012bpes kolbai. Piem\u0113rots liel\u0101kajai da\u013cai \u016bdensp\u012bpes. P\u0101rkl\u0101juma d\u0113\u013c tie nesl\u012bd un nenokr\u012bt.<\/p>\n<p>Vai jums ir k\u0101di jaut\u0101jumi? Sazinies ar mums\u00a0<a href=\"https:\/\/hookahshop.lt\/lv\/kontaktiem\/\">kontaktu lapa<\/a>\u00a0vai rakstiet mums pa e-pastu\u00a0<a href=\"https:\/\/facebook.com\/HookahShop.lt\/\" target=\"_blank\" rel=\"noopener noreferrer\">Facebook konts<\/a>\u00a0un m\u0113s atbild\u0113sim uz j\u016bsu piepras\u012bjumu taj\u0101 pa\u0161\u0101 dien\u0101.<\/p>","protected":false},"excerpt":{"rendered":"<p>Starplika \u016bdensp\u012bpes kolb\u0101m HOOB Space Grey Augstas kvalit\u0101tes silikona starplikas \u016bdensp\u012bpes kolb\u0101m. Piem\u0113rots daudz\u0101m \u016bdensp\u012bp\u0113m. Pateicoties p\u0101rkl\u0101jumam, tie nesl\u012bd un nenokr\u012bt. Vai jums ir k\u0101di jaut\u0101jumi? Sazinieties ar mums kontaktu lap\u0101 vai rakstiet mums Facebook, un m\u0113s atbild\u0113sim uz j\u016bsu piepras\u012bjumu taj\u0101 pa\u0161\u0101 dien\u0101.<\/p>","protected":false},"featured_media":27549,"comment_status":"open","ping_status":"closed","template":"","meta":[],"_links":{"self":[{"href":"https:\/\/hookahshop.lt\/lv\/wp-json\/wp\/v2\/product\/26116"}],"collection":[{"href":"https:\/\/hookahshop.lt\/lv\/wp-json\/wp\/v2\/product"}],"about":[{"href":"https:\/\/hookahshop.lt\/lv\/wp-json\/wp\/v2\/types\/product"}],"replies":[{"embeddable":true,"href":"https:\/\/hookahshop.lt\/lv\/wp-json\/wp\/v2\/comments?post=26116"}],"version-history":[{"count":2,"href":"https:\/\/hookahshop.lt\/lv\/wp-json\/wp\/v2\/product\/26116\/revisions"}],"predecessor-version":[{"id":29568,"href":"https:\/\/hookahshop.lt\/lv\/wp-json\/wp\/v2\/product\/26116\/revisions\/29568"}],"wp:featuredmedia":[{"embeddable":true,"href":"https:\/\/hookahshop.lt\/lv\/wp-json\/wp\/v2\/media\/27549"}],"wp:attachment":[{"href":"https:\/\/hookahshop.lt\/lv\/wp-json\/wp\/v2\/media?parent=26116"}],"curies":[{"name":"wp","href":"https:\/\/api.w.org\/{rel}","templated":true}]}}