{"id":26133,"date":"2021-08-02T19:09:57","date_gmt":"2021-08-02T16:09:57","guid":{"rendered":"https:\/\/hookahshop.lt\/?post_type=product&#038;p=26133"},"modified":"2026-04-19T23:28:54","modified_gmt":"2026-04-19T20:28:54","slug":"kaljanas-doosha-hookah-basic-black","status":"publish","type":"product","link":"https:\/\/hookahshop.lt\/lv\/produkt\/udenspipe-doosha-udenspipe-pamata-melna\/","title":{"rendered":"\u016adensp\u012bpe DOOSHA HOOKAH Basic Black"},"content":{"rendered":"<h2>\u016adensp\u012bpe DOOSHA HOOKAH Basic Black<\/h2>\n<p>Jauns un ekskluz\u012bvs uz\u0146\u0113muma Doosha Hookah modelis. \u016adensp\u012bpe DOOSHA HOOKAH Basic Black ir \u016bdensp\u012bpe, kas izcels tavu stilu un dz\u012bves ritmu.<\/p>\n<p><strong>Apr\u012bkojums:<\/strong><br \/>\n\u016adensp\u012bpe<br \/>\nNer\u016bs\u0113jo\u0161\u0101 t\u0113rauda iemutnis<br \/>\nPlate<br \/>\nBl\u012bves<br \/>\nSoft Touch silikona \u0161\u013c\u016btene<br \/>\nMagn\u0113tiskais savienojums<br \/>\nUzl\u012bmju komplekts (dekor\u0113\u0161anai)<br \/>\nChalice OBLAKO DOOSHA<\/p>\n<p><strong>Specifik\u0101cijas:<\/strong><br \/>\nIek\u0161\u0113jais v\u0101rpstas diametrs: 12 mm<br \/>\nPl\u0101ksnes diametrs: 17 cm<br \/>\nMutes garums: 30 cm<br \/>\n\u016adensp\u012bpes augstums bez kolbas: 44,8 cm<\/p>\n<p>Vai jums ir k\u0101di jaut\u0101jumi? Sazinies ar mums\u00a0<a href=\"https:\/\/hookahshop.lt\/lv\/kontaktiem\/\">kontaktu lapa<\/a>\u00a0vai rakstiet mums pa e-pastu\u00a0<a href=\"https:\/\/facebook.com\/HookahShop.lt\/\" target=\"_blank\" rel=\"noopener noreferrer\">Facebook konts<\/a>\u00a0un m\u0113s atbild\u0113sim uz j\u016bsu piepras\u012bjumu taj\u0101 pa\u0161\u0101 dien\u0101.<\/p>","protected":false},"excerpt":{"rendered":"<p>\u016adensp\u012bpe DOOSHA HOOKAH Basic Black Jauns un ekskluz\u012bvs &quot;Doosha Hookah&quot; komp\u0101nijas modelis. \u016adensp\u012bpe DOOSHA HOOKAH Basic Black ir \u016bdensp\u012bpe, kas izcels tavu stilu un dz\u012bves ritmu. Pilns komplekts: \u016adensp\u012bpe Ner\u016bs\u0113jo\u0161\u0101 t\u0113rauda iemutnis Pl\u0101ksne Bl\u012bve Silikona \u0161\u013c\u016btene &quot;Soft Touch&quot; Magn\u0113tiskais savienojums Uzl\u012bmju komplekts (dekor\u0113\u0161anai) Kr\u016bz\u012bte OBLAKO DOOSHA Specifik\u0101cijas: Iek\u0161\u0113jais v\u0101rpstas diametrs: 12 mm Pl\u0101ksnes diametrs: [\u2026]<\/p>","protected":false},"featured_media":26134,"comment_status":"open","ping_status":"closed","template":"","meta":[],"_links":{"self":[{"href":"https:\/\/hookahshop.lt\/lv\/wp-json\/wp\/v2\/product\/26133"}],"collection":[{"href":"https:\/\/hookahshop.lt\/lv\/wp-json\/wp\/v2\/product"}],"about":[{"href":"https:\/\/hookahshop.lt\/lv\/wp-json\/wp\/v2\/types\/product"}],"replies":[{"embeddable":true,"href":"https:\/\/hookahshop.lt\/lv\/wp-json\/wp\/v2\/comments?post=26133"}],"version-history":[{"count":5,"href":"https:\/\/hookahshop.lt\/lv\/wp-json\/wp\/v2\/product\/26133\/revisions"}],"predecessor-version":[{"id":34423,"href":"https:\/\/hookahshop.lt\/lv\/wp-json\/wp\/v2\/product\/26133\/revisions\/34423"}],"wp:featuredmedia":[{"embeddable":true,"href":"https:\/\/hookahshop.lt\/lv\/wp-json\/wp\/v2\/media\/26134"}],"wp:attachment":[{"href":"https:\/\/hookahshop.lt\/lv\/wp-json\/wp\/v2\/media?parent=26133"}],"curies":[{"name":"wp","href":"https:\/\/api.w.org\/{rel}","templated":true}]}}