{"id":26201,"date":"2021-08-03T23:16:31","date_gmt":"2021-08-03T20:16:31","guid":{"rendered":"https:\/\/hookahshop.lt\/?post_type=product&#038;p=26201"},"modified":"2026-05-13T23:29:32","modified_gmt":"2026-05-13T20:29:32","slug":"taurele-kaljanui-kong-lava-razor-black","status":"publish","type":"product","link":"https:\/\/hookahshop.lt\/lv\/produkt\/kauss-udenspipe-kong-lava-zilete-melns\/","title":{"rendered":"Kauss \u016bdensp\u012bpei KONG Lava Razor Black"},"content":{"rendered":"<h2>Kauss \u016bdensp\u012bpei KONG Lava Razor Black<\/h2>\n<p>Kong Lava Razor Cup ir jauns produkts tirg\u016b. \u0160\u012b \u016bdensp\u012bpes kr\u016bze ar unik\u0101lu formu un kr\u0101su kombin\u0101ciju izce\u013cas ar savu kvalit\u0101ti un p\u0101rraid\u012bt\u0101s gar\u0161as \u012bpa\u0161\u012bb\u0101m. \u0160ai m\u0101la kr\u016bzei ir pl\u0101nas sienas, kas \u013cauj viegli kontrol\u0113t siltumu un piln\u012bb\u0101 izbaud\u012bt \u016bdensp\u012bpes prieku. Premium kvalit\u0101tes Kong kr\u016bz\u012btei ir ne tikai unik\u0101ls dizains, bet ar\u012b ilgsto\u0161as \u012bpa\u0161\u012bbas. Pl\u0101n\u0101s sienas nenoz\u012bm\u0113, ka no kr\u016bzes dr\u012bz s\u0101ks tec\u0113t s\u012brups, jo Kong uz\u0146\u0113mums nodro\u0161ina, ka vi\u0146u kr\u016bzes kalpos ilgi.<\/p>\n<p>Vai jums ir k\u0101di jaut\u0101jumi? Sazinies ar mums\u00a0<a href=\"https:\/\/hookahshop.lt\/lv\/kontaktiem\/\">kontaktu lapa<\/a>\u00a0vai rakstiet mums pa e-pastu\u00a0<a href=\"https:\/\/facebook.com\/HookahShop.lt\/\" target=\"_blank\" rel=\"noopener noreferrer\">Facebook konts<\/a>\u00a0un m\u0113s atbild\u0113sim uz j\u016bsu piepras\u012bjumu taj\u0101 pa\u0161\u0101 dien\u0101.<\/p>","protected":false},"excerpt":{"rendered":"<p>B\u013coda \u016bdensp\u012bpei KONG Lava Razor Black Kong Lava Razor b\u013coda ir jauns produkts tirg\u016b. \u0160\u012b \u016bdensp\u012bpes kr\u016bze ar unik\u0101lu formu un kr\u0101su kombin\u0101ciju izce\u013cas ar savu kvalit\u0101ti un p\u0101rs\u016bt\u012bt\u0101s gar\u0161as \u012bpa\u0161\u012bb\u0101m. \u0160ai m\u0101la kr\u016bzei ir pl\u0101nas sienas, kas \u013cauj viegli kontrol\u0113t siltumu un izbaud\u012bt pilnu \u016bdensp\u012bpes prieku. Premium kvalit\u0101tes Kong kauss ir ne tikai ekskluz\u012bvs dizains, [...]<\/p>","protected":false},"featured_media":28537,"comment_status":"open","ping_status":"closed","template":"","meta":[],"_links":{"self":[{"href":"https:\/\/hookahshop.lt\/lv\/wp-json\/wp\/v2\/product\/26201"}],"collection":[{"href":"https:\/\/hookahshop.lt\/lv\/wp-json\/wp\/v2\/product"}],"about":[{"href":"https:\/\/hookahshop.lt\/lv\/wp-json\/wp\/v2\/types\/product"}],"replies":[{"embeddable":true,"href":"https:\/\/hookahshop.lt\/lv\/wp-json\/wp\/v2\/comments?post=26201"}],"version-history":[{"count":3,"href":"https:\/\/hookahshop.lt\/lv\/wp-json\/wp\/v2\/product\/26201\/revisions"}],"predecessor-version":[{"id":37932,"href":"https:\/\/hookahshop.lt\/lv\/wp-json\/wp\/v2\/product\/26201\/revisions\/37932"}],"wp:featuredmedia":[{"embeddable":true,"href":"https:\/\/hookahshop.lt\/lv\/wp-json\/wp\/v2\/media\/28537"}],"wp:attachment":[{"href":"https:\/\/hookahshop.lt\/lv\/wp-json\/wp\/v2\/media?parent=26201"}],"curies":[{"name":"wp","href":"https:\/\/api.w.org\/{rel}","templated":true}]}}