{"id":26494,"date":"2021-08-12T12:40:41","date_gmt":"2021-08-12T09:40:41","guid":{"rendered":"https:\/\/hookahshop.lt\/?post_type=product&#038;p=26494"},"modified":"2026-04-10T23:28:52","modified_gmt":"2026-04-10T20:28:52","slug":"kaljanas-alpha-hookah-beat-vandal","status":"publish","type":"product","link":"https:\/\/hookahshop.lt\/lv\/produkt\/udenspipe-alfa-udenspipe-beat-vandal\/","title":{"rendered":"\u016adensp\u012bpe ALPHA HOOKAH Beat Vandal"},"content":{"rendered":"<h2>\u016adensp\u012bpe ALPHA HOOKAH Beat Vandal<\/h2>\n<p>Ekskluz\u012bvs un dump\u012bgs modelis Beat Vandal (VNDL) no Alpha Hookah komp\u0101nijas. Jauns Beat \u016bdensp\u012bpes dizains, kas lauz\u012bs ierastos stereotipus.<\/p>\n<p><strong>Apr\u012bkojums:<\/strong><br \/>\nV\u0101rpsta<br \/>\nMutes iemutnis<br \/>\nPl\u0101ksne (grav\u0113ta)<br \/>\nSilikona \u0161\u013c\u016btene (m\u012bksts piesk\u0101riens)<br \/>\nIzklied\u0113t\u0101js<br \/>\nMagn\u0113tiskais savienojums<br \/>\nKolba (caursp\u012bd\u012bga vai ton\u0113ta)<\/p>\n<p><img decoding=\"async\" loading=\"lazy\" class=\"alignnone size-medium wp-image-38520\" src=\"https:\/\/hookahshop.lt\/wp-content\/uploads\/2020\/09\/stiebas-kolba-zarna-kandiklis-1-300x273.jpg\" alt=\"- hookahshop.lt\" width=\"300\" height=\"273\" srcset=\"https:\/\/hookahshop.lt\/wp-content\/uploads\/2020\/09\/stiebas-kolba-zarna-kandiklis-1-300x273.jpg 300w, https:\/\/hookahshop.lt\/wp-content\/uploads\/2020\/09\/stiebas-kolba-zarna-kandiklis-1-13x12.jpg 13w, https:\/\/hookahshop.lt\/wp-content\/uploads\/2020\/09\/stiebas-kolba-zarna-kandiklis-1-64x58.jpg 64w, https:\/\/hookahshop.lt\/wp-content\/uploads\/2020\/09\/stiebas-kolba-zarna-kandiklis-1.jpg 420w\" sizes=\"(max-width: 300px) 100vw, 300px\" title=\"\"><\/p>\n<p><strong>Izmantotie materi\u0101li:<\/strong><br \/>\nAugstas kvalit\u0101tes ner\u016bs\u0113jo\u0161ais t\u0113rauds, v\u0101cu poliacet\u0101ls.<\/p>\n<p><strong>Izm\u0113ri:<\/strong><br \/>\nIek\u0161\u0113jais v\u0101rpstas diametrs: 11 mm.<br \/>\nPl\u0101ksnes diametrs: 17 cm.<br \/>\n\u016adensp\u012bpes augstums ar kolbu: 35 cm.<\/p>\n<p><strong>Kolbas kr\u0101sas izv\u0113le: caursp\u012bd\u012bga.<\/strong><\/p>\n<p>Vai jums ir k\u0101di jaut\u0101jumi? Sazinies ar mums\u00a0<a href=\"https:\/\/hookahshop.lt\/lv\/kontaktiem\/\">kontaktu lapa<\/a>\u00a0vai rakstiet mums pa e-pastu\u00a0<a href=\"https:\/\/facebook.com\/HookahShop.lt\/\" target=\"_blank\" rel=\"noopener noreferrer\">Facebook konts<\/a>\u00a0un m\u0113s atbild\u0113sim uz j\u016bsu piepras\u012bjumu taj\u0101 pa\u0161\u0101 dien\u0101.<\/p>","protected":false},"excerpt":{"rendered":"<p>\u016adensp\u012bpe ALPHA HOOKAH Beat Vandal Ekskluz\u012bvs un dump\u012bgs Alpha Hookah komp\u0101nijas Beat Vandal (VNDL) modelis. Jauns Beat \u016bdensp\u012bpes dizains, kas lauz\u012bs ierastos stereotipus. Pilns komplekts: V\u0101rpstas uzga\u013ca pl\u0101ksne (grav\u0113ta) Silikona \u0161\u013c\u016btene (Soft Touch) Difuzors Magn\u0113tiskais savienojums Kolba (caursp\u012bd\u012bga vai ton\u0113ta) Izmantotie materi\u0101li: Augstas kvalit\u0101tes ner\u016bs\u0113jo\u0161ais t\u0113rauds, v\u0101cu poliacet\u0101ls. Izm\u0113ri: Iek\u0161\u0113jais v\u0101rpstas diametrs: 11 mm. Pl\u0101ksnes diametrs: [\u2026]<\/p>","protected":false},"featured_media":33183,"comment_status":"open","ping_status":"closed","template":"","meta":[],"_links":{"self":[{"href":"https:\/\/hookahshop.lt\/lv\/wp-json\/wp\/v2\/product\/26494"}],"collection":[{"href":"https:\/\/hookahshop.lt\/lv\/wp-json\/wp\/v2\/product"}],"about":[{"href":"https:\/\/hookahshop.lt\/lv\/wp-json\/wp\/v2\/types\/product"}],"replies":[{"embeddable":true,"href":"https:\/\/hookahshop.lt\/lv\/wp-json\/wp\/v2\/comments?post=26494"}],"version-history":[{"count":10,"href":"https:\/\/hookahshop.lt\/lv\/wp-json\/wp\/v2\/product\/26494\/revisions"}],"predecessor-version":[{"id":45628,"href":"https:\/\/hookahshop.lt\/lv\/wp-json\/wp\/v2\/product\/26494\/revisions\/45628"}],"wp:featuredmedia":[{"embeddable":true,"href":"https:\/\/hookahshop.lt\/lv\/wp-json\/wp\/v2\/media\/33183"}],"wp:attachment":[{"href":"https:\/\/hookahshop.lt\/lv\/wp-json\/wp\/v2\/media?parent=26494"}],"curies":[{"name":"wp","href":"https:\/\/api.w.org\/{rel}","templated":true}]}}