{"id":26599,"date":"2021-08-16T12:22:53","date_gmt":"2021-08-16T09:22:53","guid":{"rendered":"https:\/\/hookahshop.lt\/?post_type=product&#038;p=26599"},"modified":"2026-04-06T23:28:46","modified_gmt":"2026-04-06T20:28:46","slug":"kaljanas-hekkpipe-hexagon-2-blue","status":"publish","type":"product","link":"https:\/\/hookahshop.lt\/lv\/produkt\/udenspipe-hekkpipe-hexagon-2-blue\/","title":{"rendered":"\u016adensp\u012bpe HEKKPIPE Hexagon 2 Blue"},"content":{"rendered":"<h2>\u016adensp\u012bpe HEKKPIPE Hexagon 2 Blue<\/h2>\n<p>Hekkpipe Hexagon ir unik\u0101la ar rok\u0101m darin\u0101ta p\u0101rn\u0113s\u0101jama \u016bdensp\u012bpe, kas izskat\u0101s unik\u0101la un iespaid\u012bga. Katra se\u0161st\u016bra ir izgatavota kvalitat\u012bvi, katra deta\u013ca tiek kontrol\u0113ta, un tai ir visaugst\u0101kais apdares l\u012bmenis. Pateicoties koka \u012bpa\u0161\u012bb\u0101m, katrs se\u0161st\u016bris ir unik\u0101ls. \u016adensp\u012bpe ir izgatavota no augst\u0101k\u0101s kvalit\u0101tes materi\u0101liem, kas pie\u0161\u0137ir \u0161im izstr\u0101d\u0101jumam iespaid\u012bgu izskatu un ilgu kalpo\u0161anas laiku. Gatavojot \u0161o unik\u0101lo \u016bdensp\u012bpi, pietiek ar vienu 26mm oglekli.<\/p>\n<p><strong>Raksturojums:<\/strong><br \/>\nNav nepiecie\u0161ama folija. Viegls (0,6 kg, ar visiem piederumiem 1 kg) un patie\u0161\u0101m kompakts,<br \/>\nSagatavo\u0161ana aiz\u0146em uz pusi maz\u0101k laika, sal\u012bdzinot ar vid\u0113jo \u016bdensp\u012bpi.<br \/>\nSuper viegli lietojams. Tam ir \u012bpa\u0161s nodal\u012bjums, kas atdala kokogles un tabaku.<br \/>\nSesijas laik\u0101 varat viegli pievienot vai sajaukt tabaku vai ogles.<br \/>\nSesijas laik\u0101 \u0113rti novietojiet tabaku kr\u016bz\u0113, nepieskaroties ogl\u0113m.<br \/>\nMagn\u0113ti zem se\u0161st\u016bra. T\u0101p\u0113c novietojiet to uz met\u0101la virsmas, un \u016bdensp\u012bpe b\u016bs stabila un nekust\u0113sies.<br \/>\nGatavojot \u0161o unik\u0101lo \u016bdensp\u012bpi, pietiek ar vienu 26mm oglekli.<\/p>\n<p><img decoding=\"async\" loading=\"lazy\" class=\"alignnone size-medium wp-image-38599\" src=\"https:\/\/hookahshop.lt\/wp-content\/uploads\/2021\/08\/hekkpipe-komplektacija-1-300x273.jpg\" alt=\"- hookahshop.lt\" width=\"300\" height=\"273\" srcset=\"https:\/\/hookahshop.lt\/wp-content\/uploads\/2021\/08\/hekkpipe-komplektacija-1-300x273.jpg 300w, https:\/\/hookahshop.lt\/wp-content\/uploads\/2021\/08\/hekkpipe-komplektacija-1-13x12.jpg 13w, https:\/\/hookahshop.lt\/wp-content\/uploads\/2021\/08\/hekkpipe-komplektacija-1-64x58.jpg 64w, https:\/\/hookahshop.lt\/wp-content\/uploads\/2021\/08\/hekkpipe-komplektacija-1.jpg 420w\" sizes=\"(max-width: 300px) 100vw, 300px\" title=\"\"><\/p>\n<p>\u012ass video par \u0161o produktu:\u00a0<a href=\"https:\/\/www.youtube.com\/watch?v=YcoTw5Y3cq0\" target=\"_blank\" rel=\"noopener\">https:\/\/www.youtube.com\/watch?v=YcoTw5Y3cq0<\/a><\/p>\n<p>* Pieg\u0101de no ra\u017eot\u0101ja HEKKPIPE 1-3 darba dienas.<\/p>\n<p>Vai jums ir k\u0101di jaut\u0101jumi? Sazinies ar mums\u00a0<a href=\"https:\/\/hookahshop.lt\/lv\/kontaktiem\/\">kontaktu lapa<\/a>\u00a0vai rakstiet mums pa e-pastu\u00a0<a href=\"https:\/\/facebook.com\/HookahShop.lt\/\" target=\"_blank\" rel=\"noopener noreferrer\">Facebook konts<\/a>\u00a0un m\u0113s atbild\u0113sim uz j\u016bsu piepras\u012bjumu taj\u0101 pa\u0161\u0101 dien\u0101.<\/p>","protected":false},"excerpt":{"rendered":"<p>\u016adensp\u012bpe HEKKPIPE Hexagon 2 Blue &quot;Hekkpipe Hexagon&quot; ir unik\u0101la ar rok\u0101m darin\u0101ta p\u0101rn\u0113s\u0101jama \u016bdensp\u012bpe, kas izskat\u0101s unik\u0101la un iespaid\u012bga. Katra se\u0161st\u016bra ir izgatavota kvalitat\u012bvi, katra deta\u013ca tiek kontrol\u0113ta un tai ir visaugst\u0101k\u0101 apdare. Pateicoties koka \u012bpa\u0161\u012bb\u0101m, katrs se\u0161st\u016bris ir unik\u0101ls. \u016adensp\u012bpe ir izgatavota no augst\u0101k\u0101s kvalit\u0101tes materi\u0101liem, kas pie\u0161\u0137ir \u0161im izstr\u0101d\u0101jumam iespaid\u012bgu izskatu un ilgu kalpo\u0161anas laiku. [\u2026]<\/p>","protected":false},"featured_media":26600,"comment_status":"open","ping_status":"closed","template":"","meta":[],"_links":{"self":[{"href":"https:\/\/hookahshop.lt\/lv\/wp-json\/wp\/v2\/product\/26599"}],"collection":[{"href":"https:\/\/hookahshop.lt\/lv\/wp-json\/wp\/v2\/product"}],"about":[{"href":"https:\/\/hookahshop.lt\/lv\/wp-json\/wp\/v2\/types\/product"}],"replies":[{"embeddable":true,"href":"https:\/\/hookahshop.lt\/lv\/wp-json\/wp\/v2\/comments?post=26599"}],"version-history":[{"count":5,"href":"https:\/\/hookahshop.lt\/lv\/wp-json\/wp\/v2\/product\/26599\/revisions"}],"predecessor-version":[{"id":35645,"href":"https:\/\/hookahshop.lt\/lv\/wp-json\/wp\/v2\/product\/26599\/revisions\/35645"}],"wp:featuredmedia":[{"embeddable":true,"href":"https:\/\/hookahshop.lt\/lv\/wp-json\/wp\/v2\/media\/26600"}],"wp:attachment":[{"href":"https:\/\/hookahshop.lt\/lv\/wp-json\/wp\/v2\/media?parent=26599"}],"curies":[{"name":"wp","href":"https:\/\/api.w.org\/{rel}","templated":true}]}}