{"id":26649,"date":"2021-08-16T13:30:39","date_gmt":"2021-08-16T10:30:39","guid":{"rendered":"https:\/\/hookahshop.lt\/?post_type=product&#038;p=26649"},"modified":"2026-04-06T23:28:45","modified_gmt":"2026-04-06T20:28:45","slug":"kaljanas-hekkpipe-active-mahogany","status":"publish","type":"product","link":"https:\/\/hookahshop.lt\/lv\/produkt\/udenspipe-hekkpipe-active-sarkankoks\/","title":{"rendered":"\u016adensp\u012bpe HEKKPIPE Akt\u012bvais sarkankoks"},"content":{"rendered":"<h2>\u016adensp\u012bpe HEKKPIPE Akt\u012bvais sarkankoks<\/h2>\n<p align=\"left\"><span style=\"color: #202124;\">&quot;<span style=\"font-family: inherit;\"><span style=\"font-size: medium;\">Hekkpipe Active ir augstas kvalit\u0101tes, unik\u0101la p\u0101rn\u0113s\u0101jama \u016bdensp\u012bpe. Tas ir \u012bpa\u0161i izstr\u0101d\u0101ts, lai tas b\u016btu dro\u0161s un funkcion\u0101ls pat p\u0113c sadursmes vai nome\u0161anas. Noliec to l\u012bdz 45 gr\u0101diem, un d\u016bmi joproj\u0101m ir ide\u0101li! Tam ir ner\u016bs\u0113jo\u0161\u0101 t\u0113rauda konuss, kas nofiks\u0113 dego\u0161\u0101s ogles uz kr\u016bzes, padarot \u0161o \u016bdensp\u012bpi viegli transport\u0113jamu. Vienk\u0101r\u0161a lieto\u0161ana un stabila konstrukcija padar\u012bja to par lielisku \u016bdensp\u012bpi. Gatavojot \u0161o unik\u0101lo \u016bdensp\u012bpi, pietiek ar vienu 26mm oglekli. \u016adensp\u012bpe ir izgatavota no augst\u0101k\u0101s kvalit\u0101tes materi\u0101liem, kas pie\u0161\u0137ir \u0161im izstr\u0101d\u0101jumam unik\u0101lu izskatu un iztur\u012bbu.<\/span><\/span><\/span><\/p>\n<p><strong>Raksturojums:<\/strong><br \/>\nViegls (1 kg, ar visiem piederumiem 1,5 kg) un patie\u0161\u0101m kompakts.<br \/>\nTam ir plecu siksna, kas \u013cauj baud\u012bt \u016bdensp\u012bpi, to valk\u0101jot.<br \/>\nPagatavo\u0161ana aiz\u0146em uz pusi ilg\u0101ku laiku, sal\u012bdzinot ar vid\u0113jo \u016bdensp\u012bpi.<br \/>\nSuper viegli lietojams. Tam ir \u012bpa\u0161s nodal\u012bjums, kas atdala kokogles un tabaku.<\/p>\n<p>\u012ass video par \u0161o produktu:<a href=\"https:\/\/youtu.be\/yP2dwK4fpj4\" target=\"_blank\" rel=\"noopener\">https:\/\/youtu.be\/yP2dwK4fpj4<\/a><\/p>\n<p>* Pieg\u0101de no ra\u017eot\u0101ja HEKKPIPE 1-3 darba dienas.<\/p>\n<p>Vai jums ir k\u0101di jaut\u0101jumi? Sazinies ar mums\u00a0<a href=\"https:\/\/hookahshop.lt\/lv\/kontaktiem\/\">kontaktu lapa<\/a>\u00a0vai rakstiet mums pa e-pastu\u00a0<a href=\"https:\/\/facebook.com\/HookahShop.lt\/\" target=\"_blank\" rel=\"noopener noreferrer\">Facebook konts<\/a>\u00a0un m\u0113s atbild\u0113sim uz j\u016bsu piepras\u012bjumu taj\u0101 pa\u0161\u0101 dien\u0101.<\/p>","protected":false},"excerpt":{"rendered":"<p>\u016adensp\u012bpe HEKKPIPE Active Sarkankoks &quot;Hekkpipe Active&quot; ir augstas kvalit\u0101tes unik\u0101la p\u0101rn\u0113s\u0101jama \u016bdensp\u012bpe. Tas ir \u012bpa\u0161i izstr\u0101d\u0101ts, lai tas b\u016btu dro\u0161s un funkcion\u0101ls pat p\u0113c sadursmes vai nome\u0161anas. Noliec to l\u012bdz 45 gr\u0101diem, un d\u016bmi joproj\u0101m ir ide\u0101li! Tam ir ner\u016bs\u0113jo\u0161\u0101 t\u0113rauda konuss, kas nofiks\u0113 dego\u0161\u0101s ogles uz kr\u016bzes, padarot \u0161o \u016bdensp\u012bpi viegli transport\u0113jamu. Vienk\u0101r\u0161a lieto\u0161ana un [\u2026]<\/p>","protected":false},"featured_media":26650,"comment_status":"open","ping_status":"closed","template":"","meta":[],"_links":{"self":[{"href":"https:\/\/hookahshop.lt\/lv\/wp-json\/wp\/v2\/product\/26649"}],"collection":[{"href":"https:\/\/hookahshop.lt\/lv\/wp-json\/wp\/v2\/product"}],"about":[{"href":"https:\/\/hookahshop.lt\/lv\/wp-json\/wp\/v2\/types\/product"}],"replies":[{"embeddable":true,"href":"https:\/\/hookahshop.lt\/lv\/wp-json\/wp\/v2\/comments?post=26649"}],"version-history":[{"count":10,"href":"https:\/\/hookahshop.lt\/lv\/wp-json\/wp\/v2\/product\/26649\/revisions"}],"predecessor-version":[{"id":44474,"href":"https:\/\/hookahshop.lt\/lv\/wp-json\/wp\/v2\/product\/26649\/revisions\/44474"}],"wp:featuredmedia":[{"embeddable":true,"href":"https:\/\/hookahshop.lt\/lv\/wp-json\/wp\/v2\/media\/26650"}],"wp:attachment":[{"href":"https:\/\/hookahshop.lt\/lv\/wp-json\/wp\/v2\/media?parent=26649"}],"curies":[{"name":"wp","href":"https:\/\/api.w.org\/{rel}","templated":true}]}}