{"id":26663,"date":"2021-08-16T14:53:21","date_gmt":"2021-08-16T11:53:21","guid":{"rendered":"https:\/\/hookahshop.lt\/?post_type=product&#038;p=26663"},"modified":"2026-04-06T23:28:56","modified_gmt":"2026-04-06T20:28:56","slug":"kaljano-padas-hekkpipe-hexagon-blue","status":"publish","type":"product","link":"https:\/\/hookahshop.lt\/lv\/produkt\/udenspipe-padas-hekkpipe-hexagon-blue\/","title":{"rendered":"\u016adensp\u012bpes zole HEKKPIPE Hexagon Blue"},"content":{"rendered":"<h2>\u016adensp\u012bpes zole HEKKPIPE Hexagon Blue<\/h2>\n<p class=\"western\"><span style=\"color: #202124;\"><span style=\"font-family: inherit;\"><span style=\"font-size: medium;\">Vai esat Hekkpipe Hexagon \u012bpa\u0161nieks? Vai ar\u012b j\u016bs pl\u0101nojat par t\u0101du k\u013c\u016bt? Tad m\u0113s pied\u0101v\u0101jam ieg\u0101d\u0101ties \u0161o lielisko jauno produktu - \u016bdensp\u012bpes stabilit\u0101tes zoli.<\/span><\/span><\/span> <span style=\"color: #202124;\"><span style=\"font-family: inherit;\"><span style=\"font-size: medium;\"><span lang=\"lt-LT\">Neatkar\u012bgi no t\u0101, vai izmantojat Hexagon m\u0101j\u0101s, \u016bdensp\u012bpes b\u0101r\u0101 vai dab\u0101, dro\u0161\u012bba ir pirmaj\u0101 viet\u0101. T\u0101 rezult\u0101t\u0101 m\u0113s pied\u0101v\u0101jam stabilit\u0101tes paliktni, kas padara j\u016bsu Hekkpipe Hexagon v\u0113l stabil\u0101ku!<\/span><\/span><\/span><\/span> <span style=\"color: #202124;\"><span style=\"font-family: inherit;\"><span style=\"font-size: medium;\"><span lang=\"lt-LT\">Stabilit\u0101tes spilventi\u0146\u0101 ir 12 sp\u0113c\u012bgi magn\u0113ti, kas stingri notur se\u0161st\u016bri. Magn\u0113ti atbilst se\u0161st\u016bra apak\u0161\u0113jiem magn\u0113tiem, t\u0101p\u0113c \u016bdensp\u012bpe saglab\u0101s maksim\u0101lu stabilit\u0101ti!<\/span><\/span><\/span><\/span><\/p>\n<p>\u012ass video par produkta funkcionalit\u0101ti:\u00a0<a href=\"https:\/\/youtu.be\/6_-P79KQIV8\" target=\"_blank\" rel=\"noopener\">https:\/\/youtu.be\/6_-P79KQIV8<\/a><\/p>\n<p>* Pieg\u0101de no ra\u017eot\u0101ja HEKKPIPE 1-3 darba dienas.<\/p>\n<p>Vai jums ir k\u0101di jaut\u0101jumi? Sazinies ar mums\u00a0<a href=\"https:\/\/hookahshop.lt\/lv\/kontaktiem\/\">kontaktu lapa<\/a>\u00a0vai rakstiet mums pa e-pastu\u00a0<a href=\"https:\/\/facebook.com\/HookahShop.lt\/\" target=\"_blank\" rel=\"noopener noreferrer\">Facebook konts<\/a>\u00a0un m\u0113s atbild\u0113sim uz j\u016bsu piepras\u012bjumu taj\u0101 pa\u0161\u0101 dien\u0101.<\/p>\n<p>&nbsp;<\/p>","protected":false},"excerpt":{"rendered":"<p>\u016adensp\u012bpes zole HEKKPIPE Hexagon Blue Vai jums pieder Hekkpipe Hexagon? Vai ar\u012b pl\u0101nojat par t\u0101du k\u013c\u016bt? Tad m\u0113s pied\u0101v\u0101jam ar\u012b \u0161o lielisko jauno produktu, \u016bdensp\u012bpes stabilit\u0101tes paliktni. Neatkar\u012bgi no t\u0101, vai izmantojat Hexagon m\u0101j\u0101s, \u016bdensp\u012bpes b\u0101r\u0101 vai br\u012bv\u0101 dab\u0101, dro\u0161\u012bba ir pirmaj\u0101 viet\u0101. T\u0101p\u0113c m\u0113s pied\u0101v\u0101jam stabilit\u0101tes paliktni, kas padara j\u016bsu Hekkpipe Hexagon v\u0113l stabil\u0101ku! Stabilit\u0101tes spilventi\u0146am ir 12 [\u2026]<\/p>","protected":false},"featured_media":26665,"comment_status":"open","ping_status":"closed","template":"","meta":[],"_links":{"self":[{"href":"https:\/\/hookahshop.lt\/lv\/wp-json\/wp\/v2\/product\/26663"}],"collection":[{"href":"https:\/\/hookahshop.lt\/lv\/wp-json\/wp\/v2\/product"}],"about":[{"href":"https:\/\/hookahshop.lt\/lv\/wp-json\/wp\/v2\/types\/product"}],"replies":[{"embeddable":true,"href":"https:\/\/hookahshop.lt\/lv\/wp-json\/wp\/v2\/comments?post=26663"}],"version-history":[{"count":5,"href":"https:\/\/hookahshop.lt\/lv\/wp-json\/wp\/v2\/product\/26663\/revisions"}],"predecessor-version":[{"id":35699,"href":"https:\/\/hookahshop.lt\/lv\/wp-json\/wp\/v2\/product\/26663\/revisions\/35699"}],"wp:featuredmedia":[{"embeddable":true,"href":"https:\/\/hookahshop.lt\/lv\/wp-json\/wp\/v2\/media\/26665"}],"wp:attachment":[{"href":"https:\/\/hookahshop.lt\/lv\/wp-json\/wp\/v2\/media?parent=26663"}],"curies":[{"name":"wp","href":"https:\/\/api.w.org\/{rel}","templated":true}]}}