{"id":26741,"date":"2021-08-17T11:21:59","date_gmt":"2021-08-17T08:21:59","guid":{"rendered":"https:\/\/hookahshop.lt\/?post_type=product&#038;p=26741"},"modified":"2026-04-10T23:28:55","modified_gmt":"2026-04-10T20:28:55","slug":"kaljanas-hekkpipe-deluxe-brown","status":"publish","type":"product","link":"https:\/\/hookahshop.lt\/lv\/produkt\/udenspipe-hekkpipe-deluxe-bruns\/","title":{"rendered":"\u016adensp\u012bpe HEKKPIPE Deluxe Brown"},"content":{"rendered":"<h2>\u016adensp\u012bpe HEKKPIPE Deluxe Brown<\/h2>\n<p id=\"tw-target-text\" class=\"tw-data-text tw-text-large XcVN5d tw-ta\" dir=\"ltr\" data-placeholder=\"Vertimas\"><span class=\"Y2IQFc\" lang=\"lt\">\u016adensp\u012bpe Hekkpipe Deluxe ir unik\u0101la \u016bdensp\u012bpe, kuras ra\u017eo\u0161an\u0101 izmantota \u0101da un dab\u012bgais ozols, padarot to par izcilu p\u0101rn\u0113s\u0101jamu \u016bdensp\u012bpi. Hekkpipe Deluxe ir augst\u0101k\u0101s kvalit\u0101tes un ekskluz\u012bv\u0101kais Hekkpipe ra\u017eot\u0101ja produkts. \u0160ai elegantajai \u016bdensp\u012bpei ir izcila meistar\u012bba, k\u0101 ar\u012b kvalitat\u012bvs ozola koka korpuss un elegantas \u0101das deta\u013cas, tostarp no\u0146emama rokas siksni\u0146a. <span style=\"color: #202124;\"><span style=\"font-family: inherit;\"><span style=\"font-size: medium;\">Gatavojot \u0161o unik\u0101lo \u016bdensp\u012bpi, pietiek ar vienu 26mm oglekli.<\/span><\/span><\/span><\/span><\/p>\n<p class=\"tw-data-text tw-text-large XcVN5d tw-ta\" dir=\"ltr\" data-placeholder=\"Vertimas\"><strong>Raksturojums:<\/strong><br \/>\nViegls (1 kg, ar visiem piederumiem 1,5 kg) un patie\u0161\u0101m kompakts.<br \/>\nTam ir plecu siksna, kas \u013cauj baud\u012bt \u016bdensp\u012bpi, to valk\u0101jot.<br \/>\nPagatavo\u0161ana aiz\u0146em uz pusi ilg\u0101ku laiku, sal\u012bdzinot ar vid\u0113jo \u016bdensp\u012bpi.<br \/>\nSuper viegli lietojams. Tam ir \u012bpa\u0161s nodal\u012bjums, kas atdala kokogles un tabaku.<\/p>\n<p dir=\"ltr\" data-placeholder=\"Vertimas\">\u012ass video par \u0161o produktu:\u00a0<a href=\"http:\/\/y2u.be\/HG8gzyYJqmU\" target=\"_blank\" rel=\"noopener\">http:\/\/y2u.be\/HG8gzyYJqmU<\/a><\/p>\n<p dir=\"ltr\" data-placeholder=\"Vertimas\">Vai jums ir k\u0101di jaut\u0101jumi? Sazinies ar mums\u00a0<a href=\"https:\/\/hookahshop.lt\/lv\/kontaktiem\/\">kontaktu lapa<\/a>\u00a0vai rakstiet mums pa e-pastu\u00a0<a href=\"https:\/\/facebook.com\/HookahShop.lt\/\" target=\"_blank\" rel=\"noopener noreferrer\">Facebook konts<\/a>\u00a0un m\u0113s atbild\u0113sim uz j\u016bsu piepras\u012bjumu taj\u0101 pa\u0161\u0101 dien\u0101.<\/p>\n<p>&nbsp;<\/p>","protected":false},"excerpt":{"rendered":"<p>\u016adensp\u012bpe HEKKPIPE Deluxe Brown Hookah Hekkpipe Deluxe ir unik\u0101la \u016bdensp\u012bpe, kuras ra\u017eo\u0161an\u0101 izmantota \u0101da un dab\u012bgais ozols, padarot to par ekskluz\u012bvu p\u0101rn\u0113s\u0101jamu \u016bdensp\u012bpi. Hekkpipe Deluxe ir augst\u0101k\u0101s kvalit\u0101tes un ekskluz\u012bv\u0101kais Hekkpipe ra\u017eot\u0101ja produkts. \u0160ai elegantajai \u016bdensp\u012bpei ir izcila meistar\u012bba, k\u0101 ar\u012b kvalitat\u012bvs ozolkoka korpuss un elegantas \u0101das deta\u013cas, tostarp no\u0146emama rokas siksni\u0146a. Gatavojoties [\u2026]<\/p>","protected":false},"featured_media":26744,"comment_status":"open","ping_status":"closed","template":"","meta":[],"_links":{"self":[{"href":"https:\/\/hookahshop.lt\/lv\/wp-json\/wp\/v2\/product\/26741"}],"collection":[{"href":"https:\/\/hookahshop.lt\/lv\/wp-json\/wp\/v2\/product"}],"about":[{"href":"https:\/\/hookahshop.lt\/lv\/wp-json\/wp\/v2\/types\/product"}],"replies":[{"embeddable":true,"href":"https:\/\/hookahshop.lt\/lv\/wp-json\/wp\/v2\/comments?post=26741"}],"version-history":[{"count":3,"href":"https:\/\/hookahshop.lt\/lv\/wp-json\/wp\/v2\/product\/26741\/revisions"}],"predecessor-version":[{"id":29701,"href":"https:\/\/hookahshop.lt\/lv\/wp-json\/wp\/v2\/product\/26741\/revisions\/29701"}],"wp:featuredmedia":[{"embeddable":true,"href":"https:\/\/hookahshop.lt\/lv\/wp-json\/wp\/v2\/media\/26744"}],"wp:attachment":[{"href":"https:\/\/hookahshop.lt\/lv\/wp-json\/wp\/v2\/media?parent=26741"}],"curies":[{"name":"wp","href":"https:\/\/api.w.org\/{rel}","templated":true}]}}