{"id":26769,"date":"2021-08-17T14:42:55","date_gmt":"2021-08-17T11:42:55","guid":{"rendered":"https:\/\/hookahshop.lt\/?post_type=product&#038;p=26769"},"modified":"2026-04-06T23:28:43","modified_gmt":"2026-04-06T20:28:43","slug":"kaljanas-amy-deluxe-066-02-silver-black","status":"publish","type":"product","link":"https:\/\/hookahshop.lt\/lv\/produkt\/udenspipe-amy-deluxe-066-02-sudraba-melna\/","title":{"rendered":"\u016adensp\u012bpe AMY DELUXE 066.02 Sudraba melna"},"content":{"rendered":"<h2>\u016adensp\u012bpe AMY DELUXE 066.02 Sudraba melna<\/h2>\n<p>Amy Deluxe produkti jau sen ir iekaroju\u0161i Eiropas pirc\u0113ju sirdis. Augsta produkta kvalit\u0101te un konkur\u0113tsp\u0113j\u012bga cena. Dizainu ir izveidoju\u0161i eksperti no V\u0101cijas, un tas apvieno praktiskumu un modernu izskatu.<\/p>\n<p><strong>Komplekt\u0101 ietilpst:<\/strong><br \/>\n\u016adensp\u012bpe<br \/>\nKolba<br \/>\nMutes iemutnis<br \/>\nKauss<br \/>\n\u0160\u013c\u016btene (silikona)<br \/>\n\u0160\u013c\u016btenes tur\u0113t\u0101js<br \/>\nKnaibles<br \/>\nSkurstenis<\/p>\n<p><strong>Specifik\u0101cija:<\/strong><br \/>\n\u016adensp\u012bpes augstums bez kolbas: apm\u0113ram 50 cm<br \/>\nMateri\u0101ls: alum\u012bnijs<br \/>\nSavienojuma veids: noklik\u0161\u0137iniet<br \/>\nKr\u0101sa melna<br \/>\nDifuzors: J\u0101<br \/>\nIzcelsmes valsts: V\u0101cija<\/p>\n<p>Vai jums ir k\u0101di jaut\u0101jumi? Sazinies ar mums\u00a0<a href=\"https:\/\/hookahshop.lt\/lv\/kontaktiem\/\">kontaktu lapa<\/a>\u00a0vai rakstiet mums pa e-pastu\u00a0<a href=\"https:\/\/facebook.com\/HookahShop.lt\/\" target=\"_blank\" rel=\"noopener noreferrer\">Facebook konts<\/a>\u00a0un m\u0113s atbild\u0113sim uz j\u016bsu piepras\u012bjumu taj\u0101 pa\u0161\u0101 dien\u0101.<\/p>\n<p>&nbsp;<\/p>","protected":false},"excerpt":{"rendered":"<p>\u016adensp\u012bpe AMY DELUXE 066.02 Silver Black &quot;Amy Deluxe&quot; produkti jau sen ir iekaroju\u0161i Eiropas pirc\u0113ju sirdis. Augsta produktu kvalit\u0101te un konkur\u0113tsp\u0113j\u012bga cena. Dizainu veidoju\u0161i eksperti no V\u0101cijas, un tas apvieno praktiskumu ar modernu izskatu. Komplekt\u0101 ietilpst: \u016adensp\u012bpes kolba Mutes kr\u016bzes \u0161\u013c\u016btene (silikona) \u0160\u013c\u016btenes tur\u0113t\u0101js Knaibles Caurules Specifik\u0101cija: \u016adensp\u012bpes augstums bez kolbas: apm\u0113ram 50 cm Materi\u0101ls: alum\u012bnijs Savienojums [\u2026]<\/p>","protected":false},"featured_media":26770,"comment_status":"open","ping_status":"closed","template":"","meta":[],"_links":{"self":[{"href":"https:\/\/hookahshop.lt\/lv\/wp-json\/wp\/v2\/product\/26769"}],"collection":[{"href":"https:\/\/hookahshop.lt\/lv\/wp-json\/wp\/v2\/product"}],"about":[{"href":"https:\/\/hookahshop.lt\/lv\/wp-json\/wp\/v2\/types\/product"}],"replies":[{"embeddable":true,"href":"https:\/\/hookahshop.lt\/lv\/wp-json\/wp\/v2\/comments?post=26769"}],"version-history":[{"count":3,"href":"https:\/\/hookahshop.lt\/lv\/wp-json\/wp\/v2\/product\/26769\/revisions"}],"predecessor-version":[{"id":34562,"href":"https:\/\/hookahshop.lt\/lv\/wp-json\/wp\/v2\/product\/26769\/revisions\/34562"}],"wp:featuredmedia":[{"embeddable":true,"href":"https:\/\/hookahshop.lt\/lv\/wp-json\/wp\/v2\/media\/26770"}],"wp:attachment":[{"href":"https:\/\/hookahshop.lt\/lv\/wp-json\/wp\/v2\/media?parent=26769"}],"curies":[{"name":"wp","href":"https:\/\/api.w.org\/{rel}","templated":true}]}}