{"id":26874,"date":"2021-08-20T17:48:55","date_gmt":"2021-08-20T14:48:55","guid":{"rendered":"https:\/\/hookahshop.lt\/?post_type=product&#038;p=26874"},"modified":"2026-04-17T23:29:32","modified_gmt":"2026-04-17T20:29:32","slug":"naturaliu-angliuku-uzkuriklis-ziryab","status":"publish","type":"product","link":"https:\/\/hookahshop.lt\/lv\/produkt\/dabiskas-ogles-aizdedzes-ziryab\/","title":{"rendered":"ZIRYAB dab\u012bg\u0101 oglek\u013ca aizdedzin\u0101t\u0101js"},"content":{"rendered":"<h2>ZIRYAB dab\u012bg\u0101 oglek\u013ca aizdedzin\u0101t\u0101js<\/h2>\n<p>Tas pal\u012bdz\u0113s \u0113rti uzsild\u012bt \u016bdensp\u012bpes ogles, dro\u0161\u0101k par cit\u0101m apkures ier\u012bc\u0113m un ekonomiski, pateicoties 600\u00a0W jaudai. Kompakts un viegli transport\u0113jams.<br \/>\nSatur l\u012bdz 5-6 ogl\u0113m l\u012bdz 26 mm. Ogles uzkars\u0113 vid\u0113ji 10-12 min\u016bt\u0113s.<\/p>\n<p><strong>Specifik\u0101cijas:<\/strong><br \/>\nIzm\u0113ri: 20 \u00d7 10 \u00d7 15 cm<br \/>\nJauda: 600W<br \/>\nKr\u0101sa melna<\/p>\n<p>Vai jums ir k\u0101di jaut\u0101jumi? Sazinies ar mums\u00a0<a href=\"https:\/\/hookahshop.lt\/lv\/kontaktiem\/\">kontaktu lapa<\/a>\u00a0vai rakstiet mums pa e-pastu\u00a0<a href=\"https:\/\/facebook.com\/HookahShop.lt\/\" target=\"_blank\" rel=\"noopener noreferrer\">Facebook konts<\/a>\u00a0un m\u0113s atbild\u0113sim uz j\u016bsu piepras\u012bjumu taj\u0101 pa\u0161\u0101 dien\u0101.<\/p>","protected":false},"excerpt":{"rendered":"<p>Dab\u012bgo og\u013cu \u0161\u0137iltavas ZIRYAB Tas pal\u012bdz\u0113s \u0113rti uzsild\u012bt \u016bdensp\u012bpes ogles, dro\u0161\u0101k par cit\u0101m apkures ier\u012bc\u0113m un ekonomiski, pateicoties 600W jaudai. Kompakts un viegli transport\u0113jams. Ietilpst l\u012bdz 5-6 ogl\u0113m l\u012bdz 26 mm lieliem. Ogles uzkars\u0113 vid\u0113ji 10-12 min\u016bt\u0113s. Specifik\u0101cijas: Izm\u0113ri: 20 \u00d7 10 \u00d7 15 cm Jauda: 600 W Kr\u0101sa: Melna Vai ir k\u0101di jaut\u0101jumi? Sazinieties ar [\u2026]<\/p>","protected":false},"featured_media":26990,"comment_status":"open","ping_status":"closed","template":"","meta":[],"_links":{"self":[{"href":"https:\/\/hookahshop.lt\/lv\/wp-json\/wp\/v2\/product\/26874"}],"collection":[{"href":"https:\/\/hookahshop.lt\/lv\/wp-json\/wp\/v2\/product"}],"about":[{"href":"https:\/\/hookahshop.lt\/lv\/wp-json\/wp\/v2\/types\/product"}],"replies":[{"embeddable":true,"href":"https:\/\/hookahshop.lt\/lv\/wp-json\/wp\/v2\/comments?post=26874"}],"version-history":[{"count":5,"href":"https:\/\/hookahshop.lt\/lv\/wp-json\/wp\/v2\/product\/26874\/revisions"}],"predecessor-version":[{"id":32460,"href":"https:\/\/hookahshop.lt\/lv\/wp-json\/wp\/v2\/product\/26874\/revisions\/32460"}],"wp:featuredmedia":[{"embeddable":true,"href":"https:\/\/hookahshop.lt\/lv\/wp-json\/wp\/v2\/media\/26990"}],"wp:attachment":[{"href":"https:\/\/hookahshop.lt\/lv\/wp-json\/wp\/v2\/media?parent=26874"}],"curies":[{"name":"wp","href":"https:\/\/api.w.org\/{rel}","templated":true}]}}