{"id":26971,"date":"2021-08-23T15:14:20","date_gmt":"2021-08-23T12:14:20","guid":{"rendered":"https:\/\/hookahshop.lt\/?post_type=product&#038;p=26971"},"modified":"2026-05-13T23:29:13","modified_gmt":"2026-05-13T20:29:13","slug":"kaljano-komplektas-hoob-mars","status":"publish","type":"product","link":"https:\/\/hookahshop.lt\/lv\/produkt\/udenspipe-kit-hoob-mars\/","title":{"rendered":"KALJANO KOMPLEKTS V\u0100RS MARS SILVER"},"content":{"rendered":"<p><strong>KALJANO KOMPLEKTS V\u0100RS MARS SILVER<\/strong><\/p>\n<p>\u016adensp\u012bpe tika veidota k\u0101 tradicion\u0101la \u016bdensp\u012bpe, kas ra\u017eota uz modern\u0101m CNC iek\u0101rt\u0101m.<br \/>\nHoob Hookah Mars dizains ir tradicion\u0101lu apa\u013cu formu un m\u016bsdienu 3D z\u012bm\u0113\u0161anas tehnikas augst\u0101k\u0101s precizit\u0101tes kombin\u0101cija. Hoob \u016bdensp\u012bpes apvieno klasisko \u016bdensp\u012bpju lab\u0101k\u0101s \u012bpa\u0161\u012bbas un augsto tehnolo\u0123iju ra\u017eo\u0161anas priek\u0161roc\u012bbas.<br \/>\nT\u0101 sm\u0113\u0137\u0113 k\u0101 tradicion\u0101la \u016bdensp\u012bpe, ta\u010du taj\u0101 pa\u0161\u0101 laik\u0101 Hoob Hookah Mars par\u0101d\u012bs, k\u0101 tehnolo\u0123ija var piel\u0101got difuzorus, magn\u0113tisko \u0161\u013c\u016bte\u0146u savienojumus, lai \u016bdensp\u012bpe piedz\u012bvotu jaunu baudu un komfortu. Lieliska gaisa pl\u016bsmas un d\u016bmu novad\u012b\u0161anas sist\u0113ma.<br \/>\nNav kait\u012bgu p\u0101rkl\u0101jumu vai vielu, kas var jums kait\u0113t. M\u0113s r\u016bp\u0113jamies par j\u016bsu vesel\u012bbu un vidi, t\u0101p\u0113c izmantojam tikai t\u012brus materi\u0101lus un bez kr\u0101sviel\u0101m.<\/p>\n<p>Oglek\u013ca apdare<br \/>\nP\u0113c izv\u0113les regul\u0113jama gaisa pl\u016bsma<br \/>\nMagn\u0113tiskais \u0161\u013c\u016btenes savienot\u0101js<br \/>\n\u0112rti un \u0113rti lietojami<\/p>\n<p><strong>Apr\u012bkojums:<\/strong><br \/>\nV\u0101rpsta -1 gab.<br \/>\n\u016adensp\u012bpes pl\u0101ksne - 1 gab.<br \/>\nIemutnis - 1 gab.<br \/>\nSilikona \u0161\u013c\u016btene - 1 gab.<br \/>\nBl\u012bves - 2 gab.<br \/>\nKolba - 1 gab.<br \/>\nKnaibles - 1 gab.<br \/>\nSiltuma kamera - 1 gab.<br \/>\nKauss - 1gab.<br \/>\nOgles 1kg - 1gab.<br \/>\nPl\u012bts - 1gab.<\/p>\n<p>Komplekts var at\u0161\u0137irties no \u0101\u0137a \u0101\u0137a un kolbas no t\u0101, kas par\u0101d\u012bts fotoatt\u0113l\u0101.<\/p>\n<p>Vai jums ir k\u0101di jaut\u0101jumi? Sazinies ar mums\u00a0<a href=\"https:\/\/hookahshop.lt\/lv\/kontaktiem\/\">kontaktu lapa<\/a>\u00a0vai rakstiet mums pa e-pastu\u00a0<a href=\"https:\/\/facebook.com\/HookahShop.lt\/\" target=\"_blank\" rel=\"noopener noreferrer\">Facebook konts<\/a>\u00a0un m\u0113s atbild\u0113sim uz j\u016bsu piepras\u012bjumu taj\u0101 pa\u0161\u0101 dien\u0101.<\/p>","protected":false},"excerpt":{"rendered":"<p>HOOB MARS SILVER HOOB KIT \u016adensp\u012bpe tika veidota k\u0101 tradicion\u0101la \u016bdensp\u012bpe, kas ra\u017eota uz modern\u0101m CNC iek\u0101rt\u0101m. Hoob Hookah Mars dizains ir tradicion\u0101lu apa\u013cu formu un m\u016bsdienu 3D z\u012bm\u0113\u0161anas tehnikas augst\u0101k\u0101s precizit\u0101tes kombin\u0101cija. Hoob \u016bdensp\u012bpes apvieno klasisko \u016bdensp\u012bpju lab\u0101k\u0101s \u012bpa\u0161\u012bbas un augsto tehnolo\u0123iju ra\u017eo\u0161anas priek\u0161roc\u012bbas. Tas sm\u0113\u0137\u0113 k\u0101 tradicion\u0101l\u0101 \u016bdensp\u012bpe, bet taj\u0101 pa\u0161\u0101 laik\u0101 Hoob Hookah [\u2026]<\/p>","protected":false},"featured_media":26993,"comment_status":"open","ping_status":"closed","template":"","meta":[],"_links":{"self":[{"href":"https:\/\/hookahshop.lt\/lv\/wp-json\/wp\/v2\/product\/26971"}],"collection":[{"href":"https:\/\/hookahshop.lt\/lv\/wp-json\/wp\/v2\/product"}],"about":[{"href":"https:\/\/hookahshop.lt\/lv\/wp-json\/wp\/v2\/types\/product"}],"replies":[{"embeddable":true,"href":"https:\/\/hookahshop.lt\/lv\/wp-json\/wp\/v2\/comments?post=26971"}],"version-history":[{"count":3,"href":"https:\/\/hookahshop.lt\/lv\/wp-json\/wp\/v2\/product\/26971\/revisions"}],"predecessor-version":[{"id":26992,"href":"https:\/\/hookahshop.lt\/lv\/wp-json\/wp\/v2\/product\/26971\/revisions\/26992"}],"wp:featuredmedia":[{"embeddable":true,"href":"https:\/\/hookahshop.lt\/lv\/wp-json\/wp\/v2\/media\/26993"}],"wp:attachment":[{"href":"https:\/\/hookahshop.lt\/lv\/wp-json\/wp\/v2\/media?parent=26971"}],"curies":[{"name":"wp","href":"https:\/\/api.w.org\/{rel}","templated":true}]}}