{"id":26995,"date":"2021-08-23T15:38:05","date_gmt":"2021-08-23T12:38:05","guid":{"rendered":"https:\/\/hookahshop.lt\/?post_type=product&#038;p=26995"},"modified":"2026-04-14T23:28:57","modified_gmt":"2026-04-14T20:28:57","slug":"kaljano-anglies-laikiklis-small","status":"publish","type":"product","link":"https:\/\/hookahshop.lt\/lv\/produkt\/udenspipe-oglekla-turetajs-mazs\/","title":{"rendered":"\u016adensp\u012bpes oglek\u013ca tur\u0113t\u0101js Mazs"},"content":{"rendered":"<h2>\u016adensp\u012bpes oglek\u013ca tur\u0113t\u0101js Mazs<\/h2>\n<p>\u0160is \u016bdensp\u012bpes og\u013cu tur\u0113t\u0101js Small ir paredz\u0113ts, lai ogles dro\u0161i tur\u0113tu vienuviet.<\/p>\n<p>Augstums: 35 cm<br \/>\nB\u013codas diametrs: 15 cm<\/p>\n<p>Vai jums ir k\u0101di jaut\u0101jumi? Sazinies ar mums\u00a0<a href=\"https:\/\/hookahshop.lt\/lv\/kontaktiem\/\">kontaktu lapa<\/a>\u00a0vai rakstiet mums pa e-pastu\u00a0<a href=\"https:\/\/facebook.com\/HookahShop.lt\/\" target=\"_blank\" rel=\"noopener noreferrer\">Facebook konts<\/a>\u00a0un m\u0113s atbild\u0113sim uz j\u016bsu piepras\u012bjumu taj\u0101 pa\u0161\u0101 dien\u0101.<\/p>","protected":false},"excerpt":{"rendered":"<p>Mazais \u016bdensp\u012bpes kokog\u013cu tur\u0113t\u0101js \u0160is mazais \u016bdensp\u012bpes kokog\u013cu tur\u0113t\u0101js ir paredz\u0113ts og\u013cu dro\u0161ai uzglab\u0101\u0161anai vienuviet. Augstums: 35cm B\u013codas diametrs: 15cm Vai jums ir k\u0101di jaut\u0101jumi? Sazinieties ar mums kontaktu lap\u0101 vai rakstiet mums uz m\u016bsu Facebook kontu un m\u0113s atbild\u0113sim uz j\u016bsu piepras\u012bjumu taj\u0101 pa\u0161\u0101 dien\u0101.<\/p>","protected":false},"featured_media":26997,"comment_status":"open","ping_status":"closed","template":"","meta":[],"_links":{"self":[{"href":"https:\/\/hookahshop.lt\/lv\/wp-json\/wp\/v2\/product\/26995"}],"collection":[{"href":"https:\/\/hookahshop.lt\/lv\/wp-json\/wp\/v2\/product"}],"about":[{"href":"https:\/\/hookahshop.lt\/lv\/wp-json\/wp\/v2\/types\/product"}],"replies":[{"embeddable":true,"href":"https:\/\/hookahshop.lt\/lv\/wp-json\/wp\/v2\/comments?post=26995"}],"version-history":[{"count":6,"href":"https:\/\/hookahshop.lt\/lv\/wp-json\/wp\/v2\/product\/26995\/revisions"}],"predecessor-version":[{"id":43290,"href":"https:\/\/hookahshop.lt\/lv\/wp-json\/wp\/v2\/product\/26995\/revisions\/43290"}],"wp:featuredmedia":[{"embeddable":true,"href":"https:\/\/hookahshop.lt\/lv\/wp-json\/wp\/v2\/media\/26997"}],"wp:attachment":[{"href":"https:\/\/hookahshop.lt\/lv\/wp-json\/wp\/v2\/media?parent=26995"}],"curies":[{"name":"wp","href":"https:\/\/api.w.org\/{rel}","templated":true}]}}