{"id":27093,"date":"2021-08-27T15:31:21","date_gmt":"2021-08-27T12:31:21","guid":{"rendered":"https:\/\/hookahshop.lt\/?post_type=product&#038;p=27093"},"modified":"2026-04-16T23:28:48","modified_gmt":"2026-04-16T20:28:48","slug":"kaljanas-aladin-mvp550-black","status":"publish","type":"product","link":"https:\/\/hookahshop.lt\/lv\/produkt\/udenspipe-aladin-mvp550-melns\/","title":{"rendered":"\u016adensp\u012bpe ALADIN MVP550 Melna"},"content":{"rendered":"<h2>\u016adensp\u012bpe ALADIN MVP550 Melna<\/h2>\n<p id=\"tw-target-text\" class=\"tw-data-text tw-text-large XcVN5d tw-ta\" dir=\"ltr\" data-placeholder=\"Vertimas\"><span class=\"Y2IQFc\" lang=\"lt\"> \u016adensp\u012bpe ar saviem kvalitat\u012bvajiem materi\u0101liem atst\u0101j br\u012bni\u0161\u0137\u012bgus iespaidus. Kvalitat\u012bvs izpild\u012bjums un individu\u0101ls dizains neatst\u0101s j\u016bs vienaldz\u012bgus. \u016adensp\u012bpes unikalit\u0101te ir t\u0101da, ka var savienot vair\u0101k nek\u0101 vienu \u0161\u013c\u016bteni.<br \/>\nPateicoties pietiekami lielajam izm\u0113ram un elegantajam dizainam, \u0161\u012b \u016bdensp\u012bpe piesaist\u012bs daudzu acis. Bag\u0101t\u012bgais \u016bdensp\u012bpes komplekts nevienu neatst\u0101s vienaldz\u012bgu.<\/span><\/p>\n<p><strong>Specifik\u0101cija:<\/strong><\/p>\n<p>Iesp\u0113ja piesl\u0113gt 2 \u0161\u013c\u016btenes<br \/>\nMateri\u0101ls: Anod\u0113ts ner\u016bs\u0113jo\u0161ais t\u0113rauds<br \/>\nKolba: V\u012bt\u0146ota<br \/>\nDif\u016bzija: j\u0101 (regul\u0113jams)<br \/>\nAugstums: 55 cm<br \/>\nSvars: 3,8 kg<br \/>\nra\u017eots \u0136\u012bn\u0101<\/p>\n<p><strong>Standarta komplekt\u0101 ietilpst:<\/strong><br \/>\nknaibles, m\u012bksta silikona \u0161\u013c\u016btene ar sprausl\u0101m, gl\u0101ze, skurstenis kr\u016bz\u012btei.<\/p>\n<p><img decoding=\"async\" loading=\"lazy\" class=\"alignnone size-medium wp-image-38491\" src=\"https:\/\/hookahshop.lt\/wp-content\/uploads\/2021\/02\/aladinu-komplektacija-300x273.jpg\" alt=\"- hookahshop.lt\" width=\"300\" height=\"273\" srcset=\"https:\/\/hookahshop.lt\/wp-content\/uploads\/2021\/02\/aladinu-komplektacija-300x273.jpg 300w, https:\/\/hookahshop.lt\/wp-content\/uploads\/2021\/02\/aladinu-komplektacija-13x12.jpg 13w, https:\/\/hookahshop.lt\/wp-content\/uploads\/2021\/02\/aladinu-komplektacija-64x58.jpg 64w, https:\/\/hookahshop.lt\/wp-content\/uploads\/2021\/02\/aladinu-komplektacija.jpg 420w\" sizes=\"(max-width: 300px) 100vw, 300px\" title=\"\"><\/p>\n<p>Vai jums ir k\u0101di jaut\u0101jumi? Sazinies ar mums\u00a0<a href=\"https:\/\/hookahshop.lt\/lv\/kontaktiem\/\">kontaktu lapa<\/a>\u00a0vai rakstiet mums pa e-pastu\u00a0<a href=\"https:\/\/facebook.com\/HookahShop.lt\/\" target=\"_blank\" rel=\"noopener noreferrer\">Facebook konts<\/a>\u00a0un m\u0113s atbild\u0113sim uz j\u016bsu piepras\u012bjumu taj\u0101 pa\u0161\u0101 dien\u0101.<\/p>\n<p>&nbsp;<\/p>","protected":false},"excerpt":{"rendered":"<p>\u016adensp\u012bpe ALADIN MVP550 Black \u016adensp\u012bpe ar saviem kvalitat\u012bvajiem materi\u0101liem atst\u0101j br\u012bni\u0161\u0137\u012bgus iespaidus. Kvalitat\u012bvs izpild\u012bjums un individu\u0101ls dizains neatst\u0101s j\u016bs vienaldz\u012bgus. \u016adensp\u012bpes unikalit\u0101te ir t\u0101da, ka var savienot vair\u0101k nek\u0101 vienu \u0161\u013c\u016bteni. Pateicoties t\u0101s pietiekami lielajam izm\u0113ram un elegantajam dizainam, \u0161\u012b \u016bdensp\u012bpe piesaist\u012bs daudzus acis. Bag\u0101t\u012bgais \u016bdensp\u012bpes komplekts nevienu neatst\u0101s vienaldz\u012bgu. Specifik\u0101cija: Iesp\u0113ja pievienot 2 \u0161\u013c\u016btenes Materi\u0101ls: Anod\u0113ts ner\u016bs\u0113jo\u0161ais t\u0113rauds Kolba: [\u2026]<\/p>","protected":false},"featured_media":27144,"comment_status":"open","ping_status":"closed","template":"","meta":[],"_links":{"self":[{"href":"https:\/\/hookahshop.lt\/lv\/wp-json\/wp\/v2\/product\/27093"}],"collection":[{"href":"https:\/\/hookahshop.lt\/lv\/wp-json\/wp\/v2\/product"}],"about":[{"href":"https:\/\/hookahshop.lt\/lv\/wp-json\/wp\/v2\/types\/product"}],"replies":[{"embeddable":true,"href":"https:\/\/hookahshop.lt\/lv\/wp-json\/wp\/v2\/comments?post=27093"}],"version-history":[{"count":7,"href":"https:\/\/hookahshop.lt\/lv\/wp-json\/wp\/v2\/product\/27093\/revisions"}],"predecessor-version":[{"id":45676,"href":"https:\/\/hookahshop.lt\/lv\/wp-json\/wp\/v2\/product\/27093\/revisions\/45676"}],"wp:featuredmedia":[{"embeddable":true,"href":"https:\/\/hookahshop.lt\/lv\/wp-json\/wp\/v2\/media\/27144"}],"wp:attachment":[{"href":"https:\/\/hookahshop.lt\/lv\/wp-json\/wp\/v2\/media?parent=27093"}],"curies":[{"name":"wp","href":"https:\/\/api.w.org\/{rel}","templated":true}]}}