{"id":27142,"date":"2021-08-27T18:14:49","date_gmt":"2021-08-27T15:14:49","guid":{"rendered":"https:\/\/hookahshop.lt\/?post_type=product&#038;p=27142"},"modified":"2026-04-16T10:20:45","modified_gmt":"2026-04-16T07:20:45","slug":"difuzorius-kaljanui-amy-deluxe","status":"publish","type":"product","link":"https:\/\/hookahshop.lt\/lv\/produkt\/difuzors-for-hookah-amy-deluxe\/","title":{"rendered":"Difuzors \u016bdensp\u012bpei AMY DELUXE"},"content":{"rendered":"<h2>Difuzors \u016bdensp\u012bpei AMY DELUXE<\/h2>\n<p>Darba process ir l\u012bdz\u012bgs filtram, jo tas sadala gaisa burbu\u013cus, kas pace\u013cas kolb\u0101. T\u0101d\u0101 veid\u0101 d\u016bmi kolb\u0101 tiek atdzes\u0113ti. Tas ar\u012b nedaudz apsl\u0101p\u0113 \u016bdensp\u012bpes burbu\u013cojo\u0161o ska\u0146u, klus\u0101kai videi piem. skatoties filmu vai mijiedarbojoties ar citiem.<\/p>\n<p><strong>Lieto\u0161ana:<\/strong><br \/>\nDifuzors ir uzst\u0101d\u012bts uz \u016bdensp\u012bpes \u0101\u0137a (stumbra) gala.<\/p>\n<p><strong>Specifik\u0101cijas:<\/strong><br \/>\nMateri\u0101ls: ner\u016bs\u0113jo\u0161ais t\u0113rauds ar silikona bl\u012bvi<br \/>\nAugstums: 3,5 cm<br \/>\nPlatums: 2,5 cm<\/p>\n<p><strong>Pirms pas\u016bt\u012b\u0161anas jaut\u0101jiet, vai t\u0101 der\u0113s j\u016bsu \u016bdensp\u012bpei.<\/strong><\/p>\n<p>Vai jums ir k\u0101di jaut\u0101jumi? Sazinies ar mums\u00a0<a href=\"https:\/\/hookahshop.lt\/lv\/kontaktiem\/\">kontaktu lapa<\/a>\u00a0vai rakstiet mums pa e-pastu\u00a0<a href=\"https:\/\/facebook.com\/HookahShop.lt\/\" target=\"_blank\" rel=\"noopener noreferrer\">Facebook konts<\/a>\u00a0un m\u0113s atbild\u0113sim uz j\u016bsu piepras\u012bjumu taj\u0101 pa\u0161\u0101 dien\u0101.<\/p>","protected":false},"excerpt":{"rendered":"<p>Izklied\u0113t\u0101js \u016bdensp\u012bpei AMY DELUXE Darb\u012bbas process ir l\u012bdz\u012bgs filtram, jo tas izjauc kolb\u0101 augo\u0161os gaisa burbu\u013cus. T\u0101d\u0101 veid\u0101 d\u016bmi kolb\u0101 tiek atdzes\u0113ti. Tas ar\u012b nedaudz apsl\u0101p\u0113 \u016bdensp\u012bpes burbu\u013cojo\u0161o ska\u0146u, klus\u0101kai videi piem. skatoties filmu vai mijiedarbojoties ar citiem. Lieto\u0161ana: difuzors tiek novietots uz \u016bdensp\u012bpes k\u0101ta gala. Specifik\u0101cijas: Materi\u0101ls: Ner\u016bs\u0113jo\u0161ais t\u0113rauds ar silikona bl\u012bvi Augstums: 3,5 [\u2026]<\/p>","protected":false},"featured_media":27139,"comment_status":"open","ping_status":"closed","template":"","meta":[],"_links":{"self":[{"href":"https:\/\/hookahshop.lt\/lv\/wp-json\/wp\/v2\/product\/27142"}],"collection":[{"href":"https:\/\/hookahshop.lt\/lv\/wp-json\/wp\/v2\/product"}],"about":[{"href":"https:\/\/hookahshop.lt\/lv\/wp-json\/wp\/v2\/types\/product"}],"replies":[{"embeddable":true,"href":"https:\/\/hookahshop.lt\/lv\/wp-json\/wp\/v2\/comments?post=27142"}],"version-history":[{"count":5,"href":"https:\/\/hookahshop.lt\/lv\/wp-json\/wp\/v2\/product\/27142\/revisions"}],"predecessor-version":[{"id":33892,"href":"https:\/\/hookahshop.lt\/lv\/wp-json\/wp\/v2\/product\/27142\/revisions\/33892"}],"wp:featuredmedia":[{"embeddable":true,"href":"https:\/\/hookahshop.lt\/lv\/wp-json\/wp\/v2\/media\/27139"}],"wp:attachment":[{"href":"https:\/\/hookahshop.lt\/lv\/wp-json\/wp\/v2\/media?parent=27142"}],"curies":[{"name":"wp","href":"https:\/\/api.w.org\/{rel}","templated":true}]}}