{"id":27154,"date":"2021-08-27T18:28:50","date_gmt":"2021-08-27T15:28:50","guid":{"rendered":"https:\/\/hookahshop.lt\/?post_type=product&#038;p=27154"},"modified":"2026-04-18T23:28:45","modified_gmt":"2026-04-18T20:28:45","slug":"kaljanas-koress-k2-raw-umber","status":"publish","type":"product","link":"https:\/\/hookahshop.lt\/lv\/produkt\/udenspipe-koress-k2-raw-umber\/","title":{"rendered":"\u016adensp\u012bpe KORESS K2 Raw Umber"},"content":{"rendered":"<h2>\u016adensp\u012bpe KORESS K2 Raw Umber<\/h2>\n<p>Stil\u012bga \u016bdensp\u012bpe ar ekskluz\u012bvu dizainu ir izgatavota no kvalitat\u012bviem materi\u0101liem. Unik\u0101la \u016bdensp\u012bpes \u012bpa\u0161\u012bba ir iesp\u0113ja sesijas laik\u0101 viegli regul\u0113t \u016bdensp\u012bpes difuzoru un iegrimi.<\/p>\n<p><strong>Raksturojums:<\/strong><br \/>\n\u016adensp\u012bpes svars: ~1,5 kg<br \/>\nMateri\u0101ls: ner\u016bs\u0113jo\u0161ais t\u0113rauds AISI 304<br \/>\nV\u0101rpstas iek\u0161\u0113j\u0101 da\u013ca: ner\u016bs\u0113jo\u0161ais t\u0113rauds<br \/>\nDiametrs: 13mm<br \/>\nAugstums: 64 cm<br \/>\nDifuzors: no\u0146emams\/regul\u0113jams<br \/>\nSavienojums: magn\u0113tisks<br \/>\nIzcelsmes valsts: Krievija<\/p>\n<p><strong>Apr\u012bkojums:<\/strong><br \/>\nV\u0101rpsta, pl\u0101ksne, \u0161\u013c\u016btene, iemuts, bl\u012bves.<\/p>\n<p>Vai jums ir k\u0101di jaut\u0101jumi? Sazinies ar mums\u00a0<a href=\"https:\/\/hookahshop.lt\/lv\/kontaktiem\/\">kontaktu lapa<\/a>\u00a0vai rakstiet mums pa e-pastu\u00a0<a href=\"https:\/\/facebook.com\/HookahShop.lt\/\" target=\"_blank\" rel=\"noopener noreferrer\">Facebook konts<\/a>\u00a0un m\u0113s atbild\u0113sim uz j\u016bsu piepras\u012bjumu taj\u0101 pa\u0161\u0101 dien\u0101.<\/p>","protected":false},"excerpt":{"rendered":"<p>\u016adensp\u012bpe KORESS K2 Raw Umber Stil\u012bga, ekskluz\u012bva dizaina \u016bdensp\u012bpe no kvalitat\u012bviem materi\u0101liem. Unik\u0101la \u016bdensp\u012bpes \u012bpa\u0161\u012bba ir iesp\u0113ja sesijas laik\u0101 viegli regul\u0113t \u016bdensp\u012bpes difuzoru un iegrimi. Raksturojums: \u016adensp\u012bpes svars: ~1,5 kg Materi\u0101ls: ner\u016bs\u0113jo\u0161ais t\u0113rauds AISI 304 V\u0101rpstas iek\u0161\u0113j\u0101 da\u013ca: ner\u016bs\u0113jo\u0161ais t\u0113rauds Diametrs: 13mm Augstums: 64 cm Difuzors: no\u0146emams\/regul\u0113jams Savienot\u0101js: magn\u0113tisks Izcelsmes valsts: Krievija Komplekt\u0101cija: V\u0101rpsta, [\u2026]<\/p>","protected":false},"featured_media":27155,"comment_status":"open","ping_status":"closed","template":"","meta":[],"_links":{"self":[{"href":"https:\/\/hookahshop.lt\/lv\/wp-json\/wp\/v2\/product\/27154"}],"collection":[{"href":"https:\/\/hookahshop.lt\/lv\/wp-json\/wp\/v2\/product"}],"about":[{"href":"https:\/\/hookahshop.lt\/lv\/wp-json\/wp\/v2\/types\/product"}],"replies":[{"embeddable":true,"href":"https:\/\/hookahshop.lt\/lv\/wp-json\/wp\/v2\/comments?post=27154"}],"version-history":[{"count":5,"href":"https:\/\/hookahshop.lt\/lv\/wp-json\/wp\/v2\/product\/27154\/revisions"}],"predecessor-version":[{"id":27566,"href":"https:\/\/hookahshop.lt\/lv\/wp-json\/wp\/v2\/product\/27154\/revisions\/27566"}],"wp:featuredmedia":[{"embeddable":true,"href":"https:\/\/hookahshop.lt\/lv\/wp-json\/wp\/v2\/media\/27155"}],"wp:attachment":[{"href":"https:\/\/hookahshop.lt\/lv\/wp-json\/wp\/v2\/media?parent=27154"}],"curies":[{"name":"wp","href":"https:\/\/api.w.org\/{rel}","templated":true}]}}