{"id":27167,"date":"2021-08-27T19:25:40","date_gmt":"2021-08-27T16:25:40","guid":{"rendered":"https:\/\/hookahshop.lt\/?post_type=product&#038;p=27167"},"modified":"2026-04-17T23:29:37","modified_gmt":"2026-04-17T20:29:37","slug":"taurele-kaljanui-oblako-flow-phunnel-bronze","status":"publish","type":"product","link":"https:\/\/hookahshop.lt\/lv\/produkt\/kauss-udenspipe-makonis-plusma-piltuve-bronza\/","title":{"rendered":"Kauss \u016bdensp\u012bpei OBLAKO Flow Phunnel Bronze"},"content":{"rendered":"<h2>Kauss \u016bdensp\u012bpei OBLAKO Flow Phunnel Bronze<\/h2>\n<p>Oblako, kas ir slavens ar \u012bpa\u0161i stil\u012bgaj\u0101m kr\u016bz\u012bt\u0113m, ir izlaidis produktu, kas var apmierin\u0101t gandr\u012bz katru \u016bdensp\u012bpes cien\u012bt\u0101ju ne tikai t\u0101 uzticam\u012bbas un daudzpus\u012bbas, bet ar\u012b Oblako FLOW izskata d\u0113\u013c. \u0160\u012b ir jaun\u0101s paaudzes phunnel tipa kauss \u016bdensp\u012bpei. Izgatavots p\u0113c standarta phunnel tipa principa ar vienu caurumu un nelielu \u012bpa\u0161i sarkanu da\u013cu, kas paredz\u0113ta, lai atvieglotu \u016bdensp\u012bpes mais\u012bjuma pievieno\u0161anu \u016bdensp\u012bpes kr\u016bzei, nezaud\u0113jot mais\u012bjumu \u016bdensp\u012bpei. T\u0101 k\u0101 caurums no aug\u0161as tiek aizv\u0113rts ar papildu da\u013cas pal\u012bdz\u012bbu, \u016bdensp\u012bpes mais\u012bjums neietilps caurum\u0101 k\u0101 parast\u0101 phunnel tipa kr\u016bz\u0113. \u0160\u012bs kr\u016bzes pagatavo\u0161ana b\u016bs \u0101tr\u0101ka un pat vienk\u0101r\u0161\u0101ka.<br \/>\nOBLAKO izmanto tikai cilv\u0113kiem draudz\u012bgu p\u0101rtikas glaz\u016bru, ko izstr\u0101d\u0101ju\u0161i partneri specializ\u0113t\u0101s laboratorij\u0101s, kas atrodas G\u017ee\u013cskoje, vien\u0101 no Krievijas tradicion\u0101lajiem keramikas ra\u017eo\u0161anas centriem.<br \/>\nTabakas tase satur: 18-23 g.<\/p>\n<p><strong>Specifik\u0101cijas:<\/strong><br \/>\nMateri\u0101ls: m\u0101ls<br \/>\nSuga: phennel<br \/>\nAugstums: 12cm<br \/>\nDiametrs (aug\u0161pus\u0113): 6 cm<br \/>\nDiametrs (stumbra): 2,8 cm<br \/>\nUrbumu skaits: 1<\/p>\n<p>Vai jums ir k\u0101di jaut\u0101jumi? Sazinies ar mums\u00a0<a href=\"https:\/\/hookahshop.lt\/lv\/kontaktiem\/\">kontaktu lapa<\/a>\u00a0vai rakstiet mums pa e-pastu\u00a0<a href=\"https:\/\/facebook.com\/HookahShop.lt\/\" target=\"_blank\" rel=\"noopener noreferrer\">Facebook konts<\/a>\u00a0un m\u0113s atbild\u0113sim uz j\u016bsu piepras\u012bjumu taj\u0101 pa\u0161\u0101 dien\u0101.<\/p>","protected":false},"excerpt":{"rendered":"<p>\u016adensp\u012bpes kr\u016bz\u012bte OBLAKO Flow Phunnel Bronze Uz\u0146\u0113mums &quot;Oblako&quot;, kas slavens ar saviem \u0101rk\u0101rt\u012bgi stil\u012bgajiem kr\u016bz\u012bt\u0113m, ir izlaidis produktu, kas var apmierin\u0101t gandr\u012bz ikvienu \u016bdensp\u012bpes cien\u012bt\u0101ju ne tikai pateicoties t\u0101 uzticam\u012bbai un daudzpus\u012bbai, bet ar\u012b &quot;Oblako FLOW&quot; izskatam. \u0160\u012b ir jaun\u0101s paaudzes phunnel tipa kr\u016bz\u012bte \u016bdensp\u012bpei. Izgatavota p\u0113c standarta phunnel tipa principa ar vienu caurumu un nelielu papildu sarkanu da\u013cu, kas paredz\u0113ta, lai atvieglotu [\u2026]<\/p>","protected":false},"featured_media":27168,"comment_status":"open","ping_status":"closed","template":"","meta":[],"_links":{"self":[{"href":"https:\/\/hookahshop.lt\/lv\/wp-json\/wp\/v2\/product\/27167"}],"collection":[{"href":"https:\/\/hookahshop.lt\/lv\/wp-json\/wp\/v2\/product"}],"about":[{"href":"https:\/\/hookahshop.lt\/lv\/wp-json\/wp\/v2\/types\/product"}],"replies":[{"embeddable":true,"href":"https:\/\/hookahshop.lt\/lv\/wp-json\/wp\/v2\/comments?post=27167"}],"version-history":[{"count":3,"href":"https:\/\/hookahshop.lt\/lv\/wp-json\/wp\/v2\/product\/27167\/revisions"}],"predecessor-version":[{"id":33259,"href":"https:\/\/hookahshop.lt\/lv\/wp-json\/wp\/v2\/product\/27167\/revisions\/33259"}],"wp:featuredmedia":[{"embeddable":true,"href":"https:\/\/hookahshop.lt\/lv\/wp-json\/wp\/v2\/media\/27168"}],"wp:attachment":[{"href":"https:\/\/hookahshop.lt\/lv\/wp-json\/wp\/v2\/media?parent=27167"}],"curies":[{"name":"wp","href":"https:\/\/api.w.org\/{rel}","templated":true}]}}