{"id":27266,"date":"2021-09-02T00:03:25","date_gmt":"2021-09-01T21:03:25","guid":{"rendered":"https:\/\/hookahshop.lt\/?post_type=product&#038;p=27266"},"modified":"2026-04-15T23:29:04","modified_gmt":"2026-04-15T20:29:04","slug":"kolba-kaljanui-daly-black-red","status":"publish","type":"product","link":"https:\/\/hookahshop.lt\/lv\/produkt\/kolba-for-udenspipe-daly-black-red\/","title":{"rendered":"Kolba \u016bdensp\u012bpei DALY Black Red"},"content":{"rendered":"<h2>Kolba \u016bdensp\u012bpei DALY Black Red<\/h2>\n<p>\u0160\u012b kolba ir izgatavota no augstas kvalit\u0101tes bieza stikla. Kolbas pamatne ir izgatavota no melna stikla, kas k\u013c\u016bst sarkans.<\/p>\n<p><strong>Specifik\u0101cijas:<\/strong><br \/>\nAugstums: 243 mm<br \/>\nSvars: ~ 1775 g<br \/>\n\u0100r\u0113j\u0101 cauruma diametrs: 70 mm<br \/>\nIek\u0161\u0113j\u0101 cauruma diametrs: 48 mm<br \/>\nProdukta materi\u0101ls: stikls<\/p>\n<p>Vai jums ir k\u0101di jaut\u0101jumi? Sazinies ar mums\u00a0<a href=\"https:\/\/hookahshop.lt\/lv\/kontaktiem\/\">kontaktu lapa<\/a>\u00a0vai rakstiet mums pa e-pastu\u00a0<a href=\"https:\/\/facebook.com\/HookahShop.lt\/\" target=\"_blank\" rel=\"noopener noreferrer\">Facebook konts<\/a>\u00a0un m\u0113s atbild\u0113sim uz j\u016bsu piepras\u012bjumu taj\u0101 pa\u0161\u0101 dien\u0101.<\/p>\n<p>&nbsp;<\/p>","protected":false},"excerpt":{"rendered":"<p>Kolba kaljanui DALY Black Red \u0160i kolba pagaminta i\u0161 auk\u0161tos kokyb\u0117s storo stiklo. Kolbos pagrindas pagamintas i\u0161 juodo stiklo, kuris pereina \u012f raudon\u0105 spalv\u0105. Specifikacijos: Auk\u0161tis: 243 mm Svoris: ~ 1775 g I\u0161orin\u0117s skyl\u0117s skersmuo: 70 mm Vidin\u0117s skyl\u0117s skersmuo: 48 mm Produkto med\u017eiaga: stiklas Turite klausim\u0173? Susisiekite su mumis\u00a0kontakt\u0173 puslapyje\u00a0arba para\u0161ykite mums \u012f\u00a0Facebook paskyr\u0105\u00a0ir [&hellip;]<\/p>","protected":false},"featured_media":27267,"comment_status":"open","ping_status":"closed","template":"","meta":[],"_links":{"self":[{"href":"https:\/\/hookahshop.lt\/lv\/wp-json\/wp\/v2\/product\/27266"}],"collection":[{"href":"https:\/\/hookahshop.lt\/lv\/wp-json\/wp\/v2\/product"}],"about":[{"href":"https:\/\/hookahshop.lt\/lv\/wp-json\/wp\/v2\/types\/product"}],"replies":[{"embeddable":true,"href":"https:\/\/hookahshop.lt\/lv\/wp-json\/wp\/v2\/comments?post=27266"}],"version-history":[{"count":5,"href":"https:\/\/hookahshop.lt\/lv\/wp-json\/wp\/v2\/product\/27266\/revisions"}],"predecessor-version":[{"id":45020,"href":"https:\/\/hookahshop.lt\/lv\/wp-json\/wp\/v2\/product\/27266\/revisions\/45020"}],"wp:featuredmedia":[{"embeddable":true,"href":"https:\/\/hookahshop.lt\/lv\/wp-json\/wp\/v2\/media\/27267"}],"wp:attachment":[{"href":"https:\/\/hookahshop.lt\/lv\/wp-json\/wp\/v2\/media?parent=27266"}],"curies":[{"name":"wp","href":"https:\/\/api.w.org\/{rel}","templated":true}]}}