{"id":27833,"date":"2021-09-28T19:50:04","date_gmt":"2021-09-28T16:50:04","guid":{"rendered":"https:\/\/hookahshop.lt\/?post_type=product&#038;p=27833"},"modified":"2026-04-15T12:29:22","modified_gmt":"2026-04-15T09:29:22","slug":"valymo-priemone-kaljanui-nilitex-50ml","status":"publish","type":"product","link":"https:\/\/hookahshop.lt\/lv\/produkt\/tirisanas-lidzeklis-udenspipei-nilitex-50ml\/","title":{"rendered":"\u016adensp\u012bpes t\u012br\u012bt\u0101js NILITEX 50ml"},"content":{"rendered":"<h2>T\u012aR\u012aT\u0100JS VIRPES NILITEX 50ML<\/h2>\n<p>Antibakteri\u0101ls \u016bdensp\u012bpes kop\u0161anas l\u012bdzeklis atvieglos nepiecie\u0161amo \u016bdensp\u012bpes kop\u0161anu un nodro\u0161in\u0101s ier\u012bces labu st\u0101vokli ilg\u0101k\u0101 laika period\u0101.<br \/>\nTiek pagarin\u0101ts bie\u017ei mazg\u0101t\u0101s \u016bdensp\u012bpes un t\u0101s piederumu kalpo\u0161anas laiks. Regul\u0101ra \u016bdensp\u012bpes un t\u0101s piederumu mazg\u0101\u0161ana pal\u012bdz\u0113s nov\u0113rst izskata izmai\u0146as, r\u016bsu, nepat\u012bkamu smaku.<\/p>\n<p>KOMPLEKTS Sast\u0101v no:<br \/>\n\u016adensp\u012bpes t\u012br\u012bt\u0101js NILITEX 50ml, 1 gab.<\/p>\n<p>SPECIFIK\u0100CIJA:<br \/>\nZiedu konsistence.<br \/>\nNeitr\u0101la smaka.<br \/>\nNesatur hloru.<br \/>\nIzn\u012bcina bakt\u0113rijas un mikrobus.<br \/>\nNov\u0113r\u0161 nepat\u012bkamas smakas.<br \/>\nTas nesaskr\u0101p\u0113, nesaboj\u0101 un neizbal\u0113 \u016bdensp\u012bpes deta\u013cas.<br \/>\nParedz\u0113ts da\u017e\u0101d\u0101m virsm\u0101m (\u016bdensp\u012bpes kolbas, \u0161\u013c\u016btenes utt.).<\/p>\n<p>LIETO\u0160ANA:<br \/>\n- Kolbas t\u012br\u012b\u0161ana \u016bdensp\u012bpei. Lai not\u012br\u012btu \u016bdensp\u012bpes kolbu, pievienojiet tai da\u017eus pilienus zieda un p\u0113c tam pievienojiet apm\u0113ram 300\u2013500 ml \u016bdens (atkar\u012bb\u0101 no kolbas formas un tilpuma). Nomazg\u0101jiet kolbas iek\u0161pusi ar suku \u016bdensp\u012bpes kolbai. Lai no\u0146emtu smar\u017eu no kolbas, pietiek ar to, lai kolb\u0101 pievienotu da\u017eus pilienus zieda un \u016bdens, atkar\u012bb\u0101 no kolbas tilpuma, p\u0113c tam sakratiet kolbu ar taj\u0101 eso\u0161o mais\u012bjumu, l\u012bdz zieds iz\u0161\u0137\u012bst \u016bden\u012b.<br \/>\nP\u0113c kolbas t\u012br\u012b\u0161anas iztuk\u0161ojiet ziedu un \u016bdens mais\u012bjumu un noskalojiet kolbu ar t\u012bru \u016bdeni 2-3 reizes, l\u012bdz nav j\u016btama smaka.<\/p>\n<p>- \u0161\u013c\u016btene \u016bdensp\u012bpes t\u012br\u012b\u0161anai. Lai not\u012br\u012btu \u016bdensp\u012bpes \u0161\u013c\u016bteni, pievienojiet tai da\u017eus pilienus zieda. Turot \u0161\u013c\u016btenes galus U form\u0101, pievienojiet tam apm\u0113ram 50 ml \u016bdens. Turiet abus \u0161\u013c\u016btenes galus ar pirkstiem un k\u0101rt\u012bgi sakratiet, lai sakrat\u012btu \u0161\u0137idrumu iek\u0161pus\u0113.<br \/>\nP\u0113c \u0161\u013c\u016btenes t\u012br\u012b\u0161anas ziedu un \u016bdens mais\u012bjums ir j\u0101iztuk\u0161o, un \u0161\u013c\u016btene 2-3 reizes j\u0101izskalo ar t\u012bru \u016bdeni, l\u012bdz nav j\u016btama smaka.<\/p>\n<p>- V\u0101rpstas t\u012br\u012b\u0161ana. Lai not\u012br\u012btu \u016bdensp\u012bpes v\u0101rpstu, pievienojiet tam da\u017eus pilienus zieda un p\u0113c tam ielejiet \u016bdeni. Nomazg\u0101jiet v\u0101rpstas iek\u0161pusi ar pl\u0101n\u0101m \u016bdensp\u012bpes v\u0101rpstas suk\u0101m.<br \/>\nP\u0113c v\u0101rpstas t\u012br\u012b\u0161anas ziedu un \u016bdens mais\u012bjums j\u0101iztuk\u0161o un \u0161\u013c\u016btene 2-3 reizes j\u0101noskalo ar t\u012bru \u016bdeni, l\u012bdz nav j\u016btama smaka.<\/p>\n<p>Vai jums ir k\u0101di jaut\u0101jumi? Sazinies ar mums\u00a0<a href=\"https:\/\/hookahshop.lt\/lv\/kontaktiem\/\">kontaktu lapa<\/a>\u00a0vai rakstiet mums pa e-pastu\u00a0<a href=\"https:\/\/facebook.com\/HookahShop.lt\/\" target=\"_blank\" rel=\"noopener noreferrer\">Facebook konts<\/a>\u00a0un m\u0113s atbild\u0113sim uz j\u016bsu piepras\u012bjumu taj\u0101 pa\u0161\u0101 dien\u0101.<\/p>","protected":false},"excerpt":{"rendered":"<p>T\u012aR\u012aT\u0100JS PIEPEI NILITEX 50ML Antibakteri\u0101lais t\u012br\u012b\u0161anas l\u012bdzeklis \u016bdensp\u012bpes kop\u0161anai atvieglos nepiecie\u0161amo \u016bdensp\u012bpju kop\u0161anu un nodro\u0161in\u0101s labu ier\u012bces st\u0101vokli uz ilg\u0101ku laiku. \u016adensp\u012bpes un t\u0101s piederumu kalpo\u0161anas laiks pagarin\u0101s, ja to bie\u017ei mazg\u0101. Regul\u0101ra \u016bdensp\u012bpes un t\u0101s piederumu mazg\u0101\u0161ana pal\u012bdz\u0113s nov\u0113rst izskata izmai\u0146as, r\u016bs\u0113\u0161anu un nepat\u012bkamas smakas. KOMPLEKTS IETVER: T\u012br\u012b\u0161anas l\u012bdzeklis \u016bdensp\u012bpei NILITEX 50ml, 1 gab. SPECIFIK\u0100CIJA: [\u2026]<\/p>","protected":false},"featured_media":27837,"comment_status":"open","ping_status":"closed","template":"","meta":[],"_links":{"self":[{"href":"https:\/\/hookahshop.lt\/lv\/wp-json\/wp\/v2\/product\/27833"}],"collection":[{"href":"https:\/\/hookahshop.lt\/lv\/wp-json\/wp\/v2\/product"}],"about":[{"href":"https:\/\/hookahshop.lt\/lv\/wp-json\/wp\/v2\/types\/product"}],"replies":[{"embeddable":true,"href":"https:\/\/hookahshop.lt\/lv\/wp-json\/wp\/v2\/comments?post=27833"}],"version-history":[{"count":7,"href":"https:\/\/hookahshop.lt\/lv\/wp-json\/wp\/v2\/product\/27833\/revisions"}],"predecessor-version":[{"id":33079,"href":"https:\/\/hookahshop.lt\/lv\/wp-json\/wp\/v2\/product\/27833\/revisions\/33079"}],"wp:featuredmedia":[{"embeddable":true,"href":"https:\/\/hookahshop.lt\/lv\/wp-json\/wp\/v2\/media\/27837"}],"wp:attachment":[{"href":"https:\/\/hookahshop.lt\/lv\/wp-json\/wp\/v2\/media?parent=27833"}],"curies":[{"name":"wp","href":"https:\/\/api.w.org\/{rel}","templated":true}]}}