{"id":27901,"date":"2021-10-01T21:53:59","date_gmt":"2021-10-01T18:53:59","guid":{"rendered":"https:\/\/hookahshop.lt\/?post_type=product&#038;p=27901"},"modified":"2026-04-15T23:29:07","modified_gmt":"2026-04-15T20:29:07","slug":"sirupo-gaudykle-yahya-elegance-red","status":"publish","type":"product","link":"https:\/\/hookahshop.lt\/lv\/produkt\/sirups-trap-yahya-elegance-ed\/","title":{"rendered":"S\u012brupa slazds YAHYA Elegance Red"},"content":{"rendered":"<h2>S\u012brupa slazds YAHYA Elegance Red<\/h2>\n<p>Yahya Elegance \u016bdensp\u012bpes s\u012brupa \u0137\u0113r\u0113js ir stil\u012bgs aksesu\u0101rs tabakas s\u012brupa \u0137er\u0161anai un sav\u0101k\u0161anai. Viegli atskr\u016bv\u0113t un t\u012br\u012bt.<br \/>\nNov\u0113rsiet tabakas lapu un s\u012brupa iek\u013c\u016b\u0161anu kolb\u0101 un \u016bdensp\u012bpes k\u0101t\u0101. S\u012brups un tabaka neuzkr\u0101jas \u0161aht\u0101, kas atvieglo mazg\u0101\u0161anu un pie\u0161\u0137ir t\u012br\u0101ku gar\u0161u. Aizsarg\u0101 pret dzeltenumu kolb\u0101. Tagad, mainot kr\u016bz\u012bti, nav nepiecie\u0161ams katru reizi mazg\u0101t \u016bdensp\u012bpi, lai no\u0146emtu s\u012brupu.<\/p>\n<p>Raksturojums:<\/p>\n<p>Kr\u0101sa: sarkana<br \/>\nAugstums: 60mm<br \/>\nDiametrs (\u0101r\u0113jais): 48 mm<br \/>\nDiametrs (iek\u0161\u0113jais): 23 mm<br \/>\nSvars: apm\u0113ram 90 g<\/p>\n<p>Vai jums ir k\u0101di jaut\u0101jumi? Sazinies ar mums\u00a0<a href=\"https:\/\/hookahshop.lt\/lv\/kontaktiem\/\">kontaktu lapa<\/a>\u00a0vai rakstiet mums pa e-pastu\u00a0<a href=\"https:\/\/facebook.com\/HookahShop.lt\/\" target=\"_blank\" rel=\"noopener noreferrer\">Facebook konts<\/a>\u00a0un m\u0113s atbild\u0113sim uz j\u016bsu piepras\u012bjumu taj\u0101 pa\u0161\u0101 dien\u0101.<\/p>","protected":false},"excerpt":{"rendered":"<p>S\u012brupa slazds YAHYA Elegance Red Hookah s\u012brupa slazds &quot;Yahya Elegance&quot; ir stil\u012bgs aksesu\u0101rs tabakas s\u012brupa \u0137er\u0161anai un sav\u0101k\u0161anai. Viegli atskr\u016bv\u0113t un t\u012br\u012bt. Ne\u013cauj tabakas lap\u0101m un s\u012brupam iek\u013c\u016bt kolb\u0101 un \u016bdensp\u012bpes k\u0101t\u0101. K\u0101ti\u0146\u0101 neuzkr\u0101jas s\u012brups un tabaka, kas atvieglo mazg\u0101\u0161anu un pie\u0161\u0137ir t\u012br\u0101ku gar\u0161u. Nov\u0113r\u0161 dzeltenumu kolb\u0101. Tagad, mainot kr\u016bz\u012bti, nav [\u2026]<\/p>","protected":false},"featured_media":27913,"comment_status":"open","ping_status":"closed","template":"","meta":[],"_links":{"self":[{"href":"https:\/\/hookahshop.lt\/lv\/wp-json\/wp\/v2\/product\/27901"}],"collection":[{"href":"https:\/\/hookahshop.lt\/lv\/wp-json\/wp\/v2\/product"}],"about":[{"href":"https:\/\/hookahshop.lt\/lv\/wp-json\/wp\/v2\/types\/product"}],"replies":[{"embeddable":true,"href":"https:\/\/hookahshop.lt\/lv\/wp-json\/wp\/v2\/comments?post=27901"}],"version-history":[{"count":3,"href":"https:\/\/hookahshop.lt\/lv\/wp-json\/wp\/v2\/product\/27901\/revisions"}],"predecessor-version":[{"id":29580,"href":"https:\/\/hookahshop.lt\/lv\/wp-json\/wp\/v2\/product\/27901\/revisions\/29580"}],"wp:featuredmedia":[{"embeddable":true,"href":"https:\/\/hookahshop.lt\/lv\/wp-json\/wp\/v2\/media\/27913"}],"wp:attachment":[{"href":"https:\/\/hookahshop.lt\/lv\/wp-json\/wp\/v2\/media?parent=27901"}],"curies":[{"name":"wp","href":"https:\/\/api.w.org\/{rel}","templated":true}]}}