{"id":27914,"date":"2021-10-01T23:08:38","date_gmt":"2021-10-01T20:08:38","guid":{"rendered":"https:\/\/hookahshop.lt\/?post_type=product&#038;p=27914"},"modified":"2026-04-18T23:28:36","modified_gmt":"2026-04-18T20:28:36","slug":"individualus-kaljano-kandiklis-bigmaks-steel","status":"publish","type":"product","link":"https:\/\/hookahshop.lt\/lv\/produkt\/individualais-udenspipes-iemutnis-bigmaks-terauds\/","title":{"rendered":"Individu\u0101ls \u016bdensp\u012bpes iemutnis BIGMAKS Steel"},"content":{"rendered":"<h2>Individu\u0101ls \u016bdensp\u012bpes iemutnis BIGMAKS Steel<\/h2>\n<p>Person\u012bgais iemutnis ir noder\u012bgs piederums vienreiz\u0113j\u0101s lieto\u0161anas iemut\u0146a nomai\u0146ai. \u012apa\u0161i svar\u012bgi ir iev\u0113rot person\u012bgo higi\u0113nu, ja uz\u0146\u0113mum\u0101 sm\u0113\u0137\u0113jat \u016bdensp\u012bpi.<br \/>\nIemuts ir izgatavots no m\u012bksta piesk\u0101riena silikona ar ner\u016bs\u0113jo\u0161\u0101 t\u0113rauda galu. Materi\u0101ls ir viegli t\u012br\u0101ms. Siksni\u0146a ir izgatavota ar\u012b no m\u012bksta sint\u0113tiska materi\u0101la, kas pie\u0161\u0137ir tai stil\u012bgu sp\u012bdumu un pat\u012bkamu tekst\u016bru, kas nerada diskomfortu, saskaroties ar kakla \u0101du.<\/p>\n<p>SPECIFIK\u0100CIJAS:<br \/>\nJostas garums: 890 mm<br \/>\nJostas materi\u0101ls: audums ar BigMaks logotipu<br \/>\nIemutes garums: 63 mm<br \/>\nMutes p\u0101rkl\u0101jums: ner\u016bs\u0113jo\u0161ais t\u0113rauds<br \/>\nSvars: apm\u0113ram 55 g<\/p>\n<p>Vai jums ir k\u0101di jaut\u0101jumi? Sazinies ar mums\u00a0<a href=\"https:\/\/hookahshop.lt\/lv\/kontaktiem\/\">kontaktu lapa<\/a>\u00a0vai rakstiet mums pa e-pastu\u00a0<a href=\"https:\/\/facebook.com\/HookahShop.lt\/\" target=\"_blank\" rel=\"noopener noreferrer\">Facebook konts<\/a>\u00a0un m\u0113s atbild\u0113sim uz j\u016bsu piepras\u012bjumu taj\u0101 pa\u0161\u0101 dien\u0101.<\/p>","protected":false},"excerpt":{"rendered":"<p>Atsevi\u0161\u0137s \u016bdensp\u012bpes iemutnis BIGMAKS Steel Personal iemuti ir noder\u012bgs aksesu\u0101rs vienreiz\u0113j\u0101s lieto\u0161anas iemut\u0146a aizst\u0101\u0161anai. \u012apa\u0161i svar\u012bgi ir iev\u0113rot person\u012bgo higi\u0113nu, ja uz\u0146\u0113mum\u0101 sm\u0113\u0137\u0113jat \u016bdensp\u012bpi. Iemuts ir izgatavots no m\u012bksta piesk\u0101riena silikona ar ner\u016bs\u0113jo\u0161\u0101 t\u0113rauda galu. Materi\u0101ls ir viegli t\u012br\u0101ms. Josta ir izgatavota ar\u012b no m\u012bksta sint\u0113tiska materi\u0101la, kas pie\u0161\u0137ir tai stil\u012bgu sp\u012bdumu un pat\u012bkamu tekst\u016bru, kas nerada diskomfortu [\u2026]<\/p>","protected":false},"featured_media":27915,"comment_status":"open","ping_status":"closed","template":"","meta":[],"_links":{"self":[{"href":"https:\/\/hookahshop.lt\/lv\/wp-json\/wp\/v2\/product\/27914"}],"collection":[{"href":"https:\/\/hookahshop.lt\/lv\/wp-json\/wp\/v2\/product"}],"about":[{"href":"https:\/\/hookahshop.lt\/lv\/wp-json\/wp\/v2\/types\/product"}],"replies":[{"embeddable":true,"href":"https:\/\/hookahshop.lt\/lv\/wp-json\/wp\/v2\/comments?post=27914"}],"version-history":[{"count":7,"href":"https:\/\/hookahshop.lt\/lv\/wp-json\/wp\/v2\/product\/27914\/revisions"}],"predecessor-version":[{"id":45405,"href":"https:\/\/hookahshop.lt\/lv\/wp-json\/wp\/v2\/product\/27914\/revisions\/45405"}],"wp:featuredmedia":[{"embeddable":true,"href":"https:\/\/hookahshop.lt\/lv\/wp-json\/wp\/v2\/media\/27915"}],"wp:attachment":[{"href":"https:\/\/hookahshop.lt\/lv\/wp-json\/wp\/v2\/media?parent=27914"}],"curies":[{"name":"wp","href":"https:\/\/api.w.org\/{rel}","templated":true}]}}