{"id":27921,"date":"2021-10-02T00:08:22","date_gmt":"2021-10-01T21:08:22","guid":{"rendered":"https:\/\/hookahshop.lt\/?post_type=product&#038;p=27921"},"modified":"2026-04-10T23:29:07","modified_gmt":"2026-04-10T20:29:07","slug":"kandiklis-kaljanui-arma-black","status":"publish","type":"product","link":"https:\/\/hookahshop.lt\/lv\/produkt\/iemutnis-udenspipei-arma-melns\/","title":{"rendered":"\u0100\u0137is \u016bdensp\u012bpei ARMA Black"},"content":{"rendered":"<h2>\u0100\u0137is \u016bdensp\u012bpei ARMA Black<\/h2>\n<p>Iemutis sast\u0101v no div\u0101m da\u013c\u0101m. Komplekt\u0101 ietilpst savienot\u0101js.<br \/>\nMute + savienot\u0101js ARMA ir \u0113rts rok\u0101 un piem\u0113rots da\u017e\u0101d\u0101m \u016bdensp\u012bp\u0113m.<\/p>\n<p>SPECIFIK\u0100CIJA:<br \/>\nMateri\u0101ls: alum\u012bnijs<br \/>\nKr\u0101sa melna<br \/>\nIzp\u016bt\u0113ja garums: 305 mm<br \/>\nIemutes iek\u0161\u0113jais diametrs: 9mm<br \/>\nSavienot\u0101ja garums: 58 mm<br \/>\nIek\u0161\u0113j\u0101 savienot\u0101ja garums: 10 mm<br \/>\nKop\u0113jais iemut\u0146a svars ar savienot\u0101ju ir 115 g.<\/p>\n<p>Vai jums ir k\u0101di jaut\u0101jumi? Sazinies ar mums\u00a0<a href=\"https:\/\/hookahshop.lt\/lv\/kontaktiem\/\">kontaktu lapa<\/a>\u00a0vai rakstiet mums pa e-pastu\u00a0<a href=\"https:\/\/facebook.com\/HookahShop.lt\/\" target=\"_blank\" rel=\"noopener noreferrer\">Facebook konts<\/a>\u00a0un m\u0113s atbild\u0113sim uz j\u016bsu piepras\u012bjumu taj\u0101 pa\u0161\u0101 dien\u0101.<\/p>","protected":false},"excerpt":{"rendered":"<p>Iemutis \u016bdensp\u012bpei ARMA Black Iemutis sast\u0101v no div\u0101m da\u013c\u0101m. Komplekt\u0101 ietilpst savienot\u0101js. Mute + savienot\u0101js ARMA ir \u0113rts rok\u0101 un piem\u0113rots da\u017e\u0101d\u0101m \u016bdensp\u012bp\u0113m. SPECIFIK\u0100CIJA: Materi\u0101ls: alum\u012bnijs Kr\u0101sa: melns Izp\u016bt\u0113ja garums: 305mm Izp\u016bt\u0113ja iek\u0161\u0113jais diametrs: 9mm Savienot\u0101ja garums: 58mm Savienot\u0101ja iek\u0161\u0113jais garums: 10mm Izp\u016bt\u0113js ar savienot\u0101ju kop\u0113jais svars 115g. Vai jums ir k\u0101di jaut\u0101jumi? Sazinieties ar mums kontaktu lap\u0101 vai rakstiet [...]<\/p>","protected":false},"featured_media":27922,"comment_status":"open","ping_status":"closed","template":"","meta":[],"_links":{"self":[{"href":"https:\/\/hookahshop.lt\/lv\/wp-json\/wp\/v2\/product\/27921"}],"collection":[{"href":"https:\/\/hookahshop.lt\/lv\/wp-json\/wp\/v2\/product"}],"about":[{"href":"https:\/\/hookahshop.lt\/lv\/wp-json\/wp\/v2\/types\/product"}],"replies":[{"embeddable":true,"href":"https:\/\/hookahshop.lt\/lv\/wp-json\/wp\/v2\/comments?post=27921"}],"version-history":[{"count":4,"href":"https:\/\/hookahshop.lt\/lv\/wp-json\/wp\/v2\/product\/27921\/revisions"}],"predecessor-version":[{"id":42996,"href":"https:\/\/hookahshop.lt\/lv\/wp-json\/wp\/v2\/product\/27921\/revisions\/42996"}],"wp:featuredmedia":[{"embeddable":true,"href":"https:\/\/hookahshop.lt\/lv\/wp-json\/wp\/v2\/media\/27922"}],"wp:attachment":[{"href":"https:\/\/hookahshop.lt\/lv\/wp-json\/wp\/v2\/media?parent=27921"}],"curies":[{"name":"wp","href":"https:\/\/api.w.org\/{rel}","templated":true}]}}