{"id":28082,"date":"2021-10-11T14:39:40","date_gmt":"2021-10-11T11:39:40","guid":{"rendered":"https:\/\/hookahshop.lt\/?post_type=product&#038;p=28082"},"modified":"2026-04-17T23:29:23","modified_gmt":"2026-04-17T20:29:23","slug":"kaljano-komplektas-aladin-alux-m3-black","status":"publish","type":"product","link":"https:\/\/hookahshop.lt\/lv\/produkt\/hookah-kit-aladin-alux-m3-black\/","title":{"rendered":"\u0100\u0137u komplekts ALADIN Alux M3 Black"},"content":{"rendered":"<h2>\u0100\u0137u komplekts ALADIN Alux M3 Black<\/h2>\n<p>\u016adensp\u012bpe ar saviem kvalitat\u012bvajiem materi\u0101liem atst\u0101j p\u0101rsteidzo\u0161us iespaidus. Kvalitat\u012bva meistar\u012bba un individu\u0101ls dizains neatst\u0101s j\u016bs vienaldz\u012bgus.<br \/>\nPateicoties kompaktajam izm\u0113ram, tas ir ide\u0101ls ce\u013cabiedrs tiem, kas v\u0113las, lai ce\u013c\u0101 b\u016btu kvalitat\u012bvs produkts.<br \/>\nKombin\u0113t\u0101 versija: v\u0101rpstas \/ masta apak\u0161\u0113j\u0101 da\u013ca, kas saskaras ar \u016bdeni, ir izgatavota no ner\u016bs\u0113jo\u0161\u0101 t\u0113rauda, p\u0101r\u0113j\u0101s \u016bdensp\u012bpes da\u013cas ir izgatavotas no alum\u012bnija.<\/p>\n<p>Apr\u012bkojums:<br \/>\nV\u0101rpsta -1 gab.<br \/>\n\u016adensp\u012bpes pl\u0101ksne ar z\u012bmola grav\u0113jumu - 1 gab.<br \/>\nIemutnis - 1 gab.<br \/>\nSilikona \u0161\u013c\u016btene - 1 gab.<br \/>\nBl\u012bves - 2 gab.<br \/>\nKolba (caursp\u012bd\u012bga) - 1 gab.<br \/>\nKnaibles - 1 gab.<br \/>\nSiltuma kamera - 1 gab.<br \/>\nKauss (var at\u0161\u0137irties no att\u0113l\u0101 redzam\u0101) - 1gab.<br \/>\nOgles 1kg - 1gab.<br \/>\nPl\u012bts - 1gab.<\/p>\n<p>Vai jums ir k\u0101di jaut\u0101jumi? Sazinies ar mums\u00a0<a href=\"https:\/\/hookahshop.lt\/lv\/kontaktiem\/\">kontaktu lapa<\/a>\u00a0vai rakstiet mums pa e-pastu\u00a0<a href=\"https:\/\/facebook.com\/HookahShop.lt\/\" target=\"_blank\" rel=\"noopener noreferrer\">Facebook konts<\/a>\u00a0un m\u0113s atbild\u0113sim uz j\u016bsu piepras\u012bjumu taj\u0101 pa\u0161\u0101 dien\u0101.<\/p>","protected":false},"excerpt":{"rendered":"<p>\u016adensp\u012bpes komplekts ALADIN Alux M3 Black Hookah ar saviem kvalitat\u012bvajiem materi\u0101liem atst\u0101j br\u012bni\u0161\u0137\u012bgus iespaidus. Kvalitat\u012bvs izpild\u012bjums un individu\u0101ls dizains neatst\u0101s j\u016bs vienaldz\u012bgus. T\u0101 kompaktais izm\u0113rs padara to par ide\u0101lu ce\u013cabiedru tiem, kuri v\u0113las ieg\u016bt kvalitat\u012bvu produktu, atrodoties ce\u013c\u0101. Kombin\u0113t\u0101 versija: v\u0101rpstas\/k\u0101ta apak\u0161\u0113j\u0101 da\u013ca, kas saskaras ar \u016bdeni, ir izgatavota no ner\u016bs\u0113jo\u0161\u0101 t\u0113rauda, p\u0101r\u0113j\u0101s \u016bdensp\u012bpes da\u013cas ir no alum\u012bnija. Pilns komplekts: [\u2026]<\/p>","protected":false},"featured_media":28084,"comment_status":"open","ping_status":"closed","template":"","meta":[],"_links":{"self":[{"href":"https:\/\/hookahshop.lt\/lv\/wp-json\/wp\/v2\/product\/28082"}],"collection":[{"href":"https:\/\/hookahshop.lt\/lv\/wp-json\/wp\/v2\/product"}],"about":[{"href":"https:\/\/hookahshop.lt\/lv\/wp-json\/wp\/v2\/types\/product"}],"replies":[{"embeddable":true,"href":"https:\/\/hookahshop.lt\/lv\/wp-json\/wp\/v2\/comments?post=28082"}],"version-history":[{"count":3,"href":"https:\/\/hookahshop.lt\/lv\/wp-json\/wp\/v2\/product\/28082\/revisions"}],"predecessor-version":[{"id":30928,"href":"https:\/\/hookahshop.lt\/lv\/wp-json\/wp\/v2\/product\/28082\/revisions\/30928"}],"wp:featuredmedia":[{"embeddable":true,"href":"https:\/\/hookahshop.lt\/lv\/wp-json\/wp\/v2\/media\/28084"}],"wp:attachment":[{"href":"https:\/\/hookahshop.lt\/lv\/wp-json\/wp\/v2\/media?parent=28082"}],"curies":[{"name":"wp","href":"https:\/\/api.w.org\/{rel}","templated":true}]}}