{"id":28171,"date":"2021-10-17T12:39:41","date_gmt":"2021-10-17T09:39:41","guid":{"rendered":"https:\/\/hookahshop.lt\/?post_type=product&#038;p=28171"},"modified":"2026-04-17T23:29:24","modified_gmt":"2026-04-17T20:29:24","slug":"kaljano-komplektas-aladin-mvp-rocket-bottom-blue","status":"publish","type":"product","link":"https:\/\/hookahshop.lt\/lv\/produkt\/hookah-kit-aladin-mvp-rocket-bottom-blue\/","title":{"rendered":"\u0100\u0137u komplekts ALADIN MVP Rocket Bottom Blue"},"content":{"rendered":"<h2>\u0100\u0137u komplekts ALADIN MVP Rocket Bottom Blue<\/h2>\n<p>Pateicoties kompaktajam izm\u0113ram, tas ir ide\u0101ls ce\u013cabiedrs tiem, kas v\u0113las ieg\u016bt kvalitat\u012bvu produktu ce\u013c\u0101.<\/p>\n<p><strong>Specifik\u0101cija:<\/strong><br \/>\n\u016adensp\u012bpes augstums: 53 cm<br \/>\nMateri\u0101ls (\u0101r\u0113jais): ner\u016bs\u0113jo\u0161ais t\u0113rauds<br \/>\nV\u012btne: 360 \u00b0, kas ar vienk\u0101r\u0161u 360 \u00b0 pagriezienu piln\u012bb\u0101 savieno kolbu un \u0101\u0137a \u0101\u0137i.<\/p>\n<p><strong>Apr\u012bkojums:<\/strong><br \/>\n\u016adensp\u012bpes v\u0101rpsta - 1 gab.<br \/>\n\u016adensp\u012bpes pl\u0101ksne - 1 gab.<br \/>\nIemutnis - 1 gab.<br \/>\nSilikona \u0161\u013c\u016btene - 1 gab.<br \/>\nBl\u012bves - 2 gab.<br \/>\nKolba - 1 gab.<br \/>\nKnaibles - 1 gab.<br \/>\nSiltuma kamera - 1 gab.<br \/>\nKauss - 1gab.<br \/>\nOgles 1kg - 1gab.<br \/>\nPl\u012bts (kokog\u013cu \u0161\u0137iltavas) - 1gab.<\/p>\n<p>Vai jums ir k\u0101di jaut\u0101jumi? Sazinies ar mums\u00a0<a href=\"https:\/\/hookahshop.lt\/lv\/kontaktiem\/\">kontaktu lapa<\/a>\u00a0vai rakstiet mums pa e-pastu\u00a0<a href=\"https:\/\/facebook.com\/HookahShop.lt\/\" target=\"_blank\" rel=\"noopener noreferrer\">Facebook konts<\/a>\u00a0un m\u0113s atbild\u0113sim uz j\u016bsu piepras\u012bjumu taj\u0101 pa\u0161\u0101 dien\u0101.<\/p>","protected":false},"excerpt":{"rendered":"<p>\u016adensp\u012bpes komplekts ALADIN MVP Rocket Bottom Blue Pateicoties t\u0101 kompaktajam izm\u0113ram, tas ir ide\u0101ls ce\u013cojumu sabiedrotais tiem, kas v\u0113las ieg\u016bt kvalitat\u012bvu produktu ce\u013c\u0101. Specifik\u0101cija: \u016adensp\u012bpes augstums: 53cm Materi\u0101ls (\u0101r\u0113jais): ner\u016bs\u0113jo\u0161ais t\u0113rauds V\u012btne: 360\u00b0, kas piln\u012bb\u0101 savieno kolbu un \u016bdensp\u012bpes k\u0101tu ar vienk\u0101r\u0161u 360\u00b0 rot\u0101ciju. Pilns komplekts: \u016bdensp\u012bpes k\u0101ta - 1 gab. \u016adensp\u012bpes \u0161\u0137\u012bvis - 1 gab. [\u2026]<\/p>","protected":false},"featured_media":28175,"comment_status":"open","ping_status":"closed","template":"","meta":[],"_links":{"self":[{"href":"https:\/\/hookahshop.lt\/lv\/wp-json\/wp\/v2\/product\/28171"}],"collection":[{"href":"https:\/\/hookahshop.lt\/lv\/wp-json\/wp\/v2\/product"}],"about":[{"href":"https:\/\/hookahshop.lt\/lv\/wp-json\/wp\/v2\/types\/product"}],"replies":[{"embeddable":true,"href":"https:\/\/hookahshop.lt\/lv\/wp-json\/wp\/v2\/comments?post=28171"}],"version-history":[{"count":3,"href":"https:\/\/hookahshop.lt\/lv\/wp-json\/wp\/v2\/product\/28171\/revisions"}],"predecessor-version":[{"id":33291,"href":"https:\/\/hookahshop.lt\/lv\/wp-json\/wp\/v2\/product\/28171\/revisions\/33291"}],"wp:featuredmedia":[{"embeddable":true,"href":"https:\/\/hookahshop.lt\/lv\/wp-json\/wp\/v2\/media\/28175"}],"wp:attachment":[{"href":"https:\/\/hookahshop.lt\/lv\/wp-json\/wp\/v2\/media?parent=28171"}],"curies":[{"name":"wp","href":"https:\/\/api.w.org\/{rel}","templated":true}]}}