{"id":28184,"date":"2021-10-17T13:08:51","date_gmt":"2021-10-17T10:08:51","guid":{"rendered":"https:\/\/hookahshop.lt\/?post_type=product&#038;p=28184"},"modified":"2026-04-21T23:29:30","modified_gmt":"2026-04-21T20:29:30","slug":"kaljano-komplektas-aladin-2-go-stainless-steel","status":"publish","type":"product","link":"https:\/\/hookahshop.lt\/lv\/produkt\/udenspipes-komplekts-aladin-2-go-stainless-steel\/","title":{"rendered":"\u0100\u0137u komplekts ALADIN 2 Go Stainless Steel"},"content":{"rendered":"<h2>\u0100\u0137u komplekts ALADIN 2 Go Stainless Steel<\/h2>\n<p id=\"tw-target-text\" class=\"tw-data-text tw-text-large XcVN5d tw-ta\" dir=\"ltr\" data-placeholder=\"Vertimas\"><span class=\"Y2IQFc\" lang=\"lt\">\u016adensp\u012bpe Aladin 2 Go ir lieliska kompakta \u016bdensp\u012bpe, kas izgatavota no augstas kvalit\u0101tes ner\u016bs\u0113jo\u0161\u0101 t\u0113rauda. Mazais \u016bdensp\u012bpes izm\u0113rs nodro\u0161in\u0101s liel\u0101ku mobilit\u0101ti un \u0113rt\u012bbas. \u016adensp\u012bpes kolba ir izgatavota no \u012bpa\u0161i bieza stikla, un tai ir ekskluz\u012bvs dizains, kas pie\u0161\u0137ir \u0161im maza izm\u0113ra \u016bdensp\u012bpei v\u0113l liel\u0101ku ekskluzivit\u0101ti. \u016adensp\u012bpe lieliski noder\u0113s transport\u0113\u0161anai komplekt\u0101 iek\u013cautaj\u0101 som\u0101.<\/span><\/p>\n<p><strong>Raksturojums:<\/strong><br \/>\nAugstums: 23 cm<br \/>\nKolba: r\u016bd\u012bts stikls<br \/>\n\u016adensp\u012bpes korpuss: ner\u016bs\u0113jo\u0161ais t\u0113rauds<\/p>\n<p><strong>Apr\u012bkojums:<\/strong><br \/>\nSoma \u016bdensp\u012bpei<br \/>\n\u016adensp\u012bpes v\u0101rpsta - 1 gab.<br \/>\n\u016adensp\u012bpes pl\u0101ksne - 1 gab.<br \/>\nIemutnis - 1 gab.<br \/>\nSilikona \u0161\u013c\u016btene - 1 gab.<br \/>\nBl\u012bves - 2 gab.<br \/>\nKolba - 1 gab.<br \/>\nKnaibles - 1 gab.<br \/>\nSiltuma kamera - 1 gab.<br \/>\nKauss - 1 gab.<br \/>\nOgles 1 kg - 1 gab.<br \/>\nPl\u012bts (kokog\u013cu \u0161\u0137iltavas) - 1gab.<\/p>\n<p dir=\"ltr\" data-placeholder=\"Vertimas\">Vai jums ir k\u0101di jaut\u0101jumi? Sazinies ar mums\u00a0<a href=\"https:\/\/hookahshop.lt\/lv\/kontaktiem\/\">kontaktu lapa<\/a>\u00a0vai rakstiet mums pa e-pastu\u00a0<a href=\"https:\/\/facebook.com\/HookahShop.lt\/\" target=\"_blank\" rel=\"noopener noreferrer\">Facebook konts<\/a>\u00a0un m\u0113s atbild\u0113sim uz j\u016bsu piepras\u012bjumu taj\u0101 pa\u0161\u0101 dien\u0101.<\/p>\n<p>&nbsp;<\/p>","protected":false},"excerpt":{"rendered":"<p>\u016adensp\u012bpes komplekts ALADIN 2 Go Stainless Steel \u016adensp\u012bpe &quot;Aladin 2 Go&quot; ir lieliska kompakta \u016bdensp\u012bpe, kas izgatavota no augstas klases ner\u016bs\u0113jo\u0161\u0101 t\u0113rauda. Mazais \u016bdensp\u012bpes izm\u0113rs nodro\u0161in\u0101s liel\u0101ku mobilit\u0101ti un \u0113rt\u012bbas. \u016adensp\u012bpes kolba ir izgatavota no \u012bpa\u0161i bieza stikla un tai ir ekskluz\u012bvs dizains, kas pie\u0161\u0137ir \u0161ai maza izm\u0113ra \u016bdensp\u012bpei v\u0113l liel\u0101ku unikalit\u0101ti. \u016adensp\u012bpe b\u016bs lieliski piem\u0113rota transport\u0113t\u0101jiem bl\u012bv\u0113\u0161an\u0101 [...]<\/p>","protected":false},"featured_media":28185,"comment_status":"open","ping_status":"closed","template":"","meta":[],"_links":{"self":[{"href":"https:\/\/hookahshop.lt\/lv\/wp-json\/wp\/v2\/product\/28184"}],"collection":[{"href":"https:\/\/hookahshop.lt\/lv\/wp-json\/wp\/v2\/product"}],"about":[{"href":"https:\/\/hookahshop.lt\/lv\/wp-json\/wp\/v2\/types\/product"}],"replies":[{"embeddable":true,"href":"https:\/\/hookahshop.lt\/lv\/wp-json\/wp\/v2\/comments?post=28184"}],"version-history":[{"count":6,"href":"https:\/\/hookahshop.lt\/lv\/wp-json\/wp\/v2\/product\/28184\/revisions"}],"predecessor-version":[{"id":36196,"href":"https:\/\/hookahshop.lt\/lv\/wp-json\/wp\/v2\/product\/28184\/revisions\/36196"}],"wp:featuredmedia":[{"embeddable":true,"href":"https:\/\/hookahshop.lt\/lv\/wp-json\/wp\/v2\/media\/28185"}],"wp:attachment":[{"href":"https:\/\/hookahshop.lt\/lv\/wp-json\/wp\/v2\/media?parent=28184"}],"curies":[{"name":"wp","href":"https:\/\/api.w.org\/{rel}","templated":true}]}}