{"id":28211,"date":"2021-10-17T13:53:35","date_gmt":"2021-10-17T10:53:35","guid":{"rendered":"https:\/\/hookahshop.lt\/?post_type=product&#038;p=28211"},"modified":"2026-04-15T12:29:00","modified_gmt":"2026-04-15T09:29:00","slug":"kaljano-komplektas-aladin-mvp470-flower","status":"publish","type":"product","link":"https:\/\/hookahshop.lt\/lv\/produkt\/hookah-kit-aladin-mvp470-flower\/","title":{"rendered":"\u016adensp\u012bpes komplekts ALADIN MVP470 Flower"},"content":{"rendered":"<h2>\u016adensp\u012bpes komplekts ALADIN MVP470 Flower<\/h2>\n<p>\u016adensp\u012bpe ar saviem kvalitat\u012bvajiem materi\u0101liem atst\u0101j p\u0101rsteidzo\u0161us iespaidus. Kvalitat\u012bva meistar\u012bba un individu\u0101ls dizains neatst\u0101s j\u016bs vienaldz\u012bgus.<br \/>\nPateicoties kompaktajam izm\u0113ram, tas ir ide\u0101ls ce\u013cabiedrs tiem, kas v\u0113las, lai ce\u013c\u0101 b\u016btu kvalitat\u012bvs produkts.<\/p>\n<p><strong>Specifik\u0101cija<\/strong><br \/>\nMateri\u0101ls: Anod\u0113ts ner\u016bs\u0113jo\u0161ais t\u0113rauds<br \/>\nKolba: V\u012bt\u0146ota<br \/>\nDif\u016bzija: j\u0101 (regul\u0113jams)<br \/>\nAugstums: 47 cm<br \/>\nra\u017eots \u0136\u012bn\u0101<\/p>\n<p><strong>Apr\u012bkojums:<\/strong><br \/>\n\u016adensp\u012bpes v\u0101rpsta - 1 gab.<br \/>\n\u016adensp\u012bpes pl\u0101ksne - 1 gab.<br \/>\nIemutnis - 1 gab.<br \/>\nSilikona \u0161\u013c\u016btene - 1 gab.<br \/>\nBl\u012bves - 2 gab.<br \/>\nKolba - 1 gab.<br \/>\nKnaibles - 1 gab.<br \/>\nSiltuma kamera - 1 gab.<br \/>\nKauss - 1 gab.<br \/>\nOgles 1 kg - 1 gab.<br \/>\nPl\u012bts (kokog\u013cu \u0161\u0137iltavas) - 1gab.<\/p>\n<p>Vai jums ir k\u0101di jaut\u0101jumi? Sazinies ar mums\u00a0<a href=\"https:\/\/hookahshop.lt\/lv\/kontaktiem\/\">kontaktu lapa<\/a>\u00a0vai rakstiet mums pa e-pastu\u00a0<a href=\"https:\/\/facebook.com\/HookahShop.lt\/\" target=\"_blank\" rel=\"noopener noreferrer\">Facebook konts<\/a>\u00a0un m\u0113s atbild\u0113sim uz j\u016bsu piepras\u012bjumu taj\u0101 pa\u0161\u0101 dien\u0101.<\/p>","protected":false},"excerpt":{"rendered":"<p>\u016adensp\u012bpes komplekts ALADIN MVP470 Flower Hookah ar saviem kvalitat\u012bvajiem materi\u0101liem atst\u0101j br\u012bni\u0161\u0137\u012bgus iespaidus. Kvalitat\u012bvs izpild\u012bjums un individu\u0101ls dizains neatst\u0101s j\u016bs vienaldz\u012bgus. Pateicoties t\u0101 kompaktajam izm\u0113ram, tas ir ide\u0101ls ce\u013cojumu biedrs tiem, kas v\u0113las ieg\u016bt kvalitat\u012bvu produktu, atrodoties ce\u013c\u0101. Specifik\u0101cija Materi\u0101ls: anod\u0113ts ner\u016bs\u0113jo\u0161ais t\u0113rauds Kolba: v\u012bt\u0146ots difuzors: j\u0101 (regul\u0113jams) Augstums: 47 cm Izcelsmes valsts: \u0136\u012bna Pilns komplekts: \u016adensp\u012bpes v\u0101rpsta - [\u2026]<\/p>","protected":false},"featured_media":28212,"comment_status":"open","ping_status":"closed","template":"","meta":[],"_links":{"self":[{"href":"https:\/\/hookahshop.lt\/lv\/wp-json\/wp\/v2\/product\/28211"}],"collection":[{"href":"https:\/\/hookahshop.lt\/lv\/wp-json\/wp\/v2\/product"}],"about":[{"href":"https:\/\/hookahshop.lt\/lv\/wp-json\/wp\/v2\/types\/product"}],"replies":[{"embeddable":true,"href":"https:\/\/hookahshop.lt\/lv\/wp-json\/wp\/v2\/comments?post=28211"}],"version-history":[{"count":3,"href":"https:\/\/hookahshop.lt\/lv\/wp-json\/wp\/v2\/product\/28211\/revisions"}],"predecessor-version":[{"id":41776,"href":"https:\/\/hookahshop.lt\/lv\/wp-json\/wp\/v2\/product\/28211\/revisions\/41776"}],"wp:featuredmedia":[{"embeddable":true,"href":"https:\/\/hookahshop.lt\/lv\/wp-json\/wp\/v2\/media\/28212"}],"wp:attachment":[{"href":"https:\/\/hookahshop.lt\/lv\/wp-json\/wp\/v2\/media?parent=28211"}],"curies":[{"name":"wp","href":"https:\/\/api.w.org\/{rel}","templated":true}]}}