{"id":28226,"date":"2021-10-17T14:13:46","date_gmt":"2021-10-17T11:13:46","guid":{"rendered":"https:\/\/hookahshop.lt\/?post_type=product&#038;p=28226"},"modified":"2026-04-14T23:28:59","modified_gmt":"2026-04-14T20:28:59","slug":"kaljano-komplektas-bigmaks-elegant-mini","status":"publish","type":"product","link":"https:\/\/hookahshop.lt\/lv\/produkt\/udenspipes-komplekts-bigmaks-elegant-mini\/","title":{"rendered":"\u016adensp\u012bpes komplekts BIGMAKS Elegant Mini"},"content":{"rendered":"<h2>\u016adensp\u012bpes komplekts BIGMAKS Elegant Mini<\/h2>\n<p>Paredz\u0113ts ne tikai ce\u013cojumiem un izbraucieniem, bet ar\u012b ikdienas lieto\u0161anai. M\u016bsdienu mini \u016bdensp\u012bpe ar sav\u0101m sm\u0113\u0137\u0113\u0161anas \u012bpa\u0161\u012bb\u0101m nav zem\u0101ka par augsto \u016bdensp\u012bpi un tai ir pat daudz priek\u0161roc\u012bbu, piem\u0113ram: kompaktums, maksim\u0101la lieto\u0161anas \u0113rt\u012bba un pie\u0146emama cena. Iztuk\u0161o\u0161anas sist\u0113ma sast\u0101v no pieciem v\u0101rstiem, kas \u013cauj vienlaikus izp\u016bst kolbas d\u016bmus, k\u0101 ar\u012b atdzes\u0113t kr\u016bzi, to neappl\u016bstot. Tiek izmantoti poliacet\u0101la elementi. Mont\u0101\u017ea tiek veikta ar v\u012bt\u0146otiem savienojumiem.<\/p>\n<p><strong>Specifik\u0101cija:<\/strong><br \/>\nBl\u012bvgredzena savienot\u0101js: O-gredzens<br \/>\nDifuzors: j\u0101<br \/>\nVilce: viegli<br \/>\nMateri\u0101ls: ner\u016bs\u0113jo\u0161ais t\u0113rauds<br \/>\n\u016adensp\u012bpes augstums: 45 cm<br \/>\nPl\u0101ksnes diametrs: 20 cm<br \/>\nMutes iemutnis<br \/>\nSilikona \u0161\u013c\u016btene (m\u012bksts piesk\u0101riens)<br \/>\nKolba (ori\u0123in\u0101ls Big Max, caursp\u012bd\u012bgs, stikls)<\/p>\n<p><strong>Apr\u012bkojums:<\/strong><br \/>\n\u016adensp\u012bpes v\u0101rpsta - 1 gab.<br \/>\n\u016adensp\u012bpes pl\u0101ksne - 1 gab.<br \/>\nIemutnis - 1 gab.<br \/>\nSilikona \u0161\u013c\u016btene - 1 gab.<br \/>\nBl\u012bves - 2 gab.<br \/>\nKolba - 1 gab.<br \/>\nKnaibles - 1 gab.<br \/>\nSiltuma kamera - 1 gab.<br \/>\nKauss - 1 gab.<br \/>\nOgles 1 kg - 1 gab.<br \/>\nPl\u012bts (kokog\u013cu \u0161\u0137iltavas) - 1gab.<\/p>\n<p>Vai jums ir k\u0101di jaut\u0101jumi? Sazinies ar mums\u00a0<a href=\"https:\/\/hookahshop.lt\/lv\/kontaktiem\/\">kontaktu lapa<\/a>\u00a0vai rakstiet mums pa e-pastu\u00a0<a href=\"https:\/\/facebook.com\/HookahShop.lt\/\" target=\"_blank\" rel=\"noopener noreferrer\">Facebook konts<\/a>\u00a0un m\u0113s atbild\u0113sim uz j\u016bsu piepras\u012bjumu taj\u0101 pa\u0161\u0101 dien\u0101.<\/p>\n<p>&nbsp;<\/p>","protected":false},"excerpt":{"rendered":"<p>\u016adensp\u012bpes komplekts BIGMAKS Elegant Mini Paredz\u0113ts ne tikai izbraucieniem un izbraukumiem, bet ar\u012b ikdienas lieto\u0161anai. M\u016bsdien\u012bga mini \u016bdensp\u012bpe sm\u0113\u0137\u0113\u0161anas \u012bpa\u0161\u012bbu zi\u0146\u0101 nav zem\u0101ka par augsto \u016bdensp\u012bpi un tai pat ir daudz priek\u0161roc\u012bbu, piem\u0113ram: kompaktums, maksim\u0101la lieto\u0161anas vienk\u0101r\u0161\u012bba un pie\u0146emama cena. Izp\u016b\u0161anas sist\u0113ma sast\u0101v no pieciem v\u0101rstiem, kas \u013cauj vienlaikus izp\u016bst d\u016bmus no kolbas, k\u0101 ar\u012b atdzes\u0113t kr\u016bzi [...]<\/p>","protected":false},"featured_media":28227,"comment_status":"open","ping_status":"closed","template":"","meta":[],"_links":{"self":[{"href":"https:\/\/hookahshop.lt\/lv\/wp-json\/wp\/v2\/product\/28226"}],"collection":[{"href":"https:\/\/hookahshop.lt\/lv\/wp-json\/wp\/v2\/product"}],"about":[{"href":"https:\/\/hookahshop.lt\/lv\/wp-json\/wp\/v2\/types\/product"}],"replies":[{"embeddable":true,"href":"https:\/\/hookahshop.lt\/lv\/wp-json\/wp\/v2\/comments?post=28226"}],"version-history":[{"count":4,"href":"https:\/\/hookahshop.lt\/lv\/wp-json\/wp\/v2\/product\/28226\/revisions"}],"predecessor-version":[{"id":28265,"href":"https:\/\/hookahshop.lt\/lv\/wp-json\/wp\/v2\/product\/28226\/revisions\/28265"}],"wp:featuredmedia":[{"embeddable":true,"href":"https:\/\/hookahshop.lt\/lv\/wp-json\/wp\/v2\/media\/28227"}],"wp:attachment":[{"href":"https:\/\/hookahshop.lt\/lv\/wp-json\/wp\/v2\/media?parent=28226"}],"curies":[{"name":"wp","href":"https:\/\/api.w.org\/{rel}","templated":true}]}}