{"id":28229,"date":"2021-10-17T14:25:11","date_gmt":"2021-10-17T11:25:11","guid":{"rendered":"https:\/\/hookahshop.lt\/?post_type=product&#038;p=28229"},"modified":"2026-04-14T23:29:00","modified_gmt":"2026-04-14T20:29:00","slug":"kaljano-komplektas-maklaud-x-russian-spirit","status":"publish","type":"product","link":"https:\/\/hookahshop.lt\/lv\/produkt\/hookah-set-maklaud-x-russian-spirit\/","title":{"rendered":"\u016adensp\u012bpes komplekts MAKLAUD X Russian Spirit"},"content":{"rendered":"<h2>\u016adensp\u012bpes komplekts MAKLAUD X Russian Spirit<\/h2>\n<p>T\u0101 ir \u016bdensp\u012bpe, kas neatst\u0101s j\u016bs vienaldz\u012bgu. T\u0101 ir \u016bdensp\u012bpe, kas patiks gan pieredz\u0113ju\u0161iem, gan ies\u0101c\u0113jiem. Maklaud \u016bdensp\u012bpes ir slavenas ar savu ori\u0123in\u0101lo dizainu un ekstravagant\u0101m deta\u013c\u0101m. Maklaud X s\u0113rijas dizains ir veidots l\u012bdz s\u012bk\u0101m deta\u013c\u0101m, kas atst\u0101j neizdz\u0113\u0161amu iespaidu. \u0160\u012b \u016bdensp\u012bpe ir izgatavota no iztur\u012bgiem un iztur\u012bgiem materi\u0101liem, lai kalpotu ilgi un nezaud\u0113tu savu s\u0101kotn\u0113jo \u0161armu.<\/p>\n<p><strong>Apr\u012bkojums:<\/strong><br \/>\n\u016adensp\u012bpes v\u0101rpsta - 1 gab.<br \/>\n\u016adensp\u012bpes pl\u0101ksne - 1 gab.<br \/>\nMutes uzgalis (MAKLAUD) \u2013 1 gab.<br \/>\nSilikona \u0161\u013c\u016btene - 1 gab.<br \/>\nBl\u012bves - 2 gab.<br \/>\nKolba - 1 gab.<br \/>\nKnaibles - 1 gab.<br \/>\nSiltuma kamera - 1 gab.<br \/>\nKauss - 1 gab.<br \/>\nOgles 1 kg - 1 gab.<br \/>\nPl\u012bts (kokog\u013cu \u0161\u0137iltavas) - 1gab.<\/p>\n<p>Vai jums ir k\u0101di jaut\u0101jumi? Sazinies ar mums <a href=\"https:\/\/hookahshop.lt\/lv\/kontaktiem\/\">kontaktu lapa<\/a> vai rakstiet mums pa e-pastu <a href=\"https:\/\/facebook.com\/HookahShop.lt\/\" target=\"_blank\" rel=\"noopener noreferrer\">Facebook konts<\/a> un m\u0113s atbild\u0113sim uz j\u016bsu piepras\u012bjumu taj\u0101 pa\u0161\u0101 dien\u0101.<\/p>","protected":false},"excerpt":{"rendered":"<p>\u016adensp\u012bpes komplekts MAKLAUD X Russian Spirit \u0160\u012b ir \u016bdensp\u012bpe, kas neatst\u0101s vienaldz\u012bgu. \u0160\u012b ir \u016bdensp\u012bpe, kas patiks gan pieredz\u0113ju\u0161am, gan ies\u0101c\u0113jam. Maklaud \u016bdensp\u012bpes ir slavenas ar savu ori\u0123in\u0101lo dizainu un ekstravagantaj\u0101m deta\u013c\u0101m. Maklaud X s\u0113rijas dizains ir izstr\u0101d\u0101ts l\u012bdz maz\u0101kaj\u0101m deta\u013c\u0101m, kas atst\u0101j neizdz\u0113\u0161amu iespaidu. \u0160\u012b \u016bdensp\u012bpe ir izgatavota no iztur\u012bgiem un iztur\u012bgiem materi\u0101liem, lai kalpotu ilgu laiku un nezaud\u0113tu [\u2026]<\/p>","protected":false},"featured_media":28231,"comment_status":"open","ping_status":"closed","template":"","meta":[],"_links":{"self":[{"href":"https:\/\/hookahshop.lt\/lv\/wp-json\/wp\/v2\/product\/28229"}],"collection":[{"href":"https:\/\/hookahshop.lt\/lv\/wp-json\/wp\/v2\/product"}],"about":[{"href":"https:\/\/hookahshop.lt\/lv\/wp-json\/wp\/v2\/types\/product"}],"replies":[{"embeddable":true,"href":"https:\/\/hookahshop.lt\/lv\/wp-json\/wp\/v2\/comments?post=28229"}],"version-history":[{"count":4,"href":"https:\/\/hookahshop.lt\/lv\/wp-json\/wp\/v2\/product\/28229\/revisions"}],"predecessor-version":[{"id":28343,"href":"https:\/\/hookahshop.lt\/lv\/wp-json\/wp\/v2\/product\/28229\/revisions\/28343"}],"wp:featuredmedia":[{"embeddable":true,"href":"https:\/\/hookahshop.lt\/lv\/wp-json\/wp\/v2\/media\/28231"}],"wp:attachment":[{"href":"https:\/\/hookahshop.lt\/lv\/wp-json\/wp\/v2\/media?parent=28229"}],"curies":[{"name":"wp","href":"https:\/\/api.w.org\/{rel}","templated":true}]}}