{"id":28234,"date":"2021-10-17T14:54:00","date_gmt":"2021-10-17T11:54:00","guid":{"rendered":"https:\/\/hookahshop.lt\/?post_type=product&#038;p=28234"},"modified":"2026-04-14T23:28:59","modified_gmt":"2026-04-14T20:28:59","slug":"kaljano-komplektas-hoob-subatom","status":"publish","type":"product","link":"https:\/\/hookahshop.lt\/lv\/produkt\/udenspipe-komplekts-hoob-subatom\/","title":{"rendered":"\u016adensp\u012bpes komplekts HOOB Subatom"},"content":{"rendered":"<h2>\u016adensp\u012bpes komplekts HOOB Subatom<\/h2>\n<p>\u016adensp\u012bpe ir sudraba kr\u0101s\u0101, t\u0101 ir viena no revolucion\u0101r\u0101kaj\u0101m un kompakt\u0101kaj\u0101m \u016bdensp\u012bp\u0113m, ir k\u013cuvusi v\u0113l kompakt\u0101ka un mobil\u0101ka Hoob SubAtom. Jau popul\u0101rais Hoob sudraba dizains un \u0161\u012bs \u016bdensp\u012bpes nestandarta formas padara to patie\u0161\u0101m unik\u0101lu, to var izmantot, kur vien v\u0113laties, dab\u0101, m\u0101j\u0101s, biroj\u0101. Kvalitat\u012bvi materi\u0101li ir perfekti saska\u0146oti, lai nodro\u0161in\u0101tu \u016bdensp\u012bpes gar\u0101ko m\u016b\u017eu, un pieska\u0146oti m\u016bsdien\u012bgam izskatam.<\/p>\n<p><strong>Apr\u012bkojums:<\/strong><br \/>\n\u016adensp\u012bpes v\u0101rpsta - 1 gab.<br \/>\nBl\u012bves - 2 gab.<br \/>\nKolba - 1 gab.<br \/>\nKnaibles - 1 gab.<br \/>\nSiltuma kamera - 1 gab.<br \/>\nKauss - 1 gab.<br \/>\nOgles 1 kg - 1 gab.<br \/>\nPl\u012bts (kokog\u013cu \u0161\u0137iltavas) - 1gab.<\/p>\n<p><strong>Komplekt\u0101 nav: iemutnis un silikona \u0161\u013c\u016btene.\u00a0<\/strong><\/p>\n<p>Vai jums ir k\u0101di jaut\u0101jumi? Sazinies ar mums\u00a0<a href=\"https:\/\/hookahshop.lt\/lv\/kontaktiem\/\">kontaktu lapa<\/a>\u00a0vai rakstiet mums pa e-pastu\u00a0<a href=\"https:\/\/facebook.com\/HookahShop.lt\/\" target=\"_blank\" rel=\"noopener noreferrer\">Facebook konts<\/a>\u00a0un m\u0113s atbild\u0113sim uz j\u016bsu piepras\u012bjumu taj\u0101 pa\u0161\u0101 dien\u0101.<\/p>","protected":false},"excerpt":{"rendered":"<p>\u016adensp\u012bpes komplekts HOOB Subatom \u016adensp\u012bpe ir sudraba kr\u0101s\u0101, t\u0101 ir viena no revolucion\u0101r\u0101kaj\u0101m un kompakt\u0101kaj\u0101m \u016bdensp\u012bp\u0113m, Hoob SubAtom ir k\u013cuvusi v\u0113l kompakt\u0101ka un mobil\u0101ka. Jau popul\u0101rais Hoob sudraba dizains un nestandarta formas \u0161o \u016bdensp\u012bpi padara to patiesi unik\u0101lu, to var izmantot, kur vien v\u0113laties, dab\u0101, m\u0101j\u0101s, biroj\u0101. Kvalitat\u012bvi materi\u0101li ir ide\u0101li saska\u0146oti, lai nodro\u0161in\u0101tu gar\u0101ko \u016bdensp\u012bpi [\u2026]<\/p>","protected":false},"featured_media":28235,"comment_status":"open","ping_status":"closed","template":"","meta":[],"_links":{"self":[{"href":"https:\/\/hookahshop.lt\/lv\/wp-json\/wp\/v2\/product\/28234"}],"collection":[{"href":"https:\/\/hookahshop.lt\/lv\/wp-json\/wp\/v2\/product"}],"about":[{"href":"https:\/\/hookahshop.lt\/lv\/wp-json\/wp\/v2\/types\/product"}],"replies":[{"embeddable":true,"href":"https:\/\/hookahshop.lt\/lv\/wp-json\/wp\/v2\/comments?post=28234"}],"version-history":[{"count":4,"href":"https:\/\/hookahshop.lt\/lv\/wp-json\/wp\/v2\/product\/28234\/revisions"}],"predecessor-version":[{"id":28238,"href":"https:\/\/hookahshop.lt\/lv\/wp-json\/wp\/v2\/product\/28234\/revisions\/28238"}],"wp:featuredmedia":[{"embeddable":true,"href":"https:\/\/hookahshop.lt\/lv\/wp-json\/wp\/v2\/media\/28235"}],"wp:attachment":[{"href":"https:\/\/hookahshop.lt\/lv\/wp-json\/wp\/v2\/media?parent=28234"}],"curies":[{"name":"wp","href":"https:\/\/api.w.org\/{rel}","templated":true}]}}