{"id":28314,"date":"2021-10-21T21:08:14","date_gmt":"2021-10-21T18:08:14","guid":{"rendered":"https:\/\/hookahshop.lt\/?post_type=product&#038;p=28314"},"modified":"2026-05-13T13:51:11","modified_gmt":"2026-05-13T10:51:11","slug":"deklas-znyplems-werkbund","status":"publish","type":"product","link":"https:\/\/hookahshop.lt\/lv\/produkt\/deklas-znyplems-werkbund\/","title":{"rendered":"WERKBUND knaibles"},"content":{"rendered":"<h2>WERKBUND knaibles<\/h2>\n<p>Pincetes maci\u0146\u0161 ir amatnieku roku darbs no \u012bstas \u0101das. &quot;Werkbund&quot; korpus\u0101 atrad\u012bsiet divas knaibles. Aizmugur\u0113 ir podzi\u0146a pogai, ar kuras pal\u012bdz\u012bbu maci\u0146u var piestiprin\u0101t pie jostas.<\/p>\n<p><b>Specifik\u0101cijas:<\/b><br \/>\nGarums: 250 mm<br \/>\nMateri\u0101ls: \u0101da<br \/>\nSvars: ~ 65 g<\/p>\n<p><strong>Korpuss tiek p\u0101rdots bez knaibl\u0113m.<\/strong><\/p>\n<p><span style=\"font-weight: 400;\">Vai jums ir k\u0101di jaut\u0101jumi? Sazinies ar mums <\/span><a href=\"https:\/\/hookahshop.lt\/lv\/kontaktiem\/\"><span style=\"font-weight: 400;\">kontaktu lapa<\/span><\/a><span style=\"font-weight: 400;\"> vai rakstiet mums pa e-pastu <\/span><a href=\"https:\/\/facebook.com\/HookahShop.lt\/\" target=\"_blank\" rel=\"noopener\"><span style=\"font-weight: 400;\">Facebook konts<\/span><\/a><span style=\"font-weight: 400;\"> un m\u0113s atbild\u0113sim uz j\u016bsu piepras\u012bjumu taj\u0101 pa\u0161\u0101 dien\u0101.<\/span><\/p>\n<p>&nbsp;<\/p>\n<p>&nbsp;<\/p>\n<p>&nbsp;<\/p>","protected":false},"excerpt":{"rendered":"<p>Knaib\u013cu futr\u0101lis WERKBUND Knaib\u013cu futr\u0101lis ir amatnieku roku darbs no \u012bstas \u0101das. &quot;Werkbund&quot; korpus\u0101 atrad\u012bsiet divas knaibles. Aizmugur\u0113 ir podzi\u0146a pogai, ar kuras pal\u012bdz\u012bbu maci\u0146u var piestiprin\u0101t pie jostas. Specifik\u0101cijas: Garums: 250 mm Materi\u0101ls: \u0101da Svars: ~65 g Korpuss tiek p\u0101rdots bez knaibl\u0113m. Vai jums ir k\u0101di jaut\u0101jumi? Sazinieties ar mums kontaktu lap\u0101 vai rakstiet mums Facebook [\u2026]<\/p>","protected":false},"featured_media":28316,"comment_status":"open","ping_status":"closed","template":"","meta":[],"_links":{"self":[{"href":"https:\/\/hookahshop.lt\/lv\/wp-json\/wp\/v2\/product\/28314"}],"collection":[{"href":"https:\/\/hookahshop.lt\/lv\/wp-json\/wp\/v2\/product"}],"about":[{"href":"https:\/\/hookahshop.lt\/lv\/wp-json\/wp\/v2\/types\/product"}],"replies":[{"embeddable":true,"href":"https:\/\/hookahshop.lt\/lv\/wp-json\/wp\/v2\/comments?post=28314"}],"version-history":[{"count":6,"href":"https:\/\/hookahshop.lt\/lv\/wp-json\/wp\/v2\/product\/28314\/revisions"}],"predecessor-version":[{"id":28357,"href":"https:\/\/hookahshop.lt\/lv\/wp-json\/wp\/v2\/product\/28314\/revisions\/28357"}],"wp:featuredmedia":[{"embeddable":true,"href":"https:\/\/hookahshop.lt\/lv\/wp-json\/wp\/v2\/media\/28316"}],"wp:attachment":[{"href":"https:\/\/hookahshop.lt\/lv\/wp-json\/wp\/v2\/media?parent=28314"}],"curies":[{"name":"wp","href":"https:\/\/api.w.org\/{rel}","templated":true}]}}