{"id":28365,"date":"2021-10-21T22:33:04","date_gmt":"2021-10-21T19:33:04","guid":{"rendered":"https:\/\/hookahshop.lt\/?post_type=product&#038;p=28365"},"modified":"2026-04-18T23:29:10","modified_gmt":"2026-04-18T20:29:10","slug":"taurele-kaljanui-werkbund-turkish-glaze-rw","status":"publish","type":"product","link":"https:\/\/hookahshop.lt\/lv\/produkt\/cup-hookah-werkbund-turkish-glaze-rw\/","title":{"rendered":"\u016adensp\u012bpes kauss WERKBUND Turkish Glaze RW"},"content":{"rendered":"<h2>\u016adensp\u012bpes kauss WERKBUND Turkish Glaze RW<\/h2>\n<p>Kr\u016bze ir izgatavota klasisk\u0101 turku stil\u0101 un ir melna. Kauss ir izgatavots no augstas kvalit\u0101tes m\u0101la, kalnu klin\u0161u masa dod papildu sp\u0113ku. Tase tabakas satur 10-12 g.<\/p>\n<p><strong>Specifik\u0101cijas:<\/strong><br \/>\nAugstums: 78 mm<br \/>\nDiametrs (\u0101r\u0113jais): 59 mm<br \/>\nDiametrs (iek\u0161\u0113jais): 52 mm<br \/>\nDzi\u013cums: 17 mm<br \/>\nCauruma diametrs: 7 mm<br \/>\nUrbumu skaits: 5<br \/>\nSvars: apm\u0113ram 235 g.<\/p>\n<p>Vai jums ir k\u0101di jaut\u0101jumi? Sazinies ar mums\u00a0<a href=\"https:\/\/hookahshop.lt\/lv\/kontaktiem\/\">kontaktu lapa<\/a>\u00a0vai rakstiet mums pa e-pastu\u00a0<a href=\"https:\/\/facebook.com\/HookahShop.lt\/\" target=\"_blank\" rel=\"noopener noreferrer\">Facebook konts<\/a>\u00a0un m\u0113s atbild\u0113sim uz j\u016bsu piepras\u012bjumu taj\u0101 pa\u0161\u0101 dien\u0101.<\/p>","protected":false},"excerpt":{"rendered":"<p>\u016adensp\u012bpes kr\u016bze WERKBUND Turkish Glaze RW Kr\u016bz\u012bte ir izgatavota klasisk\u0101 turku stil\u0101 un ir meln\u0101 kr\u0101s\u0101. Kr\u016bze ir izgatavota no kvalitat\u012bva m\u0101la, kalnu akmens masa sniedz papildu sp\u0113ku. Tabakas tase satur 10-12 g. Specifik\u0101cijas: Augstums: 78 mm Diametrs (\u0101r\u0113jais): 59 mm Diametrs (iek\u0161\u0113jais): 52 mm Dzi\u013cums: 17 mm Cauruma diametrs: 7 mm Caurumu skaits: 5 Svars: apm\u0113ram [\u2026]<\/p>","protected":false},"featured_media":28351,"comment_status":"open","ping_status":"closed","template":"","meta":[],"_links":{"self":[{"href":"https:\/\/hookahshop.lt\/lv\/wp-json\/wp\/v2\/product\/28365"}],"collection":[{"href":"https:\/\/hookahshop.lt\/lv\/wp-json\/wp\/v2\/product"}],"about":[{"href":"https:\/\/hookahshop.lt\/lv\/wp-json\/wp\/v2\/types\/product"}],"replies":[{"embeddable":true,"href":"https:\/\/hookahshop.lt\/lv\/wp-json\/wp\/v2\/comments?post=28365"}],"version-history":[{"count":4,"href":"https:\/\/hookahshop.lt\/lv\/wp-json\/wp\/v2\/product\/28365\/revisions"}],"predecessor-version":[{"id":29565,"href":"https:\/\/hookahshop.lt\/lv\/wp-json\/wp\/v2\/product\/28365\/revisions\/29565"}],"wp:featuredmedia":[{"embeddable":true,"href":"https:\/\/hookahshop.lt\/lv\/wp-json\/wp\/v2\/media\/28351"}],"wp:attachment":[{"href":"https:\/\/hookahshop.lt\/lv\/wp-json\/wp\/v2\/media?parent=28365"}],"curies":[{"name":"wp","href":"https:\/\/api.w.org\/{rel}","templated":true}]}}