{"id":28376,"date":"2021-10-21T22:42:01","date_gmt":"2021-10-21T19:42:01","guid":{"rendered":"https:\/\/hookahshop.lt\/?post_type=product&#038;p=28376"},"modified":"2026-04-15T12:29:16","modified_gmt":"2026-04-15T09:29:16","slug":"taurele-kaljanui-kong-godzilla","status":"publish","type":"product","link":"https:\/\/hookahshop.lt\/lv\/produkt\/udenspipe-glass-kong-godzilla\/","title":{"rendered":"Kauss \u016bdensp\u012bpei KONG Godzilla"},"content":{"rendered":"<h2>Kauss \u016bdensp\u012bpei KONG Godzilla<\/h2>\n<p>Ir visu monstru karalis. Kr\u016bze ir ekskluz\u012bva dizaina ar Kong Godzilla att\u0113lu. No kr\u016bz\u012btes deguna un mutes izpl\u016bst sm\u0113\u0137\u0113jo\u0161i d\u016bmi, radot iespaidu, ka KONG Godzilla s\u0101ks spo\u017eu liesmu! \u0145emiet sav\u0101s kolekcij\u0101s KONG Godzilla kr\u016bzi, ekskluz\u012bv\u0101 kr\u016bze priec\u0113s j\u016bs katru reizi, kad sm\u0113\u0137\u0113jat. Tasi tabakas satur apm\u0113ram 17 - 21 g.<\/p>\n<p><strong>Specifik\u0101cijas:<\/strong><br \/>\nAugstums: 113 mm<br \/>\nDiametrs (\u0101r\u0113jais): 76 mm<br \/>\nDiametrs (iek\u0161\u0113jais): 63 mm<br \/>\nDzi\u013cums: 16 mm<br \/>\nUrbuma diametrs: 8 mm<br \/>\nUrbumu skaits: 5<br \/>\nSvars: apm\u0113ram 625 g.<\/p>\n<p>Vai jums ir k\u0101di jaut\u0101jumi? Sazinies ar mums\u00a0<a href=\"https:\/\/hookahshop.lt\/lv\/kontaktiem\/\">kontaktu lapa<\/a>\u00a0vai rakstiet mums pa e-pastu\u00a0<a href=\"https:\/\/facebook.com\/HookahShop.lt\/\" target=\"_blank\" rel=\"noopener noreferrer\">Facebook konts<\/a>\u00a0un m\u0113s atbild\u0113sim uz j\u016bsu piepras\u012bjumu taj\u0101 pa\u0161\u0101 dien\u0101.<\/p>","protected":false},"excerpt":{"rendered":"<p>\u016adensp\u012bpes b\u013coda KONG Godzilla ir visu briesmo\u0146u karalis. Kr\u016bz\u012btei ir ekskluz\u012bvs dizains ar Kong Godzilla att\u0113lu. K\u016bpinot, d\u016bmi n\u0101k no kr\u016bzes deguna un mutes, radot iespaidu, ka KONG Godzilla atbr\u012bvos spilgtu liesmu! Pa\u0146emiet KONG Godzilla kr\u016bz\u012bti sav\u0101 kolekcij\u0101, ekskluz\u012bv\u0101 kr\u016bze iepriecin\u0101s katru reizi, kad sm\u0113\u0137\u0113siet. Tabakas tase satur apm\u0113ram 17 - 21 g. Specifik\u0101cijas: Augstums: [\u2026]<\/p>","protected":false},"featured_media":28379,"comment_status":"open","ping_status":"closed","template":"","meta":[],"_links":{"self":[{"href":"https:\/\/hookahshop.lt\/lv\/wp-json\/wp\/v2\/product\/28376"}],"collection":[{"href":"https:\/\/hookahshop.lt\/lv\/wp-json\/wp\/v2\/product"}],"about":[{"href":"https:\/\/hookahshop.lt\/lv\/wp-json\/wp\/v2\/types\/product"}],"replies":[{"embeddable":true,"href":"https:\/\/hookahshop.lt\/lv\/wp-json\/wp\/v2\/comments?post=28376"}],"version-history":[{"count":7,"href":"https:\/\/hookahshop.lt\/lv\/wp-json\/wp\/v2\/product\/28376\/revisions"}],"predecessor-version":[{"id":29890,"href":"https:\/\/hookahshop.lt\/lv\/wp-json\/wp\/v2\/product\/28376\/revisions\/29890"}],"wp:featuredmedia":[{"embeddable":true,"href":"https:\/\/hookahshop.lt\/lv\/wp-json\/wp\/v2\/media\/28379"}],"wp:attachment":[{"href":"https:\/\/hookahshop.lt\/lv\/wp-json\/wp\/v2\/media?parent=28376"}],"curies":[{"name":"wp","href":"https:\/\/api.w.org\/{rel}","templated":true}]}}