{"id":28428,"date":"2021-10-22T00:06:09","date_gmt":"2021-10-21T21:06:09","guid":{"rendered":"https:\/\/hookahshop.lt\/?post_type=product&#038;p=28428"},"modified":"2026-04-17T23:29:36","modified_gmt":"2026-04-17T20:29:36","slug":"taurele-kaljanui-lets-smoke-shaft-glaze-red","status":"publish","type":"product","link":"https:\/\/hookahshop.lt\/lv\/produkt\/kauss-udenspipe-lauj-dumu-shaft-glazura-ed\/","title":{"rendered":"\u016adensp\u012bpes kauss LETS SMOKE Shaft Glaze Red"},"content":{"rendered":"<h2>\u016adensp\u012bpes kauss LETS SMOKE Shaft Glaze Red<\/h2>\n<p>Kauss ir izgatavots no m\u0101la un p\u0101rkl\u0101ts ar glaz\u016bru, pateicoties kuram tas ilgsto\u0161i var saglab\u0101t s\u0101kotn\u0113j\u0101s \u012bpa\u0161\u012bbas un izskatu. \u0160\u012b kr\u016bze vienm\u0113r\u012bgi sadala siltumu un saglab\u0101 to visu sm\u0113\u0137\u0113\u0161anas laiku. Kausa tilpums ir 17-21 grami.<\/p>\n<p><strong>Specifik\u0101cijas:<\/strong><br \/>\nAugstums: 102 mm<br \/>\nDiametrs (\u0101r\u0113jais): 76 mm<br \/>\nDiametrs (iek\u0161\u0113jais): 68 mm<br \/>\nDzi\u013cums: 14 mm<br \/>\nUrbuma diametrs: 8 mm<br \/>\nCaurumu skaits: 1<br \/>\nSvars: apm\u0113ram 205 g.<\/p>\n<p>Vai jums ir k\u0101di jaut\u0101jumi? Sazinies ar mums\u00a0<a href=\"https:\/\/hookahshop.lt\/lv\/kontaktiem\/\">kontaktu lapa<\/a>\u00a0vai rakstiet mums pa e-pastu\u00a0<a href=\"https:\/\/facebook.com\/HookahShop.lt\/\" target=\"_blank\" rel=\"noopener noreferrer\">Facebook konts<\/a>\u00a0un m\u0113s atbild\u0113sim uz j\u016bsu piepras\u012bjumu taj\u0101 pa\u0161\u0101 dien\u0101.<\/p>\n<p>&nbsp;<\/p>","protected":false},"excerpt":{"rendered":"<p>\u016adensp\u012bpes kr\u016bz\u012bte LETS SMOKE Shaft Glaze Red Kr\u016bz\u012bte ir izgatavota no m\u0101la un p\u0101rkl\u0101ta ar glaz\u016bru, pateicoties kurai t\u0101 ilgsto\u0161i saglab\u0101 savas s\u0101kotn\u0113j\u0101s \u012bpa\u0161\u012bbas un izskatu. \u0160\u012b kr\u016bz\u012bte vienm\u0113r\u012bgi sadala siltumu un saglab\u0101 to vis\u0101 sm\u0113\u0137\u0113\u0161anas laik\u0101. Kr\u016bz\u012btes tilpums 17-21 grams. Specifik\u0101cijas: Augstums: 102 mm Diametrs (\u0101r\u0113jais): 76 mm Diametrs (iek\u0161\u0113jais): 68 mm Dzi\u013cums: 14 [\u2026]<\/p>","protected":false},"featured_media":28429,"comment_status":"open","ping_status":"closed","template":"","meta":[],"_links":{"self":[{"href":"https:\/\/hookahshop.lt\/lv\/wp-json\/wp\/v2\/product\/28428"}],"collection":[{"href":"https:\/\/hookahshop.lt\/lv\/wp-json\/wp\/v2\/product"}],"about":[{"href":"https:\/\/hookahshop.lt\/lv\/wp-json\/wp\/v2\/types\/product"}],"replies":[{"embeddable":true,"href":"https:\/\/hookahshop.lt\/lv\/wp-json\/wp\/v2\/comments?post=28428"}],"version-history":[{"count":4,"href":"https:\/\/hookahshop.lt\/lv\/wp-json\/wp\/v2\/product\/28428\/revisions"}],"predecessor-version":[{"id":33251,"href":"https:\/\/hookahshop.lt\/lv\/wp-json\/wp\/v2\/product\/28428\/revisions\/33251"}],"wp:featuredmedia":[{"embeddable":true,"href":"https:\/\/hookahshop.lt\/lv\/wp-json\/wp\/v2\/media\/28429"}],"wp:attachment":[{"href":"https:\/\/hookahshop.lt\/lv\/wp-json\/wp\/v2\/media?parent=28428"}],"curies":[{"name":"wp","href":"https:\/\/api.w.org\/{rel}","templated":true}]}}