{"id":28437,"date":"2021-10-22T00:27:06","date_gmt":"2021-10-21T21:27:06","guid":{"rendered":"https:\/\/hookahshop.lt\/?post_type=product&#038;p=28437"},"modified":"2026-04-14T23:29:13","modified_gmt":"2026-04-14T20:29:13","slug":"taurele-kaljanui-art-bar-turkish-rock","status":"publish","type":"product","link":"https:\/\/hookahshop.lt\/lv\/produkt\/stikls-udenspipe-art-bars-turku-roks\/","title":{"rendered":"Kauss \u016bdensp\u012bpei ART BAR Turkish Rock"},"content":{"rendered":"<h2>Kauss \u016bdensp\u012bpei ART BAR Turkish Rock<\/h2>\n<p>Uz\u0146\u0113mums ART BAR ir slavens ar sav\u0101m kvalitat\u012bvaj\u0101m brill\u0113m. Tie ir izgatavoti no augstas kvalit\u0101tes m\u0101la un tikai ar rok\u0101m. Kr\u016bzes veids - turku.<\/p>\n<p><strong>Raksturojums:<\/strong><br \/>\nAugstums: 86 mm<br \/>\nDiametrs (\u0101r\u0113jais): 75 mm<br \/>\nDiametrs (iek\u0161\u0113jais): 63 mm<br \/>\nDzi\u013cums: 19 mm<br \/>\nCauruma diametrs: 8 mm<br \/>\nCaurumu skaits: 5 gab<br \/>\nSvars: apm\u0113ram 216 g<\/p>\n<p>Vai jums ir k\u0101di jaut\u0101jumi? Sazinies ar mums\u00a0<a href=\"https:\/\/hookahshop.lt\/lv\/kontaktiem\/\">kontaktu lapa<\/a>\u00a0vai rakstiet mums pa e-pastu\u00a0<a href=\"https:\/\/facebook.com\/HookahShop.lt\/\" target=\"_blank\" rel=\"noopener noreferrer\">Facebook konts<\/a>\u00a0un m\u0113s atbild\u0113sim uz j\u016bsu piepras\u012bjumu taj\u0101 pa\u0161\u0101 dien\u0101.<\/p>","protected":false},"excerpt":{"rendered":"<p>\u016adensp\u012bpes kauss ART BAR Uz\u0146\u0113mums Turkish Rock ART BAR ir slavens ar sav\u0101m kvalitat\u012bvaj\u0101m kr\u016bz\u0113m. Tie ir izgatavoti no augstas kvalit\u0101tes m\u0101la un tikai ar rok\u0101m. Kr\u016bzes veids - turku. Raksturojums: Augstums: 86 mm Diametrs (\u0101r\u0113jais): 75 mm Diametrs (iek\u0161\u0113jais): 63 mm Dzi\u013cums: 19 mm Caurumu diametrs: 8 mm Caurumu skaits: 5 gab. Svars: apm\u0113ram 216 g Vai ir k\u0101di jaut\u0101jumi? [\u2026]<\/p>","protected":false},"featured_media":40718,"comment_status":"open","ping_status":"closed","template":"","meta":[],"_links":{"self":[{"href":"https:\/\/hookahshop.lt\/lv\/wp-json\/wp\/v2\/product\/28437"}],"collection":[{"href":"https:\/\/hookahshop.lt\/lv\/wp-json\/wp\/v2\/product"}],"about":[{"href":"https:\/\/hookahshop.lt\/lv\/wp-json\/wp\/v2\/types\/product"}],"replies":[{"embeddable":true,"href":"https:\/\/hookahshop.lt\/lv\/wp-json\/wp\/v2\/comments?post=28437"}],"version-history":[{"count":4,"href":"https:\/\/hookahshop.lt\/lv\/wp-json\/wp\/v2\/product\/28437\/revisions"}],"predecessor-version":[{"id":44055,"href":"https:\/\/hookahshop.lt\/lv\/wp-json\/wp\/v2\/product\/28437\/revisions\/44055"}],"wp:featuredmedia":[{"embeddable":true,"href":"https:\/\/hookahshop.lt\/lv\/wp-json\/wp\/v2\/media\/40718"}],"wp:attachment":[{"href":"https:\/\/hookahshop.lt\/lv\/wp-json\/wp\/v2\/media?parent=28437"}],"curies":[{"name":"wp","href":"https:\/\/api.w.org\/{rel}","templated":true}]}}