{"id":28463,"date":"2021-10-22T01:14:35","date_gmt":"2021-10-21T22:14:35","guid":{"rendered":"https:\/\/hookahshop.lt\/?post_type=product&#038;p=28463"},"modified":"2026-04-14T23:28:42","modified_gmt":"2026-04-14T20:28:42","slug":"kaljanas-aeon-vyro-one-frozen-ghost-v2","status":"publish","type":"product","link":"https:\/\/hookahshop.lt\/lv\/produkt\/hookah-aeon-viro-one-frozen-ghost-v2\/","title":{"rendered":"\u016adensp\u012bpe AEON MEN One Frozen Ghost V2"},"content":{"rendered":"<h2>\u016adensp\u012bpe AEON MEN One Frozen Ghost V2<\/h2>\n<p>Atjaunin\u0101ts modelis, augst\u0101k\u0101s kvalit\u0101tes ner\u016bs\u0113jo\u0161\u0101 t\u0113rauda un oglek\u013ca \u0161\u0137iedras p\u0101rn\u0113s\u0101jam\u0101 \u016bdensp\u012bpe ir paredz\u0113ta lieto\u0161anai ne tikai ce\u013cojot, bet ar\u012b m\u0101j\u0101s. \u0160\u012b ir viena no lab\u0101kaj\u0101m portat\u012bvaj\u0101m \u016bdensp\u012bp\u0113m tirg\u016b. Pateicoties izcilajai konstrukcijai, tam ir zems smaguma centrs, kas padara to stabilu.<\/p>\n<p><strong>Specifik\u0101cijas:<\/strong><br \/>\nAugstums: 15 cm<br \/>\nDiametrs: 8 cm<br \/>\nSvars: 1,3 kg<br \/>\nMateri\u0101ls: augst\u0101k\u0101s kvalit\u0101tes ner\u016bs\u0113jo\u0161ais t\u0113rauds un oglek\u013ca \u0161\u0137iedra<br \/>\nIzcelsmes valsts: V\u0101cija<\/p>\n<p><strong>Komplekt\u0101 nav: \u0161\u013c\u016btene un iemutnis.\u00a0<\/strong><\/p>\n<p><img decoding=\"async\" loading=\"lazy\" class=\"alignnone size-medium wp-image-38512\" src=\"https:\/\/hookahshop.lt\/wp-content\/uploads\/2022\/06\/mazu-aladinu-komplektacija-1-300x273.jpg\" alt=\"- hookahshop.lt\" width=\"300\" height=\"273\" srcset=\"https:\/\/hookahshop.lt\/wp-content\/uploads\/2022\/06\/mazu-aladinu-komplektacija-1-300x273.jpg 300w, https:\/\/hookahshop.lt\/wp-content\/uploads\/2022\/06\/mazu-aladinu-komplektacija-1-13x12.jpg 13w, https:\/\/hookahshop.lt\/wp-content\/uploads\/2022\/06\/mazu-aladinu-komplektacija-1-64x58.jpg 64w, https:\/\/hookahshop.lt\/wp-content\/uploads\/2022\/06\/mazu-aladinu-komplektacija-1.jpg 420w\" sizes=\"(max-width: 300px) 100vw, 300px\" title=\"\"><\/p>\n<p>Vai jums ir k\u0101di jaut\u0101jumi? Sazinies ar mums\u00a0<a href=\"https:\/\/hookahshop.lt\/lv\/kontaktiem\/\">kontaktu lapa<\/a>\u00a0vai rakstiet mums pa e-pastu\u00a0<a href=\"https:\/\/facebook.com\/HookahShop.lt\/\" target=\"_blank\" rel=\"noopener noreferrer\">Facebook konts<\/a>\u00a0un m\u0113s atbild\u0113sim uz j\u016bsu piepras\u012bjumu taj\u0101 pa\u0161\u0101 dien\u0101.<\/p>","protected":false},"excerpt":{"rendered":"<p>\u016adensp\u012bpe AEON VYRO One Frozen Ghost V2 Atjaunin\u0101ts modelis, augst\u0101k\u0101s kvalit\u0101tes ner\u016bs\u0113jo\u0161\u0101 t\u0113rauda un oglek\u013ca \u0161\u0137iedras p\u0101rn\u0113s\u0101jam\u0101 \u016bdensp\u012bpe ir paredz\u0113ta lieto\u0161anai ne tikai ce\u013cojumos, bet ar\u012b m\u0101j\u0101s. \u0160\u012b ir viena no lab\u0101kaj\u0101m p\u0101rn\u0113s\u0101jamaj\u0101m \u016bdensp\u012bp\u0113m tirg\u016b. Pateicoties unik\u0101lajam dizainam, tam ir zems smaguma centrs, kas padara to stabilu. Specifik\u0101cijas: Augstums: 15 cm Diametrs: 8 cm Svars: [\u2026]<\/p>","protected":false},"featured_media":28464,"comment_status":"open","ping_status":"closed","template":"","meta":[],"_links":{"self":[{"href":"https:\/\/hookahshop.lt\/lv\/wp-json\/wp\/v2\/product\/28463"}],"collection":[{"href":"https:\/\/hookahshop.lt\/lv\/wp-json\/wp\/v2\/product"}],"about":[{"href":"https:\/\/hookahshop.lt\/lv\/wp-json\/wp\/v2\/types\/product"}],"replies":[{"embeddable":true,"href":"https:\/\/hookahshop.lt\/lv\/wp-json\/wp\/v2\/comments?post=28463"}],"version-history":[{"count":5,"href":"https:\/\/hookahshop.lt\/lv\/wp-json\/wp\/v2\/product\/28463\/revisions"}],"predecessor-version":[{"id":28482,"href":"https:\/\/hookahshop.lt\/lv\/wp-json\/wp\/v2\/product\/28463\/revisions\/28482"}],"wp:featuredmedia":[{"embeddable":true,"href":"https:\/\/hookahshop.lt\/lv\/wp-json\/wp\/v2\/media\/28464"}],"wp:attachment":[{"href":"https:\/\/hookahshop.lt\/lv\/wp-json\/wp\/v2\/media?parent=28463"}],"curies":[{"name":"wp","href":"https:\/\/api.w.org\/{rel}","templated":true}]}}