{"id":28467,"date":"2021-10-22T01:35:36","date_gmt":"2021-10-21T22:35:36","guid":{"rendered":"https:\/\/hookahshop.lt\/?post_type=product&#038;p=28467"},"modified":"2026-04-22T23:29:11","modified_gmt":"2026-04-22T20:29:11","slug":"kandiklis-kaljanui-vyro-carbon-black-mini","status":"publish","type":"product","link":"https:\/\/hookahshop.lt\/lv\/produkt\/iemuti-for-udenspipe-viriesiem-karbon-melns-mini\/","title":{"rendered":"\u016adensp\u012bpes iemutnis VYRO Carbon Black Mini"},"content":{"rendered":"<h2>\u016adensp\u012bpes iemutnis VYRO Carbon Black Mini<\/h2>\n<p>VYRO Carbon black - iemutnis ir lielisks ne tikai viegl\u0101 svara, bet ar\u012b kvalitat\u012bv\u0101 materi\u0101la d\u0113\u013c. \u0160is oglek\u013ca iemuts ir piem\u0113rots ne tikai ikdienas lieto\u0161anai, bet ar\u012b katrai \u016bdensp\u012bpei un parastajai silikona \u0161\u013c\u016btenei.<\/p>\n<p><strong>Specifik\u0101cijas:<\/strong><br \/>\nGarums: ~ 17 cm<br \/>\nSvars: ~ 73 g<br \/>\nIek\u0161\u0113jais diametrs: 10 mm<br \/>\nMateri\u0101li: ogleklis un V2A ner\u016bs\u0113jo\u0161ais t\u0113rauds<\/p>\n<p>&nbsp;<\/p>\n<p>Vai jums ir k\u0101di jaut\u0101jumi? Sazinies ar mums\u00a0<a href=\"https:\/\/hookahshop.lt\/lv\/kontaktiem\/\">kontaktu lapa<\/a>\u00a0vai rakstiet mums pa e-pastu\u00a0<a href=\"https:\/\/facebook.com\/HookahShop.lt\/\" target=\"_blank\" rel=\"noopener noreferrer\">Facebook konts<\/a>\u00a0un m\u0113s atbild\u0113sim uz j\u016bsu piepras\u012bjumu taj\u0101 pa\u0161\u0101 dien\u0101.<\/p>","protected":false},"excerpt":{"rendered":"<p>Iemutis \u016bdensp\u012bpei VYRO Carbon Black Mini VYRO Oglek\u013ca melns - iemutis ir izcila ne tikai viegl\u0101 svara, bet ar\u012b kvalitat\u012bv\u0101 materi\u0101la d\u0113\u013c. \u0160is ogles iemuts ir piem\u0113rots ne tikai ikdienas lieto\u0161anai, bet ar\u012b piem\u0113rots katrai \u016bdensp\u012bpei un parastajai silikona \u0161\u013c\u016btenei. Specifik\u0101cijas: Garums: ~17 cm Svars: ~ 73 g Iek\u0161\u0113jais diametrs: 10 mm Materi\u0101li: ogleklis un V2A ner\u016bs\u0113jo\u0161\u0101 [...]<\/p>","protected":false},"featured_media":28469,"comment_status":"open","ping_status":"closed","template":"","meta":[],"_links":{"self":[{"href":"https:\/\/hookahshop.lt\/lv\/wp-json\/wp\/v2\/product\/28467"}],"collection":[{"href":"https:\/\/hookahshop.lt\/lv\/wp-json\/wp\/v2\/product"}],"about":[{"href":"https:\/\/hookahshop.lt\/lv\/wp-json\/wp\/v2\/types\/product"}],"replies":[{"embeddable":true,"href":"https:\/\/hookahshop.lt\/lv\/wp-json\/wp\/v2\/comments?post=28467"}],"version-history":[{"count":4,"href":"https:\/\/hookahshop.lt\/lv\/wp-json\/wp\/v2\/product\/28467\/revisions"}],"predecessor-version":[{"id":30078,"href":"https:\/\/hookahshop.lt\/lv\/wp-json\/wp\/v2\/product\/28467\/revisions\/30078"}],"wp:featuredmedia":[{"embeddable":true,"href":"https:\/\/hookahshop.lt\/lv\/wp-json\/wp\/v2\/media\/28469"}],"wp:attachment":[{"href":"https:\/\/hookahshop.lt\/lv\/wp-json\/wp\/v2\/media?parent=28467"}],"curies":[{"name":"wp","href":"https:\/\/api.w.org\/{rel}","templated":true}]}}