{"id":28473,"date":"2021-10-22T12:18:15","date_gmt":"2021-10-22T09:18:15","guid":{"rendered":"https:\/\/hookahshop.lt\/?post_type=product&#038;p=28473"},"modified":"2026-04-22T23:29:24","modified_gmt":"2026-04-22T20:29:24","slug":"taurele-kaljanui-forma-hookah-phunnel-nerikomi","status":"publish","type":"product","link":"https:\/\/hookahshop.lt\/lv\/produkt\/kauss-udenspipe-forma-udenspipe-piltuve-nerikomi\/","title":{"rendered":"\u016adensp\u012bpes kr\u016bze FORMA HOOKAH Phunnel Nerikomi"},"content":{"rendered":"<h2>\u016adensp\u012bpes kr\u016bze FORMA HOOKAH Phunnel Nerikomi<\/h2>\n<p>\u016adensp\u012bpes kauss Forma Hookah Phunnel- bija paredz\u0113ts vieglai un \u0113rtai sm\u0113\u0137\u0113\u0161anai. Kr\u016bz\u012bte izskat\u0101s p\u0113c dab\u012bga marmora mot\u012bviem. \u0160\u012b kr\u016bze ir piem\u0113rota visu veidu mais\u012bjumiem. Mais\u012bjuma ietilp\u012bba ir aptuveni 17-22 grami.<\/p>\n<p><strong>Raksturojums:<\/strong><br \/>\nAugstums: 107 mm<br \/>\nDiametrs (\u0101r\u0113jais): 76 mm<br \/>\nDiametrs (iek\u0161\u0113jais): 69 mm<br \/>\nDzi\u013cums: 13 mm<br \/>\nCauruma diametrs: 10 mm<br \/>\nUrbumu skaits: 1 gab<br \/>\nSvars: apm\u0113ram 250 g.<\/p>\n<p>Vai jums ir k\u0101di jaut\u0101jumi? Sazinies ar mums\u00a0<a href=\"https:\/\/hookahshop.lt\/lv\/kontaktiem\/\">kontaktu lapa<\/a>\u00a0vai rakstiet mums pa e-pastu\u00a0<a href=\"https:\/\/facebook.com\/HookahShop.lt\/\" target=\"_blank\" rel=\"noopener noreferrer\">Facebook konts<\/a>\u00a0un m\u0113s atbild\u0113sim uz j\u016bsu piepras\u012bjumu taj\u0101 pa\u0161\u0101 dien\u0101.<\/p>","protected":false},"excerpt":{"rendered":"<p>\u016adensp\u012bpes kr\u016bze FORMA HOOKAH Phunnel Nerikomi \u016bdensp\u012bpes kr\u016bze Forma Hookah Phunnel - rad\u012bta vieglai un \u0113rtai sm\u0113\u0137\u0113\u0161anai. Kr\u016bz\u012bte izskat\u0101s p\u0113c dab\u012bga marmora mot\u012bviem. \u0160\u012b kr\u016bze ir piem\u0113rota visu veidu mais\u012bjumiem. Mais\u012bjuma ietilp\u012bba ir aptuveni 17-22 grami. Raksturlielumi: Augstums: 107 mm Diametrs (\u0101r\u0113jais): 76 mm Diametrs (iek\u0161\u0113jais): 69 mm Dzi\u013cums: 13 mm Cauruma diametrs: 10 mm Caurumi [\u2026]<\/p>","protected":false},"featured_media":28501,"comment_status":"open","ping_status":"closed","template":"","meta":[],"_links":{"self":[{"href":"https:\/\/hookahshop.lt\/lv\/wp-json\/wp\/v2\/product\/28473"}],"collection":[{"href":"https:\/\/hookahshop.lt\/lv\/wp-json\/wp\/v2\/product"}],"about":[{"href":"https:\/\/hookahshop.lt\/lv\/wp-json\/wp\/v2\/types\/product"}],"replies":[{"embeddable":true,"href":"https:\/\/hookahshop.lt\/lv\/wp-json\/wp\/v2\/comments?post=28473"}],"version-history":[{"count":5,"href":"https:\/\/hookahshop.lt\/lv\/wp-json\/wp\/v2\/product\/28473\/revisions"}],"predecessor-version":[{"id":28508,"href":"https:\/\/hookahshop.lt\/lv\/wp-json\/wp\/v2\/product\/28473\/revisions\/28508"}],"wp:featuredmedia":[{"embeddable":true,"href":"https:\/\/hookahshop.lt\/lv\/wp-json\/wp\/v2\/media\/28501"}],"wp:attachment":[{"href":"https:\/\/hookahshop.lt\/lv\/wp-json\/wp\/v2\/media?parent=28473"}],"curies":[{"name":"wp","href":"https:\/\/api.w.org\/{rel}","templated":true}]}}