{"id":28512,"date":"2021-10-22T15:44:05","date_gmt":"2021-10-22T12:44:05","guid":{"rendered":"https:\/\/hookahshop.lt\/?post_type=product&#038;p=28512"},"modified":"2026-05-14T23:29:18","modified_gmt":"2026-05-14T20:29:18","slug":"sakute-kaljano-tabakui-alpha-hookah-s","status":"publish","type":"product","link":"https:\/\/hookahshop.lt\/lv\/produkt\/sakute-udenspipe-tabaka-alfa-udenspipe-s\/","title":{"rendered":"\u016adensp\u012bpes tabakas dak\u0161a ALPHA HOOKAH S"},"content":{"rendered":"<h2>\u016adensp\u012bpes tabakas dak\u0161a ALPHA HOOKAH S<\/h2>\n<p>Iepakojiet perfektu kr\u016bzi ar t\u012br\u0101m rok\u0101m.<\/p>\n<p><strong>Specifik\u0101cija:<\/strong><br \/>\nMateri\u0101ls: ner\u016bs\u0113jo\u0161ais t\u0113rauds<br \/>\nGarums: 13,4 cm<br \/>\n\u0112rta forma<br \/>\nAtsl\u0113gu piekari\u0146a caurums<\/p>\n<p>Vai jums ir k\u0101di jaut\u0101jumi? Sazinies ar mums\u00a0<a href=\"https:\/\/hookahshop.lt\/lv\/kontaktiem\/\">kontaktu lapa<\/a>\u00a0vai rakstiet mums pa e-pastu\u00a0<a href=\"https:\/\/facebook.com\/HookahShop.lt\/\" target=\"_blank\" rel=\"noopener noreferrer\">Facebook konts<\/a>\u00a0un m\u0113s atbild\u0113sim uz j\u016bsu piepras\u012bjumu taj\u0101 pa\u0161\u0101 dien\u0101.<\/p>","protected":false},"excerpt":{"rendered":"<p>\u016adensp\u012bpe \u016adensp\u012bpe ALPHA HOOKAH S Iesai\u0146ojiet ide\u0101lo kr\u016bz\u012bti ar t\u012br\u0101m rok\u0101m. Specifik\u0101cija: Materi\u0101ls: ner\u016bs\u0113jo\u0161ais t\u0113rauds Garums: 13,4 cm \u0112rta forma Atsl\u0113gu \u0137\u0113des caurums Vai ir k\u0101di jaut\u0101jumi? Sazinieties ar mums kontaktu lap\u0101 vai rakstiet mums uz m\u016bsu Facebook kontu un m\u0113s atbild\u0113sim uz j\u016bsu piepras\u012bjumu taj\u0101 pa\u0161\u0101 dien\u0101.<\/p>","protected":false},"featured_media":28516,"comment_status":"open","ping_status":"closed","template":"","meta":[],"_links":{"self":[{"href":"https:\/\/hookahshop.lt\/lv\/wp-json\/wp\/v2\/product\/28512"}],"collection":[{"href":"https:\/\/hookahshop.lt\/lv\/wp-json\/wp\/v2\/product"}],"about":[{"href":"https:\/\/hookahshop.lt\/lv\/wp-json\/wp\/v2\/types\/product"}],"replies":[{"embeddable":true,"href":"https:\/\/hookahshop.lt\/lv\/wp-json\/wp\/v2\/comments?post=28512"}],"version-history":[{"count":3,"href":"https:\/\/hookahshop.lt\/lv\/wp-json\/wp\/v2\/product\/28512\/revisions"}],"predecessor-version":[{"id":41436,"href":"https:\/\/hookahshop.lt\/lv\/wp-json\/wp\/v2\/product\/28512\/revisions\/41436"}],"wp:featuredmedia":[{"embeddable":true,"href":"https:\/\/hookahshop.lt\/lv\/wp-json\/wp\/v2\/media\/28516"}],"wp:attachment":[{"href":"https:\/\/hookahshop.lt\/lv\/wp-json\/wp\/v2\/media?parent=28512"}],"curies":[{"name":"wp","href":"https:\/\/api.w.org\/{rel}","templated":true}]}}