{"id":28518,"date":"2021-10-22T15:51:13","date_gmt":"2021-10-22T12:51:13","guid":{"rendered":"https:\/\/hookahshop.lt\/?post_type=product&#038;p=28518"},"modified":"2026-04-19T23:29:15","modified_gmt":"2026-04-19T20:29:15","slug":"sakute-kaljano-tabakui-alpha-hookah-beat-vndl","status":"publish","type":"product","link":"https:\/\/hookahshop.lt\/lv\/produkt\/sakute-hookah-tobacco-alfa-udenspipe-beat-vndl\/","title":{"rendered":"\u016adensp\u012bpes tabakas dak\u0161a ALPHA HOOKAH Beat Vndl"},"content":{"rendered":"<h2>\u016adensp\u012bpes tabakas dak\u0161a ALPHA HOOKAH Beat Vndl<\/h2>\n<p>Iepakojiet perfektu kr\u016bzi ar t\u012br\u0101m rok\u0101m.<\/p>\n<p><strong>Specifik\u0101cija:<\/strong><br \/>\nMateri\u0101ls: ner\u016bs\u0113jo\u0161ais t\u0113rauds<br \/>\nGarums: 13,4 cm<br \/>\n\u0112rta forma<br \/>\nAtsl\u0113gu piekari\u0146a caurums<\/p>\n<p>Vai jums ir k\u0101di jaut\u0101jumi? Sazinies ar mums\u00a0<a href=\"https:\/\/hookahshop.lt\/lv\/kontaktiem\/\">kontaktu lapa<\/a>\u00a0vai rakstiet mums pa e-pastu\u00a0<a href=\"https:\/\/facebook.com\/HookahShop.lt\/\" target=\"_blank\" rel=\"noopener noreferrer\">Facebook konts<\/a>\u00a0un m\u0113s atbild\u0113sim uz j\u016bsu piepras\u012bjumu taj\u0101 pa\u0161\u0101 dien\u0101.<\/p>","protected":false},"excerpt":{"rendered":"<p>\u016adensp\u012bpe \u016adensp\u012bpe ALPHA HOOKAH Beat Vndl Iesai\u0146ojiet perfektu kr\u016bzi ar t\u012br\u0101m rok\u0101m. Specifik\u0101cija: Materi\u0101ls: ner\u016bs\u0113jo\u0161ais t\u0113rauds Garums: 13,4 cm \u0112rta forma Atsl\u0113gu \u0137\u0113des caurums Vai ir k\u0101di jaut\u0101jumi? Sazinieties ar mums kontaktu lap\u0101 vai rakstiet mums uz m\u016bsu Facebook kontu un m\u0113s atbild\u0113sim uz j\u016bsu piepras\u012bjumu taj\u0101 pa\u0161\u0101 dien\u0101.<\/p>","protected":false},"featured_media":28519,"comment_status":"open","ping_status":"closed","template":"","meta":[],"_links":{"self":[{"href":"https:\/\/hookahshop.lt\/lv\/wp-json\/wp\/v2\/product\/28518"}],"collection":[{"href":"https:\/\/hookahshop.lt\/lv\/wp-json\/wp\/v2\/product"}],"about":[{"href":"https:\/\/hookahshop.lt\/lv\/wp-json\/wp\/v2\/types\/product"}],"replies":[{"embeddable":true,"href":"https:\/\/hookahshop.lt\/lv\/wp-json\/wp\/v2\/comments?post=28518"}],"version-history":[{"count":6,"href":"https:\/\/hookahshop.lt\/lv\/wp-json\/wp\/v2\/product\/28518\/revisions"}],"predecessor-version":[{"id":43109,"href":"https:\/\/hookahshop.lt\/lv\/wp-json\/wp\/v2\/product\/28518\/revisions\/43109"}],"wp:featuredmedia":[{"embeddable":true,"href":"https:\/\/hookahshop.lt\/lv\/wp-json\/wp\/v2\/media\/28519"}],"wp:attachment":[{"href":"https:\/\/hookahshop.lt\/lv\/wp-json\/wp\/v2\/media?parent=28518"}],"curies":[{"name":"wp","href":"https:\/\/api.w.org\/{rel}","templated":true}]}}