{"id":28541,"date":"2021-10-22T17:18:43","date_gmt":"2021-10-22T14:18:43","guid":{"rendered":"https:\/\/hookahshop.lt\/?post_type=product&#038;p=28541"},"modified":"2026-04-18T23:29:05","modified_gmt":"2026-04-18T20:29:05","slug":"taurele-kaljanui-mexanika-smoke-phunnel","status":"publish","type":"product","link":"https:\/\/hookahshop.lt\/lv\/produkt\/kauss-udenspipe-mexanika-smoke-phunnel\/","title":{"rendered":"\u016adensp\u012bpes kr\u016bze MEXANIKA Smoke Phunnel Black"},"content":{"rendered":"<h2>\u016adensp\u012bpes kr\u016bze MEXANIKA Smoke Phunnel Black<\/h2>\n<p>Mexanika Smoke Phunnel \u016bdensp\u012bpes kauss ir izgatavots melnas piltuves veid\u0101 ar firmas met\u0101la gredzenu, kas pasarg\u0101 no \u0161\u0137el\u0161an\u0101s kritiena gad\u012bjum\u0101.<\/p>\n<p>Kauss Mexanika Smoke Phunnel ir izgatavots no da\u013c\u0113ji marmora un apdedzin\u0101ts 1200 gr\u0101du temperat\u016br\u0101. Gredzens ir izgatavots no ner\u016bs\u0113jo\u0161\u0101 t\u0113rauda AISI 304. Tabakas pat\u0113ri\u0146\u0161 ir aptuveni 19-24 grami.<\/p>\n<p><strong>Raksturojums:<\/strong><br \/>\nAugstums: 98 mm<br \/>\nDiametrs (\u0101r\u0113jais): 74 mm<br \/>\nDiametrs (iek\u0161\u0113jais): 66 mm<br \/>\nDzi\u013cums: 23 mm<br \/>\nCauruma diametrs: 14 mm<br \/>\nUrbumu skaits: 1 gab<br \/>\nSvars: apm\u0113ram 325 g.<\/p>\n<p>Vai jums ir k\u0101di jaut\u0101jumi? Sazinies ar mums\u00a0<a href=\"https:\/\/hookahshop.lt\/lv\/kontaktiem\/\">kontaktu lapa<\/a>\u00a0vai rakstiet mums pa e-pastu\u00a0<a href=\"https:\/\/facebook.com\/HookahShop.lt\/\" target=\"_blank\" rel=\"noopener noreferrer\">Facebook konts<\/a>\u00a0un m\u0113s atbild\u0113sim uz j\u016bsu piepras\u012bjumu taj\u0101 pa\u0161\u0101 dien\u0101.<\/p>","protected":false},"excerpt":{"rendered":"<p>\u016adensp\u012bpes kr\u016bze MEXANIKA Smoke Phunnel Black Mekanika Smoke Phunnel&quot; \u016bdensp\u012bpes kr\u016bze ir izgatavota melnas piltuves veid\u0101 ar firmas met\u0101la gredzenu, kas ne\u013cauj tai sapl\u012bst, kad t\u0101 nokr\u012bt. Mexanika Smoke Phunnel kr\u016bze ir izgatavota no pusmarmora, apdedzin\u0101ta 1200 gr\u0101du temperat\u016br\u0101. Gredzens ir izgatavots no ner\u016bs\u0113jo\u0161\u0101 t\u0113rauda AISI 304. Tabakas pat\u0113ri\u0146\u0161 ir aptuveni 19-24 grami. Raksturlielumi: Augstums: 98 mm Diametrs [\u2026]<\/p>","protected":false},"featured_media":28542,"comment_status":"open","ping_status":"closed","template":"","meta":[],"_links":{"self":[{"href":"https:\/\/hookahshop.lt\/lv\/wp-json\/wp\/v2\/product\/28541"}],"collection":[{"href":"https:\/\/hookahshop.lt\/lv\/wp-json\/wp\/v2\/product"}],"about":[{"href":"https:\/\/hookahshop.lt\/lv\/wp-json\/wp\/v2\/types\/product"}],"replies":[{"embeddable":true,"href":"https:\/\/hookahshop.lt\/lv\/wp-json\/wp\/v2\/comments?post=28541"}],"version-history":[{"count":5,"href":"https:\/\/hookahshop.lt\/lv\/wp-json\/wp\/v2\/product\/28541\/revisions"}],"predecessor-version":[{"id":31856,"href":"https:\/\/hookahshop.lt\/lv\/wp-json\/wp\/v2\/product\/28541\/revisions\/31856"}],"wp:featuredmedia":[{"embeddable":true,"href":"https:\/\/hookahshop.lt\/lv\/wp-json\/wp\/v2\/media\/28542"}],"wp:attachment":[{"href":"https:\/\/hookahshop.lt\/lv\/wp-json\/wp\/v2\/media?parent=28541"}],"curies":[{"name":"wp","href":"https:\/\/api.w.org\/{rel}","templated":true}]}}