{"id":28571,"date":"2021-10-22T20:34:57","date_gmt":"2021-10-22T17:34:57","guid":{"rendered":"https:\/\/hookahshop.lt\/?post_type=product&#038;p=28571"},"modified":"2026-04-17T16:33:17","modified_gmt":"2026-04-17T13:33:17","slug":"sakute-kaljano-tabakui-hoob-fork-stainless-steel","status":"publish","type":"product","link":"https:\/\/hookahshop.lt\/lv\/produkt\/sakute-udenspipe-tabakas-stipdaksa-nerusejosais-terauds\/","title":{"rendered":"\u0100\u0137is tabakas \u0101\u0137im HOOB Dak\u0161a Ner\u016bs\u0113jo\u0161ais t\u0113rauds"},"content":{"rendered":"<h2>\u0100\u0137is tabakas \u0101\u0137im HOOB Dak\u0161a Ner\u016bs\u0113jo\u0161ais t\u0113rauds<\/h2>\n<p>Iepakojiet perfektu kr\u016bzi ar t\u012br\u0101m rok\u0101m.<br \/>\n\u016adensp\u012bpes dak\u0161a ir izgatavota no 100% ner\u016bs\u0113jo\u0161\u0101 t\u0113rauda<\/p>\n<p>Garums: 14 cm<br \/>\n\u0112rta forma<br \/>\nAtsl\u0113gu piekari\u0146a caurums<\/p>\n<p>Vai jums ir k\u0101di jaut\u0101jumi? Sazinies ar mums\u00a0<a href=\"https:\/\/hookahshop.lt\/lv\/kontaktiem\/\">kontaktu lapa<\/a>\u00a0vai rakstiet mums pa e-pastu\u00a0<a href=\"https:\/\/facebook.com\/HookahShop.lt\/\" target=\"_blank\" rel=\"noopener noreferrer\">Facebook konts<\/a>\u00a0un m\u0113s atbild\u0113sim uz j\u016bsu piepras\u012bjumu taj\u0101 pa\u0161\u0101 dien\u0101.<\/p>\n<p>&nbsp;<\/p>","protected":false},"excerpt":{"rendered":"<p>Dak\u0161a \u016bdensp\u012bpes tabakai HOOB Dak\u0161a Ner\u016bs\u0113jo\u0161ais t\u0113rauds Iesai\u0146ojiet ide\u0101lu kr\u016bz\u012bti ar t\u012br\u0101m rok\u0101m. \u016adensp\u012bpes dak\u0161a ir izgatavota no 100% ner\u016bs\u0113jo\u0161\u0101 t\u0113rauda Garums: 14cm \u0112rta forma Atsl\u0113gu piekari\u0146a caurums Vai ir k\u0101di jaut\u0101jumi? Sazinieties ar mums kontaktu lap\u0101 vai rakstiet mums uz m\u016bsu Facebook kontu un m\u0113s atbild\u0113sim uz j\u016bsu piepras\u012bjumu taj\u0101 pa\u0161\u0101 dien\u0101. &nbsp;<\/p>","protected":false},"featured_media":28572,"comment_status":"open","ping_status":"closed","template":"","meta":[],"_links":{"self":[{"href":"https:\/\/hookahshop.lt\/lv\/wp-json\/wp\/v2\/product\/28571"}],"collection":[{"href":"https:\/\/hookahshop.lt\/lv\/wp-json\/wp\/v2\/product"}],"about":[{"href":"https:\/\/hookahshop.lt\/lv\/wp-json\/wp\/v2\/types\/product"}],"replies":[{"embeddable":true,"href":"https:\/\/hookahshop.lt\/lv\/wp-json\/wp\/v2\/comments?post=28571"}],"version-history":[{"count":4,"href":"https:\/\/hookahshop.lt\/lv\/wp-json\/wp\/v2\/product\/28571\/revisions"}],"predecessor-version":[{"id":29876,"href":"https:\/\/hookahshop.lt\/lv\/wp-json\/wp\/v2\/product\/28571\/revisions\/29876"}],"wp:featuredmedia":[{"embeddable":true,"href":"https:\/\/hookahshop.lt\/lv\/wp-json\/wp\/v2\/media\/28572"}],"wp:attachment":[{"href":"https:\/\/hookahshop.lt\/lv\/wp-json\/wp\/v2\/media?parent=28571"}],"curies":[{"name":"wp","href":"https:\/\/api.w.org\/{rel}","templated":true}]}}