{"id":28582,"date":"2021-10-22T21:31:16","date_gmt":"2021-10-22T18:31:16","guid":{"rendered":"https:\/\/hookahshop.lt\/?post_type=product&#038;p=28582"},"modified":"2026-04-14T23:29:09","modified_gmt":"2026-04-14T20:29:09","slug":"krepsys-kaljanui-hoob-cyber-mini","status":"publish","type":"product","link":"https:\/\/hookahshop.lt\/lv\/produkt\/grozi-for-udenspipe-hob-cyber-mini\/","title":{"rendered":"\u0100\u0137a soma HOOB Cyber Mini"},"content":{"rendered":"<h2>\u0100\u0137a soma HOOB Cyber Mini<\/h2>\n<p>Soma ar atstarojo\u0161u maisa virsmu ir paredz\u0113ta \u016bdensp\u012bpes, tabakas un mazu piederumu dro\u0161ai uzglab\u0101\u0161anai un n\u0113s\u0101\u0161anai.<\/p>\n<div class=\"product attribute overview\">Soma paredz\u0113ta \u016bdensp\u012bp\u0113m l\u012bdz 55 cm augstum\u0101.<\/div>\n<div class=\"product attribute overview\"><strong>Specifik\u0101cija:<\/strong><br \/>\nMateri\u0101ls: atstarojo\u0161s<br \/>\nTriecieniztur\u012bgas sienas<br \/>\nIzm\u0113ri: 35 x 50 cm<br \/>\nKiberdizains<\/div>\n<div><\/div>\n<div class=\"product attribute overview\">Vai jums ir k\u0101di jaut\u0101jumi? Sazinies ar mums\u00a0<a href=\"https:\/\/hookahshop.lt\/lv\/kontaktiem\/\">kontaktu lapa<\/a>\u00a0vai rakstiet mums pa e-pastu\u00a0<a href=\"https:\/\/facebook.com\/HookahShop.lt\/\" target=\"_blank\" rel=\"noopener noreferrer\">Facebook konts<\/a> un m\u0113s atbild\u0113sim uz j\u016bsu piepras\u012bjumu taj\u0101 pa\u0161\u0101 dien\u0101.<\/div>","protected":false},"excerpt":{"rendered":"<p>\u016adensp\u012bpes soma HOOB Cyber Mini Bag ar atstarojo\u0161u somas virsmu ir paredz\u0113ta \u016bdensp\u012bpes, tabakas un mazu aksesu\u0101ru dro\u0161ai uzglab\u0101\u0161anai un p\u0101rn\u0113s\u0101\u0161anai. Soma paredz\u0113ta \u016bdensp\u012bpei l\u012bdz 55 cm augstai. Specifik\u0101cija: Materi\u0101ls: Atstarojo\u0161as Triecieniztur\u012bgas sienas Izm\u0113ri: 35 x 50 cm Kiberdizaina jaut\u0101jumi? Sazinieties ar mums kontaktu lap\u0101 vai rakstiet mums uz m\u016bsu Facebook kontu un m\u0113s atbild\u0113sim [\u2026]<\/p>","protected":false},"featured_media":28583,"comment_status":"open","ping_status":"closed","template":"","meta":[],"_links":{"self":[{"href":"https:\/\/hookahshop.lt\/lv\/wp-json\/wp\/v2\/product\/28582"}],"collection":[{"href":"https:\/\/hookahshop.lt\/lv\/wp-json\/wp\/v2\/product"}],"about":[{"href":"https:\/\/hookahshop.lt\/lv\/wp-json\/wp\/v2\/types\/product"}],"replies":[{"embeddable":true,"href":"https:\/\/hookahshop.lt\/lv\/wp-json\/wp\/v2\/comments?post=28582"}],"version-history":[{"count":19,"href":"https:\/\/hookahshop.lt\/lv\/wp-json\/wp\/v2\/product\/28582\/revisions"}],"predecessor-version":[{"id":29592,"href":"https:\/\/hookahshop.lt\/lv\/wp-json\/wp\/v2\/product\/28582\/revisions\/29592"}],"wp:featuredmedia":[{"embeddable":true,"href":"https:\/\/hookahshop.lt\/lv\/wp-json\/wp\/v2\/media\/28583"}],"wp:attachment":[{"href":"https:\/\/hookahshop.lt\/lv\/wp-json\/wp\/v2\/media?parent=28582"}],"curies":[{"name":"wp","href":"https:\/\/api.w.org\/{rel}","templated":true}]}}