{"id":28595,"date":"2021-10-22T21:45:35","date_gmt":"2021-10-22T18:45:35","guid":{"rendered":"https:\/\/hookahshop.lt\/?post_type=product&#038;p=28595"},"modified":"2026-04-14T23:29:09","modified_gmt":"2026-04-14T20:29:09","slug":"krepsys-kaljanui-hoob-mini-black","status":"publish","type":"product","link":"https:\/\/hookahshop.lt\/lv\/produkt\/grozi-for-udenspipe-hoob-mini-melns\/","title":{"rendered":"\u0100\u0137a soma HOOB Mini Black"},"content":{"rendered":"<h2>\u0100\u0137a soma HOOB Mini Black<\/h2>\n<p>Soma ir paredz\u0113ta j\u016bsu \u016bdensp\u012bpes, tabakas un mazu piederumu dro\u0161ai uzglab\u0101\u0161anai un n\u0113s\u0101\u0161anai. Ar polster\u0113tu, vat\u0113tu neilona korpusu un iztur\u012bgu plecu siksnu.<br \/>\nSoma paredz\u0113ta \u016bdensp\u012bp\u0113m l\u012bdz 55 cm augstum\u0101.<\/p>\n<p>Specifik\u0101cija:<br \/>\nMateri\u0101ls: dab\u012bga \u0101da un materi\u0101ls<br \/>\nTriecieniztur\u012bgas sienas<br \/>\nIzm\u0113ri: 35 x 50 cm<br \/>\nKiberdizains<\/p>\n<p>Vai jums ir k\u0101di jaut\u0101jumi? Sazinies ar mums <a href=\"https:\/\/hookahshop.lt\/lv\/kontaktiem\/\">kontaktu lapa<\/a>\u00a0vai rakstiet mums pa e-pastu\u00a0<a href=\"https:\/\/facebook.com\/HookahShop.lt\/\" target=\"_blank\" rel=\"noopener noreferrer\">Facebook konts<\/a>\u00a0un m\u0113s atbild\u0113sim uz j\u016bsu piepras\u012bjumu taj\u0101 pa\u0161\u0101 dien\u0101.<\/p>","protected":false},"excerpt":{"rendered":"<p>\u016adensp\u012bpes soma HOOB Mini Black Soma ir paredz\u0113ta \u016bdensp\u012bpes, tabakas un mazu aksesu\u0101ru dro\u0161ai uzglab\u0101\u0161anai un p\u0101rn\u0113s\u0101\u0161anai. Ar polster\u0113tu, step\u0113tu neilona korpusu un iztur\u012bgu plecu siksnu. Soma paredz\u0113ta \u016bdensp\u012bpei l\u012bdz 55 cm augstai. Specifik\u0101cija: Materi\u0101ls: dab\u012bg\u0101 \u0101da un materi\u0101ls Triecieniztur\u012bgas sienas Izm\u0113ri: 35 x 50 cm Kiberdizains Jaut\u0101jumi? Sazinieties ar mums, izmantojot m\u016bsu kontaktinform\u0101ciju [\u2026]<\/p>","protected":false},"featured_media":28611,"comment_status":"open","ping_status":"closed","template":"","meta":[],"_links":{"self":[{"href":"https:\/\/hookahshop.lt\/lv\/wp-json\/wp\/v2\/product\/28595"}],"collection":[{"href":"https:\/\/hookahshop.lt\/lv\/wp-json\/wp\/v2\/product"}],"about":[{"href":"https:\/\/hookahshop.lt\/lv\/wp-json\/wp\/v2\/types\/product"}],"replies":[{"embeddable":true,"href":"https:\/\/hookahshop.lt\/lv\/wp-json\/wp\/v2\/comments?post=28595"}],"version-history":[{"count":12,"href":"https:\/\/hookahshop.lt\/lv\/wp-json\/wp\/v2\/product\/28595\/revisions"}],"predecessor-version":[{"id":29595,"href":"https:\/\/hookahshop.lt\/lv\/wp-json\/wp\/v2\/product\/28595\/revisions\/29595"}],"wp:featuredmedia":[{"embeddable":true,"href":"https:\/\/hookahshop.lt\/lv\/wp-json\/wp\/v2\/media\/28611"}],"wp:attachment":[{"href":"https:\/\/hookahshop.lt\/lv\/wp-json\/wp\/v2\/media?parent=28595"}],"curies":[{"name":"wp","href":"https:\/\/api.w.org\/{rel}","templated":true}]}}