{"id":28705,"date":"2021-10-25T15:15:46","date_gmt":"2021-10-25T12:15:46","guid":{"rendered":"https:\/\/hookahshop.lt\/?post_type=product&#038;p=28705"},"modified":"2026-04-17T23:29:26","modified_gmt":"2026-04-17T20:29:26","slug":"kandiklis-kaljanui-hoob-smpl-wenge","status":"publish","type":"product","link":"https:\/\/hookahshop.lt\/lv\/produkt\/iemuti-udenspipe-hoob-smpl-venge\/","title":{"rendered":"\u016adensp\u012bpes \u0101\u0137is HOOB SMPL Venge"},"content":{"rendered":"<h2>\u016adensp\u012bpes \u0101\u0137is HOOB SMPL Venge<\/h2>\n<p>Izgatavots no koka un ner\u016bs\u0113jo\u0161\u0101 t\u0113rauda ar uzga\u013ciem. Piem\u0113rots vis\u0101m silikona \u0161\u013c\u016bten\u0113m ar iek\u0161\u0113jo diametru 10-11mm.<\/p>\n<p><strong>Specifik\u0101cija:<\/strong><br \/>\nGarums: 30cm<br \/>\nMateri\u0101ls: ner\u016bs\u0113jo\u0161ais t\u0113rauds ar koka apdari<\/p>\n<p>Vai jums ir k\u0101di jaut\u0101jumi? Sazinies ar mums <a href=\"https:\/\/hookahshop.lt\/lv\/kontaktiem\/\">kontaktu lapa<\/a>\u00a0vai rakstiet mums pa e-pastu\u00a0<a href=\"https:\/\/facebook.com\/HookahShop.lt\/\" target=\"_blank\" rel=\"noopener noreferrer\">Facebook konts<\/a>\u00a0un m\u0113s atbild\u0113sim uz j\u016bsu piepras\u012bjumu taj\u0101 pa\u0161\u0101 dien\u0101.<\/p>","protected":false},"excerpt":{"rendered":"<p>\u016adensp\u012bpei HOOB SMPL Wenge iemuti Izgatavots no koka un ner\u016bs\u0113jo\u0161\u0101 t\u0113rauda uzga\u013ciem. Piem\u0113rots vis\u0101m silikona \u0161\u013c\u016bten\u0113m ar iek\u0161\u0113jo diametru 10-11mm. Specifik\u0101cija: Garums: 30cm Materi\u0101ls: Ner\u016bs\u0113jo\u0161ais t\u0113rauds ar koka apdari Vai ir k\u0101di jaut\u0101jumi? Sazinieties ar mums kontaktu lap\u0101 vai rakstiet mums Facebook, un m\u0113s atbild\u0113sim uz j\u016bsu piepras\u012bjumu taj\u0101 pa\u0161\u0101 dien\u0101.<\/p>","protected":false},"featured_media":28707,"comment_status":"open","ping_status":"closed","template":"","meta":[],"_links":{"self":[{"href":"https:\/\/hookahshop.lt\/lv\/wp-json\/wp\/v2\/product\/28705"}],"collection":[{"href":"https:\/\/hookahshop.lt\/lv\/wp-json\/wp\/v2\/product"}],"about":[{"href":"https:\/\/hookahshop.lt\/lv\/wp-json\/wp\/v2\/types\/product"}],"replies":[{"embeddable":true,"href":"https:\/\/hookahshop.lt\/lv\/wp-json\/wp\/v2\/comments?post=28705"}],"version-history":[{"count":5,"href":"https:\/\/hookahshop.lt\/lv\/wp-json\/wp\/v2\/product\/28705\/revisions"}],"predecessor-version":[{"id":32591,"href":"https:\/\/hookahshop.lt\/lv\/wp-json\/wp\/v2\/product\/28705\/revisions\/32591"}],"wp:featuredmedia":[{"embeddable":true,"href":"https:\/\/hookahshop.lt\/lv\/wp-json\/wp\/v2\/media\/28707"}],"wp:attachment":[{"href":"https:\/\/hookahshop.lt\/lv\/wp-json\/wp\/v2\/media?parent=28705"}],"curies":[{"name":"wp","href":"https:\/\/api.w.org\/{rel}","templated":true}]}}