{"id":28713,"date":"2021-10-25T15:23:16","date_gmt":"2021-10-25T12:23:16","guid":{"rendered":"https:\/\/hookahshop.lt\/?post_type=product&#038;p=28713"},"modified":"2026-04-18T23:28:53","modified_gmt":"2026-04-18T20:28:53","slug":"kandiklis-kaljanui-maklaud-skull","status":"publish","type":"product","link":"https:\/\/hookahshop.lt\/lv\/produkt\/iemutnis-udenspipe-maklads-galvaskauss\/","title":{"rendered":"\u016adensp\u012bpes iemutnis MAKLAUD Galvaskauss"},"content":{"rendered":"<h2>\u016adensp\u012bpes iemutnis MAKLAUD Galvaskauss<\/h2>\n<p>\u0160is ir ori\u0123in\u0101lais melnais alum\u012bnija iemutnis no Maklaud. Iemuts ir diezgan gar\u0161 un smags, rot\u0101ts ar misi\u0146a ieliktni. MAKLAUD iemutnis ir diezgan \u0113rts rok\u0101 un ir lieliski piem\u0113rots da\u017e\u0101d\u0101m \u016bdensp\u012bp\u0113m.<\/p>\n<p><strong>Raksturojums:<\/strong><br \/>\nIemutes garums: 403 mm<br \/>\nIemutes iek\u0161\u0113jais diametrs: 10mm<br \/>\nIeliktnis: galvaskauss (misi\u0146a materi\u0101ls)<br \/>\nSvars: apm\u0113ram 185 g.<\/p>\n<p>Vai jums ir k\u0101di jaut\u0101jumi? Sazinies ar mums <a href=\"https:\/\/hookahshop.lt\/lv\/kontaktiem\/\">kontaktu lapa<\/a>\u00a0vai rakstiet mums pa e-pastu\u00a0<a href=\"https:\/\/facebook.com\/HookahShop.lt\/\" target=\"_blank\" rel=\"noopener noreferrer\">Facebook konts<\/a>\u00a0un m\u0113s atbild\u0113sim uz j\u016bsu piepras\u012bjumu taj\u0101 pa\u0161\u0101 dien\u0101.<\/p>","protected":false},"excerpt":{"rendered":"<p>MAKLAUD \u016bdensp\u012bpes iemutnis Galvaskauss \u0160is ir ori\u0123in\u0101ls melns alum\u012bnija iemutnis no Maklaud. Iemutnis ir diezgan gar\u0161 un smags, dekor\u0113ts ar misi\u0146a ieliktni. MAKLAUD iemutnis ir diezgan \u0113rts rok\u0101 un ir lieliski piem\u0113rots da\u017e\u0101d\u0101m \u016bdensp\u012bp\u0113m. Raksturojums: Iemut\u0146a garums: 403 mm Iemut\u0146a iek\u0161\u0113jais diametrs: 10 mm Ieliktnis: Galvaskauss (misi\u0146a materi\u0101ls) Svars: aptuveni 185 g. Vai jums ir k\u0101di jaut\u0101jumi? Sazinieties ar mums [\u2026]<\/p>","protected":false},"featured_media":28821,"comment_status":"open","ping_status":"closed","template":"","meta":[],"_links":{"self":[{"href":"https:\/\/hookahshop.lt\/lv\/wp-json\/wp\/v2\/product\/28713"}],"collection":[{"href":"https:\/\/hookahshop.lt\/lv\/wp-json\/wp\/v2\/product"}],"about":[{"href":"https:\/\/hookahshop.lt\/lv\/wp-json\/wp\/v2\/types\/product"}],"replies":[{"embeddable":true,"href":"https:\/\/hookahshop.lt\/lv\/wp-json\/wp\/v2\/comments?post=28713"}],"version-history":[{"count":5,"href":"https:\/\/hookahshop.lt\/lv\/wp-json\/wp\/v2\/product\/28713\/revisions"}],"predecessor-version":[{"id":32798,"href":"https:\/\/hookahshop.lt\/lv\/wp-json\/wp\/v2\/product\/28713\/revisions\/32798"}],"wp:featuredmedia":[{"embeddable":true,"href":"https:\/\/hookahshop.lt\/lv\/wp-json\/wp\/v2\/media\/28821"}],"wp:attachment":[{"href":"https:\/\/hookahshop.lt\/lv\/wp-json\/wp\/v2\/media?parent=28713"}],"curies":[{"name":"wp","href":"https:\/\/api.w.org\/{rel}","templated":true}]}}