{"id":28724,"date":"2021-10-25T15:32:27","date_gmt":"2021-10-25T12:32:27","guid":{"rendered":"https:\/\/hookahshop.lt\/?post_type=product&#038;p=28724"},"modified":"2026-05-13T13:51:46","modified_gmt":"2026-05-13T10:51:46","slug":"kandiklis-kaljanui-maklaud-stainless-steel","status":"publish","type":"product","link":"https:\/\/hookahshop.lt\/lv\/produkt\/iemuti-for-udenspipe-maklaud-nerusejosa-terauda\/","title":{"rendered":"\u016adensp\u012bpes iemutnis MAKLAUD Ner\u016bs\u0113jo\u0161ais t\u0113rauds"},"content":{"rendered":"<h2>\u016adensp\u012bpes iemutnis MAKLAUD Ner\u016bs\u0113jo\u0161ais t\u0113rauds<\/h2>\n<p>\u0160is ir \u012bpa\u0161s ner\u016bs\u0113jo\u0161\u0101 t\u0113rauda iemutnis no Maklaud. Tas ir izgatavots \u012bpa\u0161\u0101 stil\u0101 ar \u0113rtu roktura da\u013cu, kas izgatavota no augstas kvalit\u0101tes \u0101das. Iemuts izskat\u0101s grezni, ir \u013coti \u0113rts rok\u0101 un ir lieliski piem\u0113rots da\u017e\u0101d\u0101m \u016bdensp\u012bp\u0113m.<\/p>\n<p><strong>Raksturojums:<\/strong><br \/>\nIemutes garums: 325 mm<br \/>\nIemutes iek\u0161\u0113jais diametrs: 9mm<br \/>\nSvars: apm\u0113ram 150 g<\/p>\n<p>Izcelsmes valsts: Krievija<\/p>\n<p>Vai jums ir k\u0101di jaut\u0101jumi? Sazinies ar mums <a href=\"https:\/\/hookahshop.lt\/lv\/kontaktiem\/\">kontaktu lapa<\/a>\u00a0vai rakstiet mums pa e-pastu\u00a0<a href=\"https:\/\/facebook.com\/HookahShop.lt\/\" target=\"_blank\" rel=\"noopener noreferrer\">Facebook konts<\/a>\u00a0un m\u0113s atbild\u0113sim uz j\u016bsu piepras\u012bjumu taj\u0101 pa\u0161\u0101 dien\u0101.<\/p>\n<p>&nbsp;<\/p>","protected":false},"excerpt":{"rendered":"<p>\u016adensp\u012bpes iemuti MAKLAUD Ner\u016bs\u0113jo\u0161ais t\u0113rauds \u0160is ir \u012bpa\u0161s iemutis, kas izgatavots no ner\u016bs\u0113jo\u0161\u0101 t\u0113rauda no Maklaud. Tas ir izgatavots \u012bpa\u0161\u0101 stil\u0101 ar \u0113rtu rokturi, kas izgatavots no augstas kvalit\u0101tes \u0101das. Iemuts izskat\u0101s grezni, ir \u013coti \u0113rts rok\u0101 un lieliski piem\u0113rots da\u017e\u0101d\u0101m \u016bdensp\u012bp\u0113m. Raksturojums: Izp\u016bt\u0113ja garums: 325 mm Izp\u016bt\u0113ja iek\u0161\u0113jais diametrs: 9mm Svars: apm\u0113ram 150 g Izcelsmes valsts: Krievija [...]<\/p>","protected":false},"featured_media":28725,"comment_status":"open","ping_status":"closed","template":"","meta":[],"_links":{"self":[{"href":"https:\/\/hookahshop.lt\/lv\/wp-json\/wp\/v2\/product\/28724"}],"collection":[{"href":"https:\/\/hookahshop.lt\/lv\/wp-json\/wp\/v2\/product"}],"about":[{"href":"https:\/\/hookahshop.lt\/lv\/wp-json\/wp\/v2\/types\/product"}],"replies":[{"embeddable":true,"href":"https:\/\/hookahshop.lt\/lv\/wp-json\/wp\/v2\/comments?post=28724"}],"version-history":[{"count":7,"href":"https:\/\/hookahshop.lt\/lv\/wp-json\/wp\/v2\/product\/28724\/revisions"}],"predecessor-version":[{"id":36453,"href":"https:\/\/hookahshop.lt\/lv\/wp-json\/wp\/v2\/product\/28724\/revisions\/36453"}],"wp:featuredmedia":[{"embeddable":true,"href":"https:\/\/hookahshop.lt\/lv\/wp-json\/wp\/v2\/media\/28725"}],"wp:attachment":[{"href":"https:\/\/hookahshop.lt\/lv\/wp-json\/wp\/v2\/media?parent=28724"}],"curies":[{"name":"wp","href":"https:\/\/api.w.org\/{rel}","templated":true}]}}