{"id":28731,"date":"2021-10-25T15:43:23","date_gmt":"2021-10-25T12:43:23","guid":{"rendered":"https:\/\/hookahshop.lt\/?post_type=product&#038;p=28731"},"modified":"2026-04-26T23:29:08","modified_gmt":"2026-04-26T20:29:08","slug":"kaljanas-y-k-a-p-eco-e2","status":"publish","type":"product","link":"https:\/\/hookahshop.lt\/lv\/produkt\/udenspipe-ykap-eco-e2\/","title":{"rendered":"\u016adensp\u012bpe YKAP Eco E2"},"content":{"rendered":"<h2>\u016adensp\u012bpe YKAP Eco E2<\/h2>\n<p>Jaun\u0101 \u016bdensp\u012bpe &quot;YKAP Eco E2&quot; no paz\u012bstam\u0101 Krievijas ra\u017eot\u0101ja - YKAP. \u0160\u012b ir augstas kvalit\u0101tes \u016bdensp\u012bpe, kas garant\u0113s pat\u012bkamu p\u0113r\u0161an\u0101s sesiju. \u016adensp\u012bpei ir viegla vilk\u0161ana.<\/p>\n<p><strong>Specifik\u0101cija:<\/strong><br \/>\nMateri\u0101ls (\u0101r\u0113js): anod\u0113ts alum\u012bnijs<br \/>\nMateri\u0101ls (iek\u0161\u0113jais): ner\u016bs\u0113jo\u0161ais t\u0113rauds (stabu apak\u0161da\u013ca saskaras ar \u016bdeni)<br \/>\nV\u0101rpstu (mastu) var piln\u012bb\u0101 izv\u0113l\u0113ties<br \/>\nSavienot\u0101js ar O-gredzenu<br \/>\nVertik\u0101l\u0101 d\u016bmu att\u012br\u012b\u0161ana<br \/>\nPl\u0101ksne (ner\u016bs\u0113jo\u0161\u0101 t\u0113rauda pulverkr\u0101sota)<br \/>\nV\u0101rpstas (k\u0101ta) augstums bez kolbas: 47 cm<br \/>\nV\u0101rpstas (masta) iek\u0161\u0113jais diametrs: 13 mm<br \/>\nDifuzors: J\u0101 (integr\u0113ts)<\/p>\n<p>&nbsp;<\/p>\n<p><strong>Apr\u012bkojums:<\/strong><\/p>\n<p>V\u0101rpsta (k\u0101ts), pl\u0101ksne, iemuts, silikona melna \u0161\u013c\u016btene, bl\u012bvju komplekts.<\/p>\n<p><img decoding=\"async\" loading=\"lazy\" class=\"alignnone size-medium wp-image-38521\" src=\"https:\/\/hookahshop.lt\/wp-content\/uploads\/2020\/09\/stiebas-zarna-kandiklis-1-300x273.jpg\" alt=\"- hookahshop.lt\" width=\"300\" height=\"273\" srcset=\"https:\/\/hookahshop.lt\/wp-content\/uploads\/2020\/09\/stiebas-zarna-kandiklis-1-300x273.jpg 300w, https:\/\/hookahshop.lt\/wp-content\/uploads\/2020\/09\/stiebas-zarna-kandiklis-1-13x12.jpg 13w, https:\/\/hookahshop.lt\/wp-content\/uploads\/2020\/09\/stiebas-zarna-kandiklis-1-64x58.jpg 64w, https:\/\/hookahshop.lt\/wp-content\/uploads\/2020\/09\/stiebas-zarna-kandiklis-1.jpg 420w\" sizes=\"(max-width: 300px) 100vw, 300px\" title=\"\"><\/p>\n<p>Vai jums ir k\u0101di jaut\u0101jumi? Sazinies ar mums <a href=\"https:\/\/hookahshop.lt\/lv\/kontaktiem\/\">kontaktu lapa<\/a>\u00a0vai rakstiet mums pa e-pastu\u00a0<a href=\"https:\/\/facebook.com\/HookahShop.lt\/\" target=\"_blank\" rel=\"noopener noreferrer\">Facebook konts<\/a>\u00a0un m\u0113s atbild\u0113sim uz j\u016bsu piepras\u012bjumu taj\u0101 pa\u0161\u0101 dien\u0101.<\/p>\n<p>&nbsp;<\/p>","protected":false},"excerpt":{"rendered":"<p>Kaljanas YKAP Eco E2 \u017dinomo gamintojo i\u0161 Rusijos &#8211; YKAP naujasis kaljanas &#8222;YKAP Eco E2&#8221;. Tai auk\u0161tos kokyb\u0117s kaljanas, kuris garantuos malon\u0173 seans\u0105. Kaljanas lengvos traukos. Specifikacija: Med\u017eiaga (i\u0161or\u0117s): anoduotas aliuminis Med\u017eiaga (vidaus): ner\u016bdyjan\u010dio plieno (Stiebo apatin\u0117 dalis kuri lie\u010diasi su vandeniu) \u0160achta (stiebas) pilnai i\u0161renkama Konektorius su O-ring Vertikalus d\u016bm\u0173 prap\u016btimas L\u0117k\u0161t\u0117 (ner\u016bdijan\u010dio pliento [&hellip;]<\/p>","protected":false},"featured_media":29965,"comment_status":"open","ping_status":"closed","template":"","meta":[],"_links":{"self":[{"href":"https:\/\/hookahshop.lt\/lv\/wp-json\/wp\/v2\/product\/28731"}],"collection":[{"href":"https:\/\/hookahshop.lt\/lv\/wp-json\/wp\/v2\/product"}],"about":[{"href":"https:\/\/hookahshop.lt\/lv\/wp-json\/wp\/v2\/types\/product"}],"replies":[{"embeddable":true,"href":"https:\/\/hookahshop.lt\/lv\/wp-json\/wp\/v2\/comments?post=28731"}],"version-history":[{"count":12,"href":"https:\/\/hookahshop.lt\/lv\/wp-json\/wp\/v2\/product\/28731\/revisions"}],"predecessor-version":[{"id":45182,"href":"https:\/\/hookahshop.lt\/lv\/wp-json\/wp\/v2\/product\/28731\/revisions\/45182"}],"wp:featuredmedia":[{"embeddable":true,"href":"https:\/\/hookahshop.lt\/lv\/wp-json\/wp\/v2\/media\/29965"}],"wp:attachment":[{"href":"https:\/\/hookahshop.lt\/lv\/wp-json\/wp\/v2\/media?parent=28731"}],"curies":[{"name":"wp","href":"https:\/\/api.w.org\/{rel}","templated":true}]}}