{"id":28756,"date":"2021-10-25T16:26:59","date_gmt":"2021-10-25T13:26:59","guid":{"rendered":"https:\/\/hookahshop.lt\/?post_type=product&#038;p=28756"},"modified":"2026-04-15T12:28:50","modified_gmt":"2026-04-15T09:28:50","slug":"kaljanas-embery-submono-h-black","status":"publish","type":"product","link":"https:\/\/hookahshop.lt\/lv\/produkt\/udenspipe-embery-submono-h-black\/","title":{"rendered":"\u016adensp\u012bpe Embery subMONO H Black"},"content":{"rendered":"<h2>\u016adensp\u012bpe Embery subMONO H Black<\/h2>\n<p>Paz\u012bstam\u0101 z\u012bmola &quot;Embery&quot; \u016bdensp\u012bpe, augsta kvalit\u0101te un ekskluz\u012bvs dizains. Meln\u0101 \u016bdensp\u012bpes apdare izce\u013c \u016bdensp\u012bpi, kas pie\u0161\u0137ir \u0161ai \u016bdensp\u012bpei v\u0113l liel\u0101ku \u0161armu.<\/p>\n<p><strong>Raksturojums:<\/strong><br \/>\nMateri\u0101ls: ner\u016bs\u0113jo\u0161ais t\u0113rauds un <span class=\"Y2IQFc\" lang=\"lt\">POM (p\u0101rtikas plastmasa)<\/span><br \/>\nAugstums: 485 mm<br \/>\nV\u0101rpstas (masta) diametrs: 13 mm<br \/>\nSvars: 850 g.<br \/>\n<span class=\"Y2IQFc\" lang=\"lt\">Kr\u0101sa melna<\/span><br \/>\nIzcelsmes valsts: Ukraina<\/p>\n<p><strong>Apr\u012bkojums:<\/strong><br \/>\nV\u0101rpsta (masts)<br \/>\nPlate<br \/>\nMutes iemutnis<br \/>\n\u0160\u013c\u016btene (silikona)<\/p>\n<p>Vai jums ir k\u0101di jaut\u0101jumi? Sazinies ar mums <a href=\"https:\/\/hookahshop.lt\/lv\/kontaktiem\/\">kontaktu lapa<\/a>\u00a0vai rakstiet mums pa e-pastu\u00a0<a href=\"https:\/\/facebook.com\/HookahShop.lt\/\" target=\"_blank\" rel=\"noopener noreferrer\">Facebook konts<\/a>\u00a0un m\u0113s atbild\u0113sim uz j\u016bsu piepras\u012bjumu taj\u0101 pa\u0161\u0101 dien\u0101.<\/p>","protected":false},"excerpt":{"rendered":"<p>\u016adensp\u012bpe Embery subMONO H Black Paz\u012bstam\u0101 z\u012bmola &quot;Embery&quot; \u016bdensp\u012bpe ar augstu kvalit\u0101ti un unik\u0101lu dizainu. Meln\u0101 \u016bdensp\u012bpes apdare padara to ekskluz\u012bvu, kas pie\u0161\u0137ir tai v\u0113l liel\u0101ku \u0161armu. Raksturojums: Materi\u0101ls: ner\u016bs\u0113jo\u0161ais t\u0113rauds un POM (p\u0101rtikas plastmasa) Augstums: 485 mm K\u0101ta diametrs: 13 mm Svars: 850 g Kr\u0101sa: melna Izcelsmes valsts: Ukraina Iepakojums: [\u2026]<\/p>","protected":false},"featured_media":28757,"comment_status":"open","ping_status":"closed","template":"","meta":[],"_links":{"self":[{"href":"https:\/\/hookahshop.lt\/lv\/wp-json\/wp\/v2\/product\/28756"}],"collection":[{"href":"https:\/\/hookahshop.lt\/lv\/wp-json\/wp\/v2\/product"}],"about":[{"href":"https:\/\/hookahshop.lt\/lv\/wp-json\/wp\/v2\/types\/product"}],"replies":[{"embeddable":true,"href":"https:\/\/hookahshop.lt\/lv\/wp-json\/wp\/v2\/comments?post=28756"}],"version-history":[{"count":8,"href":"https:\/\/hookahshop.lt\/lv\/wp-json\/wp\/v2\/product\/28756\/revisions"}],"predecessor-version":[{"id":29369,"href":"https:\/\/hookahshop.lt\/lv\/wp-json\/wp\/v2\/product\/28756\/revisions\/29369"}],"wp:featuredmedia":[{"embeddable":true,"href":"https:\/\/hookahshop.lt\/lv\/wp-json\/wp\/v2\/media\/28757"}],"wp:attachment":[{"href":"https:\/\/hookahshop.lt\/lv\/wp-json\/wp\/v2\/media?parent=28756"}],"curies":[{"name":"wp","href":"https:\/\/api.w.org\/{rel}","templated":true}]}}